{"id":20206,"date":"2025-09-05T13:48:48","date_gmt":"2025-09-05T11:48:48","guid":{"rendered":"https:\/\/store.astieks.com\/product\/zieher-balanced-whine-glass\/"},"modified":"2025-09-05T13:48:48","modified_gmt":"2025-09-05T11:48:48","slug":"zieher-balanced-whine-glass","status":"publish","type":"product","link":"https:\/\/store.astieks.com\/et\/product\/zieher-balanced-whine-glass\/","title":{"rendered":"ZIEHER BALANCEDveinipokaalid, 2 tk"},"content":{"rendered":"<p>T\u00e4iuslik klaas veinidele, mida nende tundliku struktuuri t\u00f5ttu ei dekanteerita, kuid mis vajavad siiski rohkelt \u00f5huga kokkupuudet. See kristall v\u00e4ljendab puhast koosk\u00f5la. Isegi ebak\u00f5laliste veinide puhul suudab see luua kontsentreeritud ja v\u00e4ga elegantse mulje. See klaas muudab veini terviklikuks aroomielamuseks, ilma liialdamata.   <\/p>\n","protected":false},"excerpt":{"rendered":"<p class=\"product-info-title-desktop hidden-xs hidden-sm\">Veinipokaal \u201eBalanced\u201c, VISION-seeria, soovitus: valgete ja punaste Burgundia veinide, suurep\u00e4raste Piemonte veinide, v\u00e4ga komplekssete kuid tundlike valgete ja punaste veinide, \u00fclimalt t\u00e4idlaste roosade veinide ning vanade aastak\u00e4ikude \u0161ampanja jaoks.<\/p>\n","protected":false},"featured_media":15764,"template":"","meta":{"_acf_changed":false},"product_brand":[654],"product_cat":[243,273,268,278],"product_tag":[],"class_list":{"0":"post-20206","1":"product","2":"type-product","3":"status-publish","4":"has-post-thumbnail","6":"product_brand-zieher","7":"product_cat-kingitused","8":"product_cat-klaasnoud","9":"product_cat-lauanoud","10":"product_cat-vein","11":"nt-post-class","12":"","18":"first","19":"outofstock","20":"taxable","21":"shipping-taxable","22":"purchasable","23":"product-type-simple"},"acf":[],"_links":{"self":[{"href":"https:\/\/store.astieks.com\/et\/wp-json\/wp\/v2\/product\/20206","targetHints":{"allow":["GET"]}}],"collection":[{"href":"https:\/\/store.astieks.com\/et\/wp-json\/wp\/v2\/product"}],"about":[{"href":"https:\/\/store.astieks.com\/et\/wp-json\/wp\/v2\/types\/product"}],"version-history":[{"count":0,"href":"https:\/\/store.astieks.com\/et\/wp-json\/wp\/v2\/product\/20206\/revisions"}],"wp:featuredmedia":[{"embeddable":true,"href":"https:\/\/store.astieks.com\/et\/wp-json\/wp\/v2\/media\/15764"}],"wp:attachment":[{"href":"https:\/\/store.astieks.com\/et\/wp-json\/wp\/v2\/media?parent=20206"}],"wp:term":[{"taxonomy":"product_brand","embeddable":true,"href":"https:\/\/store.astieks.com\/et\/wp-json\/wp\/v2\/product_brand?post=20206"},{"taxonomy":"product_cat","embeddable":true,"href":"https:\/\/store.astieks.com\/et\/wp-json\/wp\/v2\/product_cat?post=20206"},{"taxonomy":"product_tag","embeddable":true,"href":"https:\/\/store.astieks.com\/et\/wp-json\/wp\/v2\/product_tag?post=20206"}],"curies":[{"name":"wp","href":"https:\/\/api.w.org\/{rel}","templated":true}]}}