{"id":20205,"date":"2025-09-05T14:05:39","date_gmt":"2025-09-05T12:05:39","guid":{"rendered":"https:\/\/store.astieks.com\/product\/zieher-fresh-wine-glasses-2-pcs\/"},"modified":"2025-09-05T14:05:39","modified_gmt":"2025-09-05T12:05:39","slug":"zieher-fresh-wine-glasses-2-pcs","status":"publish","type":"product","link":"https:\/\/store.astieks.com\/et\/product\/zieher-fresh-wine-glasses-2-pcs\/","title":{"rendered":"ZIEHER FRESH veinipokaalid, 2 tk"},"content":{"rendered":"<p>\u201eFresh\u201c<br \/>\nKlaasi p\u00f5hjas olev mullipunkt tekitab vahuveinis peene t\u00f5usvate s\u00fcsinikdioksiidi mullide ahela.<\/p>\n<p>Selle klaasi lai ava v\u00f5imaldab vahuveinis sisalduval s\u00fcsinikdioksiidil \u00f5rnalt hajuda. See hoiab \u00e4ra olukorra, kus aroomitaju satub tugeva s\u00fcsihappegaasi kontsentratsiooni t\u00f5ttu \u00fclekoormuse alla, nagu sageli juhtub klassikaliste vahuveiniklaaside puhul. Klaas suunab aroomid suulael keskendunult, v\u00f5imaldades veinil v\u00e4ljendada oma erakordselt elavat, v\u00e4rskendavat ja kerget iseloomu. Maitset kandvate, v\u00e4rskelt happeliste struktuuride arengut soodustatakse ning buketi \u00fcksikud n\u00fcansid tuuakse selgelt esile.   <\/p>\n","protected":false},"excerpt":{"rendered":"<p class=\"product-info-title-desktop hidden-xs hidden-sm\">Veinipokaal \u201eFresh\u201c, VISION-seeria, soovitus: \u00fclimalt v\u00e4rskete valgete veinide, Prosecco v\u00f5i muude vahuveinide ning kergete roosade veinide jaoks.<\/p>\n","protected":false},"featured_media":15790,"template":"","meta":{"_acf_changed":false},"product_brand":[654],"product_cat":[243,268,275,278],"product_tag":[],"class_list":{"0":"post-20205","1":"product","2":"type-product","3":"status-publish","4":"has-post-thumbnail","6":"product_brand-zieher","7":"product_cat-kingitused","8":"product_cat-lauanoud","9":"product_cat-sampanja","10":"product_cat-vein","11":"nt-post-class","12":"","18":"first","19":"instock","20":"taxable","21":"shipping-taxable","22":"purchasable","23":"product-type-simple"},"acf":[],"_links":{"self":[{"href":"https:\/\/store.astieks.com\/et\/wp-json\/wp\/v2\/product\/20205","targetHints":{"allow":["GET"]}}],"collection":[{"href":"https:\/\/store.astieks.com\/et\/wp-json\/wp\/v2\/product"}],"about":[{"href":"https:\/\/store.astieks.com\/et\/wp-json\/wp\/v2\/types\/product"}],"version-history":[{"count":0,"href":"https:\/\/store.astieks.com\/et\/wp-json\/wp\/v2\/product\/20205\/revisions"}],"wp:featuredmedia":[{"embeddable":true,"href":"https:\/\/store.astieks.com\/et\/wp-json\/wp\/v2\/media\/15790"}],"wp:attachment":[{"href":"https:\/\/store.astieks.com\/et\/wp-json\/wp\/v2\/media?parent=20205"}],"wp:term":[{"taxonomy":"product_brand","embeddable":true,"href":"https:\/\/store.astieks.com\/et\/wp-json\/wp\/v2\/product_brand?post=20205"},{"taxonomy":"product_cat","embeddable":true,"href":"https:\/\/store.astieks.com\/et\/wp-json\/wp\/v2\/product_cat?post=20205"},{"taxonomy":"product_tag","embeddable":true,"href":"https:\/\/store.astieks.com\/et\/wp-json\/wp\/v2\/product_tag?post=20205"}],"curies":[{"name":"wp","href":"https:\/\/api.w.org\/{rel}","templated":true}]}}