{"id":20204,"date":"2025-09-05T14:19:23","date_gmt":"2025-09-05T12:19:23","guid":{"rendered":"https:\/\/store.astieks.com\/product\/zieher-straight-wine-glass-2-pcs\/"},"modified":"2025-09-05T14:19:23","modified_gmt":"2025-09-05T12:19:23","slug":"zieher-straight-wine-glass-2-pcs","status":"publish","type":"product","link":"https:\/\/store.astieks.com\/et\/product\/zieher-straight-wine-glass-2-pcs\/","title":{"rendered":"ZIEHER STRAIGHT veinipokaalid, 2 tk"},"content":{"rendered":"<p>\u201eStraight\u201c<br \/>\nSelles klaasis peegelduvad veini omadused harmooniliselt ja vahetult. Viinamarjasordi aroomi iseloom saab selgelt tajutavaks ja esitatud tagasihoidlikul viisil, mist\u00f5ttu sobib see klaas eriti h\u00e4sti autentsetele viinamarjasortidele nagu Riesling v\u00f5i Sauvignon Blanc. Kerged, aromaatsed punaveinid muutuvad puhtaks ja nauditavaks joogielamuseks.  <\/p>\n","protected":false},"excerpt":{"rendered":"<p class=\"product-info-title-desktop hidden-xs hidden-sm\">Veinipokaal \u201eStraight\u201c, VISION-seeria, soovitus: puhaste viinamarjasortide ning puuviljaste ja aromaatsete valgete ja punaste veinide jaoks.<\/p>\n","protected":false},"featured_media":15809,"template":"","meta":{"_acf_changed":false},"product_brand":[654],"product_cat":[243,273,268,278],"product_tag":[],"class_list":{"0":"post-20204","1":"product","2":"type-product","3":"status-publish","4":"has-post-thumbnail","6":"product_brand-zieher","7":"product_cat-kingitused","8":"product_cat-klaasnoud","9":"product_cat-lauanoud","10":"product_cat-vein","11":"nt-post-class","12":"","18":"first","19":"instock","20":"taxable","21":"shipping-taxable","22":"purchasable","23":"product-type-simple"},"acf":[],"_links":{"self":[{"href":"https:\/\/store.astieks.com\/et\/wp-json\/wp\/v2\/product\/20204","targetHints":{"allow":["GET"]}}],"collection":[{"href":"https:\/\/store.astieks.com\/et\/wp-json\/wp\/v2\/product"}],"about":[{"href":"https:\/\/store.astieks.com\/et\/wp-json\/wp\/v2\/types\/product"}],"version-history":[{"count":0,"href":"https:\/\/store.astieks.com\/et\/wp-json\/wp\/v2\/product\/20204\/revisions"}],"wp:featuredmedia":[{"embeddable":true,"href":"https:\/\/store.astieks.com\/et\/wp-json\/wp\/v2\/media\/15809"}],"wp:attachment":[{"href":"https:\/\/store.astieks.com\/et\/wp-json\/wp\/v2\/media?parent=20204"}],"wp:term":[{"taxonomy":"product_brand","embeddable":true,"href":"https:\/\/store.astieks.com\/et\/wp-json\/wp\/v2\/product_brand?post=20204"},{"taxonomy":"product_cat","embeddable":true,"href":"https:\/\/store.astieks.com\/et\/wp-json\/wp\/v2\/product_cat?post=20204"},{"taxonomy":"product_tag","embeddable":true,"href":"https:\/\/store.astieks.com\/et\/wp-json\/wp\/v2\/product_tag?post=20204"}],"curies":[{"name":"wp","href":"https:\/\/api.w.org\/{rel}","templated":true}]}}