{"id":20203,"date":"2025-09-05T14:36:03","date_gmt":"2025-09-05T12:36:03","guid":{"rendered":"https:\/\/store.astieks.com\/product\/15816\/"},"modified":"2025-09-05T14:36:03","modified_gmt":"2025-09-05T12:36:03","slug":"15816","status":"publish","type":"product","link":"https:\/\/store.astieks.com\/et\/product\/15816\/","title":{"rendered":"ZIEHER INTENSE veinipokaalid, 2 tk"},"content":{"rendered":"<p>\u201eIntense\u201c<br \/>\nSelle klaasi kitsenev kael intensiivistab aroomimolekule, mis suunatakse klaasist v\u00e4lja. Happesus on harmooniliselt seotud puuviljase buketiga ning t\u00e4iendab t\u00e4idlast \u00fcldmuljet. Klaas tagab intensiivse oks\u00fcdeerumise, mist\u00f5ttu sobib see ideaalselt veinidele, mida saab dekanteerida v\u00f5i serveerida karahvinis.  <\/p>\n","protected":false},"excerpt":{"rendered":"<p class=\"product-info-title-desktop hidden-xs hidden-sm\">Veinipokaal \u201eIntense\u201c, VISION-seeria, soovitus: suure arengupotentsiaaliga ja v\u00f5imsatele valgetele ning punastele veinidele, maal\u00e4hedastele ja happelistele valgetele ja punastele veinidele ning noortele ja keskealistele Bordeaux\u2019 veinidele.<\/p>\n","protected":false},"featured_media":15824,"template":"","meta":{"_acf_changed":false},"product_brand":[654],"product_cat":[243,273,268,278],"product_tag":[],"class_list":{"0":"post-20203","1":"product","2":"type-product","3":"status-publish","4":"has-post-thumbnail","6":"product_brand-zieher","7":"product_cat-kingitused","8":"product_cat-klaasnoud","9":"product_cat-lauanoud","10":"product_cat-vein","11":"nt-post-class","12":"","18":"first","19":"instock","20":"taxable","21":"shipping-taxable","22":"purchasable","23":"product-type-simple"},"acf":[],"_links":{"self":[{"href":"https:\/\/store.astieks.com\/et\/wp-json\/wp\/v2\/product\/20203","targetHints":{"allow":["GET"]}}],"collection":[{"href":"https:\/\/store.astieks.com\/et\/wp-json\/wp\/v2\/product"}],"about":[{"href":"https:\/\/store.astieks.com\/et\/wp-json\/wp\/v2\/types\/product"}],"version-history":[{"count":0,"href":"https:\/\/store.astieks.com\/et\/wp-json\/wp\/v2\/product\/20203\/revisions"}],"wp:featuredmedia":[{"embeddable":true,"href":"https:\/\/store.astieks.com\/et\/wp-json\/wp\/v2\/media\/15824"}],"wp:attachment":[{"href":"https:\/\/store.astieks.com\/et\/wp-json\/wp\/v2\/media?parent=20203"}],"wp:term":[{"taxonomy":"product_brand","embeddable":true,"href":"https:\/\/store.astieks.com\/et\/wp-json\/wp\/v2\/product_brand?post=20203"},{"taxonomy":"product_cat","embeddable":true,"href":"https:\/\/store.astieks.com\/et\/wp-json\/wp\/v2\/product_cat?post=20203"},{"taxonomy":"product_tag","embeddable":true,"href":"https:\/\/store.astieks.com\/et\/wp-json\/wp\/v2\/product_tag?post=20203"}],"curies":[{"name":"wp","href":"https:\/\/api.w.org\/{rel}","templated":true}]}}