{"id":20202,"date":"2025-09-05T14:52:58","date_gmt":"2025-09-05T12:52:58","guid":{"rendered":"https:\/\/store.astieks.com\/product\/zieher-decanter-doppio\/"},"modified":"2025-09-05T14:52:58","modified_gmt":"2025-09-05T12:52:58","slug":"zieher-decanter-doppio","status":"publish","type":"product","link":"https:\/\/store.astieks.com\/et\/product\/zieher-decanter-doppio\/","title":{"rendered":"ZIEHER DOPPIO veinidekanter"},"content":{"rendered":"<p>\u201eDoppio\u201c dekantris l\u00e4bib vein justkui kaheastmelise protsessi, mis t\u00f5mbab t\u00e4helepanu ja loob \u00fcllatava visuaalse efekti. Geomeetriline siluett ja minimalistlik disain m\u00f5juvad peaaegu tehniliselt ning suunavad pilgu sisemusse, sest selle erakordse disaini kogu v\u00f5lu avaldub alles t\u00e4idetuna. Juba valamise k\u00e4igus tekivad k\u00f6itvad visuaalsed efektid, kui vein jaotub \u201eDoppio\u201c dekantri kahele tasandile. Tekib mulje, justkui vein h\u00f5ljuks.   <\/p>\n<p>Lisaks veini loomulikule voolamisele, mis jaotub m\u00f6\u00f6da dekantri sisepinda kahele tasandile, on kaheks tasandiks jaotamisel ka v\u00e4ga soodne m\u00f5ju veini arengule. Jaotus loob oluliselt suurema veini kokkupuutepinna, samas kui see v\u00f5tab laual suhteliselt v\u00e4he ruumi, maksimeerides v\u00f5imalikku hapnikuga kokkupuudet. Jaotus s\u00e4ilib ka valamisel, nii et kaskaadne vool tekitab \u201ekoseefekti\u201c, mis suurendab veini \u00f5hustamist t\u00e4iendava keerlemise kaudu.  <\/p>\n<p>\u201eDoppio\u201c on hoolikalt k\u00e4sitsi valmistatud kvaliteetsest borosilikaatklaasist, mis on vastupidav ja kergesti puhastatav. Dekantri ideaalne t\u00e4itemaht on 0,75 liitrit, et saavutada maksimaalne kokkupuude hapnikuga ning k\u00f5ige kaunimad visuaalsed efektid. <\/p>\n","protected":false},"excerpt":{"rendered":"<p class=\"product-info-title-desktop hidden-xs hidden-sm\">Veinidekanter \u201eDoppio\u201c, soovitus: \u201eDoppio\u201c dekantris l\u00e4bib vein kaheastmelise protsessi. Jaotus kahele tasandile avaldab v\u00e4ga soodsat m\u00f5ju veini arengule, kuna see loob oluliselt suurema veini kokkupuutepinna. <\/p>\n","protected":false},"featured_media":15827,"template":"","meta":{"_acf_changed":false},"product_brand":[654],"product_cat":[243,273,268,278],"product_tag":[],"class_list":{"0":"post-20202","1":"product","2":"type-product","3":"status-publish","4":"has-post-thumbnail","6":"product_brand-zieher","7":"product_cat-kingitused","8":"product_cat-klaasnoud","9":"product_cat-lauanoud","10":"product_cat-vein","11":"nt-post-class","12":"","18":"first","19":"instock","20":"taxable","21":"shipping-taxable","22":"purchasable","23":"product-type-simple"},"acf":[],"_links":{"self":[{"href":"https:\/\/store.astieks.com\/et\/wp-json\/wp\/v2\/product\/20202","targetHints":{"allow":["GET"]}}],"collection":[{"href":"https:\/\/store.astieks.com\/et\/wp-json\/wp\/v2\/product"}],"about":[{"href":"https:\/\/store.astieks.com\/et\/wp-json\/wp\/v2\/types\/product"}],"version-history":[{"count":0,"href":"https:\/\/store.astieks.com\/et\/wp-json\/wp\/v2\/product\/20202\/revisions"}],"wp:featuredmedia":[{"embeddable":true,"href":"https:\/\/store.astieks.com\/et\/wp-json\/wp\/v2\/media\/15827"}],"wp:attachment":[{"href":"https:\/\/store.astieks.com\/et\/wp-json\/wp\/v2\/media?parent=20202"}],"wp:term":[{"taxonomy":"product_brand","embeddable":true,"href":"https:\/\/store.astieks.com\/et\/wp-json\/wp\/v2\/product_brand?post=20202"},{"taxonomy":"product_cat","embeddable":true,"href":"https:\/\/store.astieks.com\/et\/wp-json\/wp\/v2\/product_cat?post=20202"},{"taxonomy":"product_tag","embeddable":true,"href":"https:\/\/store.astieks.com\/et\/wp-json\/wp\/v2\/product_tag?post=20202"}],"curies":[{"name":"wp","href":"https:\/\/api.w.org\/{rel}","templated":true}]}}