{"id":20201,"date":"2025-09-05T15:02:59","date_gmt":"2025-09-05T13:02:59","guid":{"rendered":"https:\/\/store.astieks.com\/product\/zieher-drying-rack-drypod\/"},"modified":"2025-09-05T15:02:59","modified_gmt":"2025-09-05T13:02:59","slug":"zieher-drying-rack-drypod","status":"publish","type":"product","link":"https:\/\/store.astieks.com\/et\/product\/zieher-drying-rack-drypod\/","title":{"rendered":"ZIEHER Drying Rack DRYPOD kuivati\/kuivatusrest"},"content":{"rendered":"<p>Sellel elegantsel alusel saab k\u00f5iki ZIEHER veinidekantereid p\u00e4rast puhastamist h\u00f5lpsasti tagurpidi kuivatada. J\u00e4relej\u00e4\u00e4nud niiskus koguneb alusele. Seej\u00e4rel saab alust kasutada ka dekantrite turvaliseks ja stiilseks hoiustamiseks.  <\/p>\n<p>Kasuliku t\u00f6\u00f6riista loomine, millel on k\u00f5rged esteetilised n\u00f5udmised \u2013 see oli \u201eDryPod\u201c arendamise idee. Harjatud roostevabast terasest valmistatud tugev alus, mis on PVD-t\u00f6\u00f6tlusega viimistletud kas mustas v\u00f5i messingitoonis, moodustab selle vormika toote p\u00f5hiosa. T\u00e4pselt sobituv tilgakogumisalus, mis on valmistatud l\u00e4bipaistvast vaigust, on paigutatud aluse sisse ning selle antratsiithall toon sobitub m\u00f5lema variandiga.  <\/p>\n<p>Funktsioon<br \/>\nPeamiselt on \u201eDryPod\u201c dekantrite kuivatusrest. Geomeetria on valitud nii, et k\u00f5ik ZIEHER dekantrid saab sellele turvaliselt paigutada. Lisaks suurematele mudelitele nagu \u201eStar\u201c, \u201eDoppio\u201c, \u201eEddy\u201c ja \u201ePebble\u201c (vasakult paremale) sobib see ka m\u00f5nede t\u00fc\u00fcpide v\u00e4iksematele versioonidele ning paljudele teistele klassikalise vormiga dekantritele. Tilgakogumisalus kogub kindlalt alla tilkuva vee ning on puhastamiseks h\u00f5lpsasti eemaldatav.   <\/p>\n<p>Ka p\u00e4rast kuivatamist saab k\u00f5iki ZIEHER dekantereid \u201eDryPodis\u201c kenasti hoiustada. Olgu see vitriinis v\u00f5i riiulil \u2013 dekanter on v\u00e4\u00e4rika aluse peal stiilselt esitatud. Allapoole suunatud ava aitab v\u00e4ltida mustuse lihtsat sattumist dekantrisse.  <\/p>\n","protected":false},"excerpt":{"rendered":"<p class=\"product-info-title-desktop hidden-xs hidden-sm\">Kuivatusrest \u201eDryPod\u201c must, soovitus: sellel elegantsel alusel saab k\u00f5iki ZIEHER veinidekantereid p\u00e4rast puhastamist h\u00f5lpsasti tagurpidi kuivatada.<\/p>\n","protected":false},"featured_media":15846,"template":"","meta":{"_acf_changed":false},"product_brand":[654],"product_cat":[268,278],"product_tag":[],"class_list":{"0":"post-20201","1":"product","2":"type-product","3":"status-publish","4":"has-post-thumbnail","6":"product_brand-zieher","7":"product_cat-lauanoud","8":"product_cat-vein","9":"nt-post-class","10":"","16":"first","17":"instock","18":"taxable","19":"shipping-taxable","20":"purchasable","21":"product-type-simple"},"acf":[],"_links":{"self":[{"href":"https:\/\/store.astieks.com\/et\/wp-json\/wp\/v2\/product\/20201","targetHints":{"allow":["GET"]}}],"collection":[{"href":"https:\/\/store.astieks.com\/et\/wp-json\/wp\/v2\/product"}],"about":[{"href":"https:\/\/store.astieks.com\/et\/wp-json\/wp\/v2\/types\/product"}],"version-history":[{"count":0,"href":"https:\/\/store.astieks.com\/et\/wp-json\/wp\/v2\/product\/20201\/revisions"}],"wp:featuredmedia":[{"embeddable":true,"href":"https:\/\/store.astieks.com\/et\/wp-json\/wp\/v2\/media\/15846"}],"wp:attachment":[{"href":"https:\/\/store.astieks.com\/et\/wp-json\/wp\/v2\/media?parent=20201"}],"wp:term":[{"taxonomy":"product_brand","embeddable":true,"href":"https:\/\/store.astieks.com\/et\/wp-json\/wp\/v2\/product_brand?post=20201"},{"taxonomy":"product_cat","embeddable":true,"href":"https:\/\/store.astieks.com\/et\/wp-json\/wp\/v2\/product_cat?post=20201"},{"taxonomy":"product_tag","embeddable":true,"href":"https:\/\/store.astieks.com\/et\/wp-json\/wp\/v2\/product_tag?post=20201"}],"curies":[{"name":"wp","href":"https:\/\/api.w.org\/{rel}","templated":true}]}}