{"id":20200,"date":"2025-09-05T15:16:43","date_gmt":"2025-09-05T13:16:43","guid":{"rendered":"https:\/\/store.astieks.com\/product\/zieher-side-glass\/"},"modified":"2025-09-05T15:16:43","modified_gmt":"2025-09-05T13:16:43","slug":"zieher-side-glass","status":"publish","type":"product","link":"https:\/\/store.astieks.com\/et\/product\/zieher-side-glass\/","title":{"rendered":"ZIEHER SIDE Glass 2 pcs"},"content":{"rendered":"<p>\u201eSide\u201c, VISION-seeria<br \/>\nT\u00e4iendades veinipokaalide sarja, on see klaas maitsekas kaaslane gaseeritud mineraalvee ja karastusjookide stiilseks serveerimiseks. S\u00fcsinikdioksiid on tasakaalustatud ning peente allikate happed ja mineraalid j\u00f5uavad keelele ja suulaele v\u00e4rskendavalt, ilma pealet\u00fckkivuseta. <\/p>\n","protected":false},"excerpt":{"rendered":"<p class=\"product-info-title-desktop hidden-xs hidden-sm\">&#8220;Side&#8221;, Vision-series, for carbonated mineral water and soft drinks, 2 pieces set<\/p>\n","protected":false},"featured_media":15871,"template":"","meta":{"_acf_changed":false},"product_brand":[654],"product_cat":[243,273,268,278],"product_tag":[],"class_list":{"0":"post-20200","1":"product","2":"type-product","3":"status-publish","4":"has-post-thumbnail","6":"product_brand-zieher","7":"product_cat-kingitused","8":"product_cat-klaasnoud","9":"product_cat-lauanoud","10":"product_cat-vein","11":"nt-post-class","12":"","18":"first","19":"instock","20":"taxable","21":"shipping-taxable","22":"purchasable","23":"product-type-simple"},"acf":[],"_links":{"self":[{"href":"https:\/\/store.astieks.com\/et\/wp-json\/wp\/v2\/product\/20200","targetHints":{"allow":["GET"]}}],"collection":[{"href":"https:\/\/store.astieks.com\/et\/wp-json\/wp\/v2\/product"}],"about":[{"href":"https:\/\/store.astieks.com\/et\/wp-json\/wp\/v2\/types\/product"}],"version-history":[{"count":0,"href":"https:\/\/store.astieks.com\/et\/wp-json\/wp\/v2\/product\/20200\/revisions"}],"wp:featuredmedia":[{"embeddable":true,"href":"https:\/\/store.astieks.com\/et\/wp-json\/wp\/v2\/media\/15871"}],"wp:attachment":[{"href":"https:\/\/store.astieks.com\/et\/wp-json\/wp\/v2\/media?parent=20200"}],"wp:term":[{"taxonomy":"product_brand","embeddable":true,"href":"https:\/\/store.astieks.com\/et\/wp-json\/wp\/v2\/product_brand?post=20200"},{"taxonomy":"product_cat","embeddable":true,"href":"https:\/\/store.astieks.com\/et\/wp-json\/wp\/v2\/product_cat?post=20200"},{"taxonomy":"product_tag","embeddable":true,"href":"https:\/\/store.astieks.com\/et\/wp-json\/wp\/v2\/product_tag?post=20200"}],"curies":[{"name":"wp","href":"https:\/\/api.w.org\/{rel}","templated":true}]}}