{"id":20199,"date":"2025-09-05T15:25:29","date_gmt":"2025-09-05T13:25:29","guid":{"rendered":"https:\/\/store.astieks.com\/product\/zieher-rich-wine-glass-2-pcs\/"},"modified":"2025-09-05T15:25:29","modified_gmt":"2025-09-05T13:25:29","slug":"zieher-rich-wine-glass-2-pcs","status":"publish","type":"product","link":"https:\/\/store.astieks.com\/et\/product\/zieher-rich-wine-glass-2-pcs\/","title":{"rendered":"ZIEHER Rich veinipokaalid, 2 tk"},"content":{"rendered":"<p>Klaas enamikule t\u00e4idlastele v\u00f5i k\u00f5rge alkoholisisaldusega jookidele. V\u00e4ike serveerimispind tagab, et vein v\u00f5i br\u00e4ndi ei muutu liialt kontsentreerituks, v\u00f5imaldades raskemate aroomikomponentide peenet tasakaalustatud avanemist. Klaasi kitsas ava ei lase ninal liiga s\u00fcgavale ulatuda, v\u00e4ltides l\u00f5hnataju limaskestade liigset kokkupuudet alkoholiga.  <\/p>\n<p>\u201eRich\u201c, VISION-seeria<br \/>\nkangestatud, magusate ja dessertveinide ning erinevat t\u00fc\u00fcpi destilleeritud jookide jaoks<\/p>\n","protected":false},"excerpt":{"rendered":"<p class=\"product-info-title-desktop hidden-xs hidden-sm\">Veinipokaal \u201eRich\u201c, VISION-seeria, 2 tk komplekt, soovitus: kangestatud, magusate ja dessertveinide ning erinevat t\u00fc\u00fcpi destilleeritud jookide jaoks<\/p>\n","protected":false},"featured_media":15879,"template":"","meta":{"_acf_changed":false},"product_brand":[654],"product_cat":[243,273,268,278],"product_tag":[],"class_list":{"0":"post-20199","1":"product","2":"type-product","3":"status-publish","4":"has-post-thumbnail","6":"product_brand-zieher","7":"product_cat-kingitused","8":"product_cat-klaasnoud","9":"product_cat-lauanoud","10":"product_cat-vein","11":"nt-post-class","12":"","18":"first","19":"instock","20":"taxable","21":"shipping-taxable","22":"purchasable","23":"product-type-simple"},"acf":[],"_links":{"self":[{"href":"https:\/\/store.astieks.com\/et\/wp-json\/wp\/v2\/product\/20199","targetHints":{"allow":["GET"]}}],"collection":[{"href":"https:\/\/store.astieks.com\/et\/wp-json\/wp\/v2\/product"}],"about":[{"href":"https:\/\/store.astieks.com\/et\/wp-json\/wp\/v2\/types\/product"}],"version-history":[{"count":0,"href":"https:\/\/store.astieks.com\/et\/wp-json\/wp\/v2\/product\/20199\/revisions"}],"wp:featuredmedia":[{"embeddable":true,"href":"https:\/\/store.astieks.com\/et\/wp-json\/wp\/v2\/media\/15879"}],"wp:attachment":[{"href":"https:\/\/store.astieks.com\/et\/wp-json\/wp\/v2\/media?parent=20199"}],"wp:term":[{"taxonomy":"product_brand","embeddable":true,"href":"https:\/\/store.astieks.com\/et\/wp-json\/wp\/v2\/product_brand?post=20199"},{"taxonomy":"product_cat","embeddable":true,"href":"https:\/\/store.astieks.com\/et\/wp-json\/wp\/v2\/product_cat?post=20199"},{"taxonomy":"product_tag","embeddable":true,"href":"https:\/\/store.astieks.com\/et\/wp-json\/wp\/v2\/product_tag?post=20199"}],"curies":[{"name":"wp","href":"https:\/\/api.w.org\/{rel}","templated":true}]}}