{"id":20198,"date":"2025-09-05T15:38:28","date_gmt":"2025-09-05T13:38:28","guid":{"rendered":"https:\/\/store.astieks.com\/product\/zieher-nostalgic-cocktails-or-food-glass-2-pcs\/"},"modified":"2025-09-05T15:38:28","modified_gmt":"2025-09-05T13:38:28","slug":"zieher-nostalgic-cocktails-or-food-glass-2-pcs","status":"publish","type":"product","link":"https:\/\/store.astieks.com\/et\/product\/zieher-nostalgic-cocktails-or-food-glass-2-pcs\/","title":{"rendered":"ZIEHER Nostalgic kokteil- v\u00f5i toiduklaasid, 2 tk"},"content":{"rendered":"<p>Lai pokaal sobib suurep\u00e4raselt loovate kokteilide, efektsete eelroogade v\u00f5i peente magustoitude stiilseks serveerimiseks. Koos SIDE-seeriaga on see ideaalne ka puhta vee serveerimiseks, v\u00f5imaldades lihtsasti eristada kahte erinevat veet\u00fc\u00fcpi. <\/p>\n<p>\u201eNostalgic\u201c, VISION-seeria<br \/>\nkokteilide jaoks v\u00f5i toiduklaasina<\/p>\n","protected":false},"excerpt":{"rendered":"<p class=\"product-info-title-desktop hidden-xs hidden-sm\">\u201eNostalgic\u201c, VISION-seeria, soovitus: kokteilide serveerimiseks v\u00f5i toiduklaasina.<\/p>\n","protected":false},"featured_media":15895,"template":"","meta":{"_acf_changed":false},"product_brand":[654],"product_cat":[243,273,268,278],"product_tag":[],"class_list":{"0":"post-20198","1":"product","2":"type-product","3":"status-publish","4":"has-post-thumbnail","6":"product_brand-zieher","7":"product_cat-kingitused","8":"product_cat-klaasnoud","9":"product_cat-lauanoud","10":"product_cat-vein","11":"nt-post-class","12":"","18":"first","19":"instock","20":"taxable","21":"shipping-taxable","22":"purchasable","23":"product-type-simple"},"acf":[],"_links":{"self":[{"href":"https:\/\/store.astieks.com\/et\/wp-json\/wp\/v2\/product\/20198","targetHints":{"allow":["GET"]}}],"collection":[{"href":"https:\/\/store.astieks.com\/et\/wp-json\/wp\/v2\/product"}],"about":[{"href":"https:\/\/store.astieks.com\/et\/wp-json\/wp\/v2\/types\/product"}],"version-history":[{"count":0,"href":"https:\/\/store.astieks.com\/et\/wp-json\/wp\/v2\/product\/20198\/revisions"}],"wp:featuredmedia":[{"embeddable":true,"href":"https:\/\/store.astieks.com\/et\/wp-json\/wp\/v2\/media\/15895"}],"wp:attachment":[{"href":"https:\/\/store.astieks.com\/et\/wp-json\/wp\/v2\/media?parent=20198"}],"wp:term":[{"taxonomy":"product_brand","embeddable":true,"href":"https:\/\/store.astieks.com\/et\/wp-json\/wp\/v2\/product_brand?post=20198"},{"taxonomy":"product_cat","embeddable":true,"href":"https:\/\/store.astieks.com\/et\/wp-json\/wp\/v2\/product_cat?post=20198"},{"taxonomy":"product_tag","embeddable":true,"href":"https:\/\/store.astieks.com\/et\/wp-json\/wp\/v2\/product_tag?post=20198"}],"curies":[{"name":"wp","href":"https:\/\/api.w.org\/{rel}","templated":true}]}}