{"id":20191,"date":"2025-09-05T15:54:27","date_gmt":"2025-09-05T13:54:27","guid":{"rendered":"https:\/\/store.astieks.com\/product\/zieher-pebble-decanter\/"},"modified":"2025-09-05T15:54:27","modified_gmt":"2025-09-05T13:54:27","slug":"zieher-pebble-decanter","status":"publish","type":"product","link":"https:\/\/store.astieks.com\/et\/product\/zieher-pebble-decanter\/","title":{"rendered":"ZIEHER PEBBLE dekanter"},"content":{"rendered":"<p><span style=\"font-weight: 400;\">\u201ePebble\u201c on valmistatud k\u00f5rgekvaliteetsest pliivabast kristallklaasist. T\u00e4itmata dekanter paistab silma just klaasi enda s\u00e4ra ja sellest tulenevate valguspeegeldustega. Need tooted on suupuhutud ning valmistatud suurep\u00e4rase k\u00e4sit\u00f6\u00f6oskusega. Klaasipuhujate tundlikkus ja pikaajaline kogemus ilmnevad eriti p\u00f5hja kujunduses, mis on mahukas ning jaotatud kolme kumeraks segmendiks.   <\/span><br style=\"font-weight: 400;\"><span style=\"font-weight: 400;\"> <\/span><br style=\"font-weight: 400;\"><span style=\"font-weight: 400;\">Dekanteri t\u00e4itmisel voolab vein kaela kuju t\u00f5ttu m\u00f6\u00f6da kogu sisepinda, mis suurendab veini kokkupuutepinda \u00f5huga ning aitab kaasa selle \u00f5hustamisele. P\u00f5hja kolm kumerust panevad valatud veini t\u00e4iendavalt liikuma ja keerlema, mis tagab \u00f5rna, kuid v\u00e4ga t\u00f5husa \u00f5hustamise. Seda efekti saab veelgi tugevdada, kui t\u00e4idetud dekantrit ettevaatlikult liigutada v\u00f5i p\u00f6\u00f6rata. Lisaks\u2026   <\/span><br style=\"font-weight: 400;\"><span style=\"font-weight: 400;\">Kolm p\u00f5hjas olevat kumerust tagavad stabiilse ja kindla, ilma k\u00f5ikuvuseta asetuse. Kaela diagonaalne l\u00f5ige ning toored servad on t\u00e4pselt poleeritud, mis v\u00e4hendab tilkade tekkimist valamisel. Valikuline massiivsest roostevabast terasest kuivatusrest lihtsustab dekantrite kuivatamist p\u00e4rast loputamist. Libisemiskindlad kummist katted tagavad turvalise ja kindla asendi.   <\/span><\/p>\n","protected":false},"excerpt":{"rendered":"<p class=\"product-info-title-desktop hidden-xs hidden-sm\">Dekanter \u201ePebble\u201c, soovitus: dekanteri t\u00e4itmisel voolab vein kaela kuju t\u00f5ttu m\u00f6\u00f6da kogu sisepinda, mis suurendab veini kokkupuutepinda \u00f5huga ning aitab kaasa selle \u00f5hustamisele.<\/p>\n","protected":false},"featured_media":15926,"template":"","meta":{"_acf_changed":false},"product_brand":[654],"product_cat":[243,273,268,278],"product_tag":[],"class_list":{"0":"post-20191","1":"product","2":"type-product","3":"status-publish","4":"has-post-thumbnail","6":"product_brand-zieher","7":"product_cat-kingitused","8":"product_cat-klaasnoud","9":"product_cat-lauanoud","10":"product_cat-vein","11":"nt-post-class","12":"","18":"first","19":"instock","20":"taxable","21":"shipping-taxable","22":"purchasable","23":"product-type-simple"},"acf":[],"_links":{"self":[{"href":"https:\/\/store.astieks.com\/et\/wp-json\/wp\/v2\/product\/20191","targetHints":{"allow":["GET"]}}],"collection":[{"href":"https:\/\/store.astieks.com\/et\/wp-json\/wp\/v2\/product"}],"about":[{"href":"https:\/\/store.astieks.com\/et\/wp-json\/wp\/v2\/types\/product"}],"version-history":[{"count":0,"href":"https:\/\/store.astieks.com\/et\/wp-json\/wp\/v2\/product\/20191\/revisions"}],"wp:featuredmedia":[{"embeddable":true,"href":"https:\/\/store.astieks.com\/et\/wp-json\/wp\/v2\/media\/15926"}],"wp:attachment":[{"href":"https:\/\/store.astieks.com\/et\/wp-json\/wp\/v2\/media?parent=20191"}],"wp:term":[{"taxonomy":"product_brand","embeddable":true,"href":"https:\/\/store.astieks.com\/et\/wp-json\/wp\/v2\/product_brand?post=20191"},{"taxonomy":"product_cat","embeddable":true,"href":"https:\/\/store.astieks.com\/et\/wp-json\/wp\/v2\/product_cat?post=20191"},{"taxonomy":"product_tag","embeddable":true,"href":"https:\/\/store.astieks.com\/et\/wp-json\/wp\/v2\/product_tag?post=20191"}],"curies":[{"name":"wp","href":"https:\/\/api.w.org\/{rel}","templated":true}]}}