{"id":20190,"date":"2025-09-11T15:33:05","date_gmt":"2025-09-11T13:33:05","guid":{"rendered":"https:\/\/store.astieks.com\/product\/vista-alegre-chartres-ballon\/"},"modified":"2026-03-23T18:38:55","modified_gmt":"2026-03-23T16:38:55","slug":"vista-alegre-chartres-ballon","status":"publish","type":"product","link":"https:\/\/store.astieks.com\/et\/product\/vista-alegre-chartres-ballon\/","title":{"rendered":"VISTA ALEGRE Chartres Konjakiklaas"},"content":{"rendered":"","protected":false},"excerpt":{"rendered":"<p>Chartres\u2019i sari p\u00f5hineb klassikalisel stiilil, mis on inspireeritud gooti katedraalidest. Erakordse dekoratiivse rikkusega lihvitud k\u00e4sit\u00f6\u00f6 r\u00f5hutab kristalli s\u00e4ra. <\/p>\n","protected":false},"featured_media":19790,"template":"","meta":{"_acf_changed":false},"product_brand":[494],"product_cat":[243,273,700,268],"product_tag":[],"class_list":{"0":"post-20190","1":"product","2":"type-product","3":"status-publish","4":"has-post-thumbnail","6":"product_brand-vista-alegre-et","7":"product_cat-kingitused","8":"product_cat-klaasnoud","9":"product_cat-konjak","10":"product_cat-lauanoud","11":"nt-post-class","12":"","18":"first","19":"instock","20":"taxable","21":"shipping-taxable","22":"purchasable","23":"product-type-simple"},"acf":[],"_links":{"self":[{"href":"https:\/\/store.astieks.com\/et\/wp-json\/wp\/v2\/product\/20190","targetHints":{"allow":["GET"]}}],"collection":[{"href":"https:\/\/store.astieks.com\/et\/wp-json\/wp\/v2\/product"}],"about":[{"href":"https:\/\/store.astieks.com\/et\/wp-json\/wp\/v2\/types\/product"}],"version-history":[{"count":1,"href":"https:\/\/store.astieks.com\/et\/wp-json\/wp\/v2\/product\/20190\/revisions"}],"predecessor-version":[{"id":20244,"href":"https:\/\/store.astieks.com\/et\/wp-json\/wp\/v2\/product\/20190\/revisions\/20244"}],"wp:featuredmedia":[{"embeddable":true,"href":"https:\/\/store.astieks.com\/et\/wp-json\/wp\/v2\/media\/19790"}],"wp:attachment":[{"href":"https:\/\/store.astieks.com\/et\/wp-json\/wp\/v2\/media?parent=20190"}],"wp:term":[{"taxonomy":"product_brand","embeddable":true,"href":"https:\/\/store.astieks.com\/et\/wp-json\/wp\/v2\/product_brand?post=20190"},{"taxonomy":"product_cat","embeddable":true,"href":"https:\/\/store.astieks.com\/et\/wp-json\/wp\/v2\/product_cat?post=20190"},{"taxonomy":"product_tag","embeddable":true,"href":"https:\/\/store.astieks.com\/et\/wp-json\/wp\/v2\/product_tag?post=20190"}],"curies":[{"name":"wp","href":"https:\/\/api.w.org\/{rel}","templated":true}]}}