{"id":20187,"date":"2025-09-11T15:48:28","date_gmt":"2025-09-11T13:48:28","guid":{"rendered":"https:\/\/store.astieks.com\/product\/vista-alegre-fantasy-ballon\/"},"modified":"2026-03-23T18:37:55","modified_gmt":"2026-03-23T16:37:55","slug":"vista-alegre-fantasy-ballon","status":"publish","type":"product","link":"https:\/\/store.astieks.com\/et\/product\/vista-alegre-fantasy-ballon\/","title":{"rendered":"VISTA ALEGRE Fantasy Konjakiklaas"},"content":{"rendered":"","protected":false},"excerpt":{"rendered":"<p>Fantasy Konjakiklaas. Kristall v\u00f5lgneb oma ilu oma s\u00e4ra ja l\u00e4bipaistvuse t\u00f5ttu. <\/p>\n","protected":false},"featured_media":19781,"template":"","meta":{"_acf_changed":false},"product_brand":[494],"product_cat":[243,273,700,268],"product_tag":[],"class_list":{"0":"post-20187","1":"product","2":"type-product","3":"status-publish","4":"has-post-thumbnail","6":"product_brand-vista-alegre-et","7":"product_cat-kingitused","8":"product_cat-klaasnoud","9":"product_cat-konjak","10":"product_cat-lauanoud","11":"nt-post-class","12":"","18":"first","19":"instock","20":"taxable","21":"shipping-taxable","22":"purchasable","23":"product-type-simple"},"acf":[],"_links":{"self":[{"href":"https:\/\/store.astieks.com\/et\/wp-json\/wp\/v2\/product\/20187","targetHints":{"allow":["GET"]}}],"collection":[{"href":"https:\/\/store.astieks.com\/et\/wp-json\/wp\/v2\/product"}],"about":[{"href":"https:\/\/store.astieks.com\/et\/wp-json\/wp\/v2\/types\/product"}],"version-history":[{"count":1,"href":"https:\/\/store.astieks.com\/et\/wp-json\/wp\/v2\/product\/20187\/revisions"}],"predecessor-version":[{"id":20188,"href":"https:\/\/store.astieks.com\/et\/wp-json\/wp\/v2\/product\/20187\/revisions\/20188"}],"wp:featuredmedia":[{"embeddable":true,"href":"https:\/\/store.astieks.com\/et\/wp-json\/wp\/v2\/media\/19781"}],"wp:attachment":[{"href":"https:\/\/store.astieks.com\/et\/wp-json\/wp\/v2\/media?parent=20187"}],"wp:term":[{"taxonomy":"product_brand","embeddable":true,"href":"https:\/\/store.astieks.com\/et\/wp-json\/wp\/v2\/product_brand?post=20187"},{"taxonomy":"product_cat","embeddable":true,"href":"https:\/\/store.astieks.com\/et\/wp-json\/wp\/v2\/product_cat?post=20187"},{"taxonomy":"product_tag","embeddable":true,"href":"https:\/\/store.astieks.com\/et\/wp-json\/wp\/v2\/product_tag?post=20187"}],"curies":[{"name":"wp","href":"https:\/\/api.w.org\/{rel}","templated":true}]}}