{"id":20176,"date":"2025-09-16T12:52:12","date_gmt":"2025-09-16T10:52:12","guid":{"rendered":"https:\/\/store.astieks.com\/product\/vista-alegre-bicos-incolor-pitcher\/"},"modified":"2026-03-23T18:04:46","modified_gmt":"2026-03-23T16:04:46","slug":"vista-alegre-bicos-incolor-pitcher","status":"publish","type":"product","link":"https:\/\/store.astieks.com\/et\/product\/vista-alegre-bicos-incolor-pitcher\/","title":{"rendered":"VISTA ALEGRE Bicos kann, l\u00e4bipaistev"},"content":{"rendered":"","protected":false},"excerpt":{"rendered":"<p><b>\u00dcle kantud t\u00e4nap\u00e4eva.<\/b><\/p>\n<p>Esimene teadaolev viide nendele klaasidele, mida tuntakse nime all \u201ebiquinhos\u201c (ogad), p\u00e4rineb Nova F\u00e1brica de Vidros Marinha Grande kataloogist aastast 1901.<br \/>Selline klaasit\u00fc\u00fcp, mis kuulub teemantl\u00f5ike traditsiooni, toodeti 19. sajandil k\u00e4sitsi l\u00f5ikamise tehnikate abil. <\/p>\n<p>Hiljem hakati seda komplekti tootma pressmeetodil, mida kasutatakse t\u00e4nap\u00e4evani. On huvitav, et 20. sajandi esimesel veerandil peeti seda vanamoodsaks, kuid t\u00e4nap\u00e4eval on see taas v\u00e4ga moes. <\/p>\n","protected":false},"featured_media":16622,"template":"","meta":{"_acf_changed":false},"product_brand":[494],"product_cat":[243,273,268],"product_tag":[],"class_list":{"0":"post-20176","1":"product","2":"type-product","3":"status-publish","4":"has-post-thumbnail","6":"product_brand-vista-alegre-et","7":"product_cat-kingitused","8":"product_cat-klaasnoud","9":"product_cat-lauanoud","10":"nt-post-class","11":"","17":"first","18":"instock","19":"taxable","20":"shipping-taxable","21":"purchasable","22":"product-type-simple"},"acf":[],"_links":{"self":[{"href":"https:\/\/store.astieks.com\/et\/wp-json\/wp\/v2\/product\/20176","targetHints":{"allow":["GET"]}}],"collection":[{"href":"https:\/\/store.astieks.com\/et\/wp-json\/wp\/v2\/product"}],"about":[{"href":"https:\/\/store.astieks.com\/et\/wp-json\/wp\/v2\/types\/product"}],"version-history":[{"count":1,"href":"https:\/\/store.astieks.com\/et\/wp-json\/wp\/v2\/product\/20176\/revisions"}],"predecessor-version":[{"id":20216,"href":"https:\/\/store.astieks.com\/et\/wp-json\/wp\/v2\/product\/20176\/revisions\/20216"}],"wp:featuredmedia":[{"embeddable":true,"href":"https:\/\/store.astieks.com\/et\/wp-json\/wp\/v2\/media\/16622"}],"wp:attachment":[{"href":"https:\/\/store.astieks.com\/et\/wp-json\/wp\/v2\/media?parent=20176"}],"wp:term":[{"taxonomy":"product_brand","embeddable":true,"href":"https:\/\/store.astieks.com\/et\/wp-json\/wp\/v2\/product_brand?post=20176"},{"taxonomy":"product_cat","embeddable":true,"href":"https:\/\/store.astieks.com\/et\/wp-json\/wp\/v2\/product_cat?post=20176"},{"taxonomy":"product_tag","embeddable":true,"href":"https:\/\/store.astieks.com\/et\/wp-json\/wp\/v2\/product_tag?post=20176"}],"curies":[{"name":"wp","href":"https:\/\/api.w.org\/{rel}","templated":true}]}}