{"id":20161,"date":"2025-09-16T13:38:00","date_gmt":"2025-09-16T11:38:00","guid":{"rendered":"https:\/\/store.astieks.com\/product\/vista-alegre-blooming-large-vase\/"},"modified":"2025-09-16T13:38:00","modified_gmt":"2025-09-16T11:38:00","slug":"vista-alegre-blooming-large-vase","status":"publish","type":"product","link":"https:\/\/store.astieks.com\/et\/product\/vista-alegre-blooming-large-vase\/","title":{"rendered":"VISTA ALEGRE Blooming Suur Vaas"},"content":{"rendered":"<p>Suur vaas Blooming.<br \/>Blooming on \u00f5rn looming, mille autor on Indoneesia disainer Carissa Sant\u00f6so, inspireerituna looduslikest elementidest. <\/p>\n","protected":false},"excerpt":{"rendered":"<p>Blooming on \u00f5rn looming, mille autor on Indoneesia disainer Carissa Sant\u00f6so, inspireerituna looduslikest elementidest.<br \/>Inspiratsiooni sai ta ka kaubam\u00e4rgi ajaloolisse kollektsiooni kuuluva vaasi kaanest, mille p\u00f5hjal l\u00f5i ta \u00f5rna, naiseliku ja ajatu kollektsiooni. P\u00e4rast meisterlikku k\u00e4sitsi modelleerimist kasvas joonistustest v\u00e4lja orgaaniline ja funktsionaalne kollektsioon.  <\/p>\n<header><span style=\"font-size: 16px;\">Carissa Sant\u00f6so s\u00fcndis 1986. aastal Indoneesias. Lisaks kodumaale on ta elanud ka Austraalias, kus ta \u00f5ppis, Hispaanias ning viimati Portugalis, kus liitus Vista Alegre IDPool kunstiprojektiga.<br \/>Tal on t\u00f6\u00f6stus- ja tootedisaini kraad ning magistrikraad European Design Labist. Ta on t\u00f6\u00f6tanud Studio 42 sisekujundusettev\u00f5ttes ning vabakutselisena teinud koost\u00f6\u00f6d stuudiotega nagu Haynon, Sigga Heimis, Doshi Levien ja Pedrita.<br \/>Sant\u00f6so valmistab k\u00f5ikide oma t\u00f6\u00f6de materjalid k\u00e4sitsi, p\u00f6\u00f6rates suurt t\u00e4helepanu detailidele.   <\/span><\/header>\n","protected":false},"featured_media":16667,"template":"","meta":{"_acf_changed":false},"product_brand":[494],"product_cat":[243,238,637,283],"product_tag":[],"class_list":{"0":"post-20161","1":"product","2":"type-product","3":"status-publish","4":"has-post-thumbnail","6":"product_brand-vista-alegre-et","7":"product_cat-kingitused","8":"product_cat-kodu-kaunistused","9":"product_cat-portselan","10":"product_cat-vaasid","11":"nt-post-class","12":"","18":"first","19":"instock","20":"taxable","21":"shipping-taxable","22":"purchasable","23":"product-type-simple"},"acf":[],"_links":{"self":[{"href":"https:\/\/store.astieks.com\/et\/wp-json\/wp\/v2\/product\/20161","targetHints":{"allow":["GET"]}}],"collection":[{"href":"https:\/\/store.astieks.com\/et\/wp-json\/wp\/v2\/product"}],"about":[{"href":"https:\/\/store.astieks.com\/et\/wp-json\/wp\/v2\/types\/product"}],"version-history":[{"count":0,"href":"https:\/\/store.astieks.com\/et\/wp-json\/wp\/v2\/product\/20161\/revisions"}],"wp:featuredmedia":[{"embeddable":true,"href":"https:\/\/store.astieks.com\/et\/wp-json\/wp\/v2\/media\/16667"}],"wp:attachment":[{"href":"https:\/\/store.astieks.com\/et\/wp-json\/wp\/v2\/media?parent=20161"}],"wp:term":[{"taxonomy":"product_brand","embeddable":true,"href":"https:\/\/store.astieks.com\/et\/wp-json\/wp\/v2\/product_brand?post=20161"},{"taxonomy":"product_cat","embeddable":true,"href":"https:\/\/store.astieks.com\/et\/wp-json\/wp\/v2\/product_cat?post=20161"},{"taxonomy":"product_tag","embeddable":true,"href":"https:\/\/store.astieks.com\/et\/wp-json\/wp\/v2\/product_tag?post=20161"}],"curies":[{"name":"wp","href":"https:\/\/api.w.org\/{rel}","templated":true}]}}