{"id":20146,"date":"2025-09-16T15:53:55","date_gmt":"2025-09-16T13:53:55","guid":{"rendered":"https:\/\/store.astieks.com\/product\/vista-alegre-exotica-case-with-centrepiece\/"},"modified":"2026-03-23T18:36:32","modified_gmt":"2026-03-23T16:36:32","slug":"vista-alegre-exotica-case-with-centrepiece","status":"publish","type":"product","link":"https:\/\/store.astieks.com\/et\/product\/vista-alegre-exotica-case-with-centrepiece\/","title":{"rendered":"VISTA ALEGRE Ex\u00f3tica Dekoratiivne roog"},"content":{"rendered":"","protected":false},"excerpt":{"rendered":"<p>Geomeetriliste joonte ja teemantis\u00e4ra kombinatsioon.<\/p>\n<p>Ex\u00f3tica (Exotic) esitleb as\u00fcmmeetriliste joonte kooslust, millel on intensiivne teemantisarnane s\u00e4ra, mis ei j\u00e4ta kedagi \u00fcksk\u00f5ikseks.<br \/>Disain: Hugo Amado. <\/p>\n","protected":false},"featured_media":16709,"template":"","meta":{"_acf_changed":false},"product_brand":[494],"product_cat":[479,243,273,238,268],"product_tag":[],"class_list":{"0":"post-20146","1":"product","2":"type-product","3":"status-publish","4":"has-post-thumbnail","6":"product_brand-vista-alegre-et","7":"product_cat-kauss","8":"product_cat-kingitused","9":"product_cat-klaasnoud","10":"product_cat-kodu-kaunistused","11":"product_cat-lauanoud","12":"nt-post-class","13":"","19":"first","20":"instock","21":"taxable","22":"shipping-taxable","23":"purchasable","24":"product-type-simple"},"acf":[],"_links":{"self":[{"href":"https:\/\/store.astieks.com\/et\/wp-json\/wp\/v2\/product\/20146","targetHints":{"allow":["GET"]}}],"collection":[{"href":"https:\/\/store.astieks.com\/et\/wp-json\/wp\/v2\/product"}],"about":[{"href":"https:\/\/store.astieks.com\/et\/wp-json\/wp\/v2\/types\/product"}],"version-history":[{"count":1,"href":"https:\/\/store.astieks.com\/et\/wp-json\/wp\/v2\/product\/20146\/revisions"}],"predecessor-version":[{"id":20243,"href":"https:\/\/store.astieks.com\/et\/wp-json\/wp\/v2\/product\/20146\/revisions\/20243"}],"wp:featuredmedia":[{"embeddable":true,"href":"https:\/\/store.astieks.com\/et\/wp-json\/wp\/v2\/media\/16709"}],"wp:attachment":[{"href":"https:\/\/store.astieks.com\/et\/wp-json\/wp\/v2\/media?parent=20146"}],"wp:term":[{"taxonomy":"product_brand","embeddable":true,"href":"https:\/\/store.astieks.com\/et\/wp-json\/wp\/v2\/product_brand?post=20146"},{"taxonomy":"product_cat","embeddable":true,"href":"https:\/\/store.astieks.com\/et\/wp-json\/wp\/v2\/product_cat?post=20146"},{"taxonomy":"product_tag","embeddable":true,"href":"https:\/\/store.astieks.com\/et\/wp-json\/wp\/v2\/product_tag?post=20146"}],"curies":[{"name":"wp","href":"https:\/\/api.w.org\/{rel}","templated":true}]}}