{"id":20143,"date":"2025-09-17T10:57:39","date_gmt":"2025-09-17T08:57:39","guid":{"rendered":"https:\/\/store.astieks.com\/product\/vista-alegre-golden-large-box-regaleira-monkey\/"},"modified":"2025-09-17T10:57:39","modified_gmt":"2025-09-17T08:57:39","slug":"vista-alegre-golden-large-box-regaleira-monkey","status":"publish","type":"product","link":"https:\/\/store.astieks.com\/et\/product\/vista-alegre-golden-large-box-regaleira-monkey\/","title":{"rendered":"VISTA ALEGRE GOLDEN \u00dcmargune karp Regaleira Monkey"},"content":{"rendered":"<p>Vana Hiina sodiaagis on 12 m\u00e4rki esindatud loomadega \u2013 nii p\u00e4ris kui ka m\u00fctoloogilistega. Valitud nende iseloomu j\u00e4rgi, s\u00fcmboliseerivad need iga m\u00e4rgi domineerivaid omadusi ja jooni. Selles kollektsioonis on need omadused edasi antud esemetel, mida kaunistavad rohked graveeritud ja kuldv\u00e4rviga viimistletud detailid, meenutades traditsioonilist Hiina disaini.<br \/>Elegantsed ja funktsionaalsed esemed paistavad silma nii oma kunstilise iseloomu kui ka \u00f5rna m\u00fcstilisuse poolest.  <\/p>\n","protected":false},"excerpt":{"rendered":"<p>\u00dcmargune karp Regaleira Monkey GOLDEN. In the ancient Chinese zodiac, the 12 signs are represented by animals, real and imaginary. <\/p>\n","protected":false},"featured_media":16718,"template":"","meta":{"_acf_changed":false},"product_brand":[494],"product_cat":[243,238,637],"product_tag":[],"class_list":{"0":"post-20143","1":"product","2":"type-product","3":"status-publish","4":"has-post-thumbnail","6":"product_brand-vista-alegre-et","7":"product_cat-kingitused","8":"product_cat-kodu-kaunistused","9":"product_cat-portselan","10":"nt-post-class","11":"","17":"first","18":"instock","19":"taxable","20":"shipping-taxable","21":"purchasable","22":"product-type-simple"},"acf":[],"_links":{"self":[{"href":"https:\/\/store.astieks.com\/et\/wp-json\/wp\/v2\/product\/20143","targetHints":{"allow":["GET"]}}],"collection":[{"href":"https:\/\/store.astieks.com\/et\/wp-json\/wp\/v2\/product"}],"about":[{"href":"https:\/\/store.astieks.com\/et\/wp-json\/wp\/v2\/types\/product"}],"version-history":[{"count":0,"href":"https:\/\/store.astieks.com\/et\/wp-json\/wp\/v2\/product\/20143\/revisions"}],"wp:featuredmedia":[{"embeddable":true,"href":"https:\/\/store.astieks.com\/et\/wp-json\/wp\/v2\/media\/16718"}],"wp:attachment":[{"href":"https:\/\/store.astieks.com\/et\/wp-json\/wp\/v2\/media?parent=20143"}],"wp:term":[{"taxonomy":"product_brand","embeddable":true,"href":"https:\/\/store.astieks.com\/et\/wp-json\/wp\/v2\/product_brand?post=20143"},{"taxonomy":"product_cat","embeddable":true,"href":"https:\/\/store.astieks.com\/et\/wp-json\/wp\/v2\/product_cat?post=20143"},{"taxonomy":"product_tag","embeddable":true,"href":"https:\/\/store.astieks.com\/et\/wp-json\/wp\/v2\/product_tag?post=20143"}],"curies":[{"name":"wp","href":"https:\/\/api.w.org\/{rel}","templated":true}]}}