{"id":20136,"date":"2025-09-22T15:29:39","date_gmt":"2025-09-22T13:29:39","guid":{"rendered":"https:\/\/store.astieks.com\/product\/vista-alegre-biarritz-wine-goblet\/"},"modified":"2026-03-24T12:22:26","modified_gmt":"2026-03-24T10:22:26","slug":"vista-alegre-biarritz-wine-goblet","status":"publish","type":"product","link":"https:\/\/store.astieks.com\/et\/product\/vista-alegre-biarritz-wine-goblet\/","title":{"rendered":"Vista Alegre Biarritz veinipokaalid, komplekt 2 tk"},"content":{"rendered":"","protected":false},"excerpt":{"rendered":"<p>Lihtne ja modernne disain luksuslikus kollektsioonis.<\/p>\n<p>Euroopa aadli vaim ja glamuur on \u00fchendatud selgete ja kaasaegsete vormidega, luues kollektsiooni, kus peamine m\u00e4rks\u00f5na on luksus. Kollektsiooni teeb eriliseks k\u00e4sitsi kantud plaatinajoon iga klaasi serval \u2013 tavap\u00e4rase \u00f5hukese joone asemel lai ja silmapaistev triip.  <\/p>\n<p>Klaasid on \u00f5hukesed ja elegantsed, erinedes klassikalisest kristalln\u00f5ude stiilist. Suurt r\u00f5hku on pandud nii lihvimisele kui ka maalingule.<br \/>Komplekti \u00fclesehitus j\u00e4rgib t\u00e4nap\u00e4evaseid trende: veeklaas on madalam, veiniklaas k\u00f5rgem ning sobib nii valge kui ka punase veini jaoks.<br \/>K\u00f5ik need omadused teevad Biarritz kollektsiooni t\u00f5eliselt silmapaistvaks ja ainulaadseks.   <\/p>\n","protected":false},"featured_media":16774,"template":"","meta":{"_acf_changed":false},"product_brand":[494],"product_cat":[243,273,268,278],"product_tag":[],"class_list":{"0":"post-20136","1":"product","2":"type-product","3":"status-publish","4":"has-post-thumbnail","6":"product_brand-vista-alegre-et","7":"product_cat-kingitused","8":"product_cat-klaasnoud","9":"product_cat-lauanoud","10":"product_cat-vein","11":"nt-post-class","12":"","18":"first","19":"instock","20":"taxable","21":"shipping-taxable","22":"purchasable","23":"product-type-simple"},"acf":[],"_links":{"self":[{"href":"https:\/\/store.astieks.com\/et\/wp-json\/wp\/v2\/product\/20136","targetHints":{"allow":["GET"]}}],"collection":[{"href":"https:\/\/store.astieks.com\/et\/wp-json\/wp\/v2\/product"}],"about":[{"href":"https:\/\/store.astieks.com\/et\/wp-json\/wp\/v2\/types\/product"}],"version-history":[{"count":1,"href":"https:\/\/store.astieks.com\/et\/wp-json\/wp\/v2\/product\/20136\/revisions"}],"predecessor-version":[{"id":20238,"href":"https:\/\/store.astieks.com\/et\/wp-json\/wp\/v2\/product\/20136\/revisions\/20238"}],"wp:featuredmedia":[{"embeddable":true,"href":"https:\/\/store.astieks.com\/et\/wp-json\/wp\/v2\/media\/16774"}],"wp:attachment":[{"href":"https:\/\/store.astieks.com\/et\/wp-json\/wp\/v2\/media?parent=20136"}],"wp:term":[{"taxonomy":"product_brand","embeddable":true,"href":"https:\/\/store.astieks.com\/et\/wp-json\/wp\/v2\/product_brand?post=20136"},{"taxonomy":"product_cat","embeddable":true,"href":"https:\/\/store.astieks.com\/et\/wp-json\/wp\/v2\/product_cat?post=20136"},{"taxonomy":"product_tag","embeddable":true,"href":"https:\/\/store.astieks.com\/et\/wp-json\/wp\/v2\/product_tag?post=20136"}],"curies":[{"name":"wp","href":"https:\/\/api.w.org\/{rel}","templated":true}]}}