{"id":20135,"date":"2025-09-22T15:45:37","date_gmt":"2025-09-22T13:45:37","guid":{"rendered":"https:\/\/store.astieks.com\/product\/vista-alegre-palazzo-gold-wine-decanter\/"},"modified":"2026-03-23T18:29:16","modified_gmt":"2026-03-23T16:29:16","slug":"vista-alegre-palazzo-gold-wine-decanter","status":"publish","type":"product","link":"https:\/\/store.astieks.com\/et\/product\/vista-alegre-palazzo-gold-wine-decanter\/","title":{"rendered":"VISTA ALEGRE Palazzo Gold Veinikarahvin"},"content":{"rendered":"<p>Veinikarahvin Palazzo Gold \u2013 Veneetsia v\u00f5lu. <\/p>\n","protected":false},"excerpt":{"rendered":"<p><b>Veneetsia v\u00f5lu. Disain: Gerald Gullota. <\/b><\/p>\n<p>Veneetsia paleede elegants on t\u00f5lgendatud \u00fcmber lauan\u00f5ude kollektsioonis, kus k\u00e4sit\u00f6\u00f6 erakordne ilu t\u00f5stab iga eseme v\u00e4\u00e4rtust. K\u00e4sitsi kullaga viimistletud Palazzo Gold kollektsioon r\u00f5hutab luksust ja muudab pidulauad t\u00f5eliselt meeldej\u00e4\u00e4vaks.<\/p>\n<p>Manually curd stretched in Gold, Palazzo Gold is a collection that emphasizes luxury, making party tables absolutely unforgettable.<\/p>\n","protected":false},"featured_media":16782,"template":"","meta":{"_acf_changed":false},"product_brand":[494],"product_cat":[243,273,268,278],"product_tag":[],"class_list":{"0":"post-20135","1":"product","2":"type-product","3":"status-publish","4":"has-post-thumbnail","6":"product_brand-vista-alegre-et","7":"product_cat-kingitused","8":"product_cat-klaasnoud","9":"product_cat-lauanoud","10":"product_cat-vein","11":"nt-post-class","12":"","18":"first","19":"instock","20":"taxable","21":"shipping-taxable","22":"purchasable","23":"product-type-simple"},"acf":[],"_links":{"self":[{"href":"https:\/\/store.astieks.com\/et\/wp-json\/wp\/v2\/product\/20135","targetHints":{"allow":["GET"]}}],"collection":[{"href":"https:\/\/store.astieks.com\/et\/wp-json\/wp\/v2\/product"}],"about":[{"href":"https:\/\/store.astieks.com\/et\/wp-json\/wp\/v2\/types\/product"}],"version-history":[{"count":1,"href":"https:\/\/store.astieks.com\/et\/wp-json\/wp\/v2\/product\/20135\/revisions"}],"predecessor-version":[{"id":20236,"href":"https:\/\/store.astieks.com\/et\/wp-json\/wp\/v2\/product\/20135\/revisions\/20236"}],"wp:featuredmedia":[{"embeddable":true,"href":"https:\/\/store.astieks.com\/et\/wp-json\/wp\/v2\/media\/16782"}],"wp:attachment":[{"href":"https:\/\/store.astieks.com\/et\/wp-json\/wp\/v2\/media?parent=20135"}],"wp:term":[{"taxonomy":"product_brand","embeddable":true,"href":"https:\/\/store.astieks.com\/et\/wp-json\/wp\/v2\/product_brand?post=20135"},{"taxonomy":"product_cat","embeddable":true,"href":"https:\/\/store.astieks.com\/et\/wp-json\/wp\/v2\/product_cat?post=20135"},{"taxonomy":"product_tag","embeddable":true,"href":"https:\/\/store.astieks.com\/et\/wp-json\/wp\/v2\/product_tag?post=20135"}],"curies":[{"name":"wp","href":"https:\/\/api.w.org\/{rel}","templated":true}]}}