{"id":20133,"date":"2025-09-22T15:55:50","date_gmt":"2025-09-22T13:55:50","guid":{"rendered":"https:\/\/store.astieks.com\/product\/vista-alegre-shell-white-vase\/"},"modified":"2026-03-23T18:28:20","modified_gmt":"2026-03-23T16:28:20","slug":"vista-alegre-shell-white-vase","status":"publish","type":"product","link":"https:\/\/store.astieks.com\/et\/product\/vista-alegre-shell-white-vase\/","title":{"rendered":"VISTA ALEGRE Shell Valge vaas"},"content":{"rendered":"<p><strong>Patrick Norguet<\/strong><\/p>\n<div class=\"text\">\n<div id=\"categorydescriptioncontainer\">\n<p>Patrick Norguet, rahvusvaheliselt tunnustatud Pariisi disainer, on l\u00f5petanud maineka \u00c9cole Sup\u00e9rieure de Design\u2019i. Tema huvi erinevate valdkondade vastu on viinud ta avastama nii tootedisaini, arhitektuuri kui ka moe maailma, tehes koost\u00f6\u00f6d selliste br\u00e4ndidega nagu Louis Vuitton, Dior ja Jean Paul Gaultier. <\/p>\n<p>&nbsp;<\/p>\n<p>Patrick Norguet\u2019 keraamikaprojektid on p\u00e4lvinud suurt t\u00e4helepanu, mille tulemusena on tema t\u00f6id eksponeeritud Pariisi Mus\u00e9e des Arts D\u00e9coratifs\u2019is ning need kuuluvad paljudesse avalikesse ja erakogudesse.<\/p>\n<p>Oma karj\u00e4\u00e4ri jooksul on ta p\u00e4lvinud mitmeid auhindu, sealhulgas Wallpaper ajakirja poolt antud aasta m\u00f6\u00f6blidisaineri tiitli (2009) ja parima kodudisaini auhinna (2011), Maison &amp; Objet messi Designer of the Year \u2013 Now! Design for Living (2005) ning Red Dot Design Award\u2019i (2010). <\/p>\n<\/div>\n<\/div>\n","protected":false},"excerpt":{"rendered":"<p>Inspiratsioon Shell kollektsioonile p\u00e4rineb looduse k\u00f5ige puhtamatest vormidest.<br \/>See on kaunite biskviitportselanist detailide kollektsioon, mis toob \u00f5rnalt esile peene ja kvaliteetse portselani ilu.<br \/>Veel \u00fcks Vista Alegre looming, mille autor on Patrick Norguet \u2013 \u00fcks meie aja tuntumaid disainereid.<\/p>\n","protected":false},"featured_media":16797,"template":"","meta":{"_acf_changed":false},"product_brand":[494],"product_cat":[630,243,238,637,283],"product_tag":[],"class_list":{"0":"post-20133","1":"product","2":"type-product","3":"status-publish","4":"has-post-thumbnail","6":"product_brand-vista-alegre-et","7":"product_cat-biskviitportselan","8":"product_cat-kingitused","9":"product_cat-kodu-kaunistused","10":"product_cat-portselan","11":"product_cat-vaasid","12":"nt-post-class","13":"","19":"first","20":"instock","21":"taxable","22":"shipping-taxable","23":"purchasable","24":"product-type-simple"},"acf":[],"_links":{"self":[{"href":"https:\/\/store.astieks.com\/et\/wp-json\/wp\/v2\/product\/20133","targetHints":{"allow":["GET"]}}],"collection":[{"href":"https:\/\/store.astieks.com\/et\/wp-json\/wp\/v2\/product"}],"about":[{"href":"https:\/\/store.astieks.com\/et\/wp-json\/wp\/v2\/types\/product"}],"version-history":[{"count":1,"href":"https:\/\/store.astieks.com\/et\/wp-json\/wp\/v2\/product\/20133\/revisions"}],"predecessor-version":[{"id":20234,"href":"https:\/\/store.astieks.com\/et\/wp-json\/wp\/v2\/product\/20133\/revisions\/20234"}],"wp:featuredmedia":[{"embeddable":true,"href":"https:\/\/store.astieks.com\/et\/wp-json\/wp\/v2\/media\/16797"}],"wp:attachment":[{"href":"https:\/\/store.astieks.com\/et\/wp-json\/wp\/v2\/media?parent=20133"}],"wp:term":[{"taxonomy":"product_brand","embeddable":true,"href":"https:\/\/store.astieks.com\/et\/wp-json\/wp\/v2\/product_brand?post=20133"},{"taxonomy":"product_cat","embeddable":true,"href":"https:\/\/store.astieks.com\/et\/wp-json\/wp\/v2\/product_cat?post=20133"},{"taxonomy":"product_tag","embeddable":true,"href":"https:\/\/store.astieks.com\/et\/wp-json\/wp\/v2\/product_tag?post=20133"}],"curies":[{"name":"wp","href":"https:\/\/api.w.org\/{rel}","templated":true}]}}