{"id":20128,"date":"2025-09-22T16:13:14","date_gmt":"2025-09-22T14:13:14","guid":{"rendered":"https:\/\/store.astieks.com\/product\/vista-alegre-rainhas-de-portugal-vase-rainha-d-maria-ii\/"},"modified":"2025-09-22T16:13:14","modified_gmt":"2025-09-22T14:13:14","slug":"vista-alegre-rainhas-de-portugal-vase-rainha-d-maria-ii","status":"publish","type":"product","link":"https:\/\/store.astieks.com\/et\/product\/vista-alegre-rainhas-de-portugal-vase-rainha-d-maria-ii\/","title":{"rendered":"VISTA ALEGRE Rainhas de Portugal lillepott Rainha D. Maria II"},"content":{"rendered":"<p>Vaas-lillepott Rainha D. Maria II kollektsioonist \u201cRainhas de Portugal\u201d.<br \/>Rainhas de Portugal (Portugali kuningannad) istutuspottide\/kaunistusvaaside kollektsioon avaldab austust Portugali ajaloo lummavatele kuningannadele (\u00fcks neist postuumselt): In\u00eas de Castro, Rainha Santa Isabel ja D. Maria II. <\/p>\n<header><strong>Disainer H\u00c9LIA ALUAI<\/strong><\/p>\n<\/header>\n<div class=\"text\">\n<div id=\"categorydescriptioncontainer\">\n<p>H\u00e9lia Aluai s\u00fcndis 1973. aastal Cabo Verdes.<br \/>Varases eas kolis ta elama Portugali Espinhosse, kus veetis oma lapsep\u00f5lve ja suure osa noorukieast. Hiljem asus ta elama Portosse, kus l\u00f5petas 2000. aastal Porto Kaunite Kunstide \u00dclikooli (F.B.A.U.P.) juures skulptuuri erialal kujutava kunsti doktorikraadi.<br \/>Hiljem, 2014. aasta jaanuaris, omandas ta Porto E.S.A.P.-is arhitektuuri magistrikraadi. <\/p>\n<p>Muude tegevuste hulgas \u00f5petas ta visuaalkunsti\/visuaalhariduse ainet, kuulus CINANIMA animafilmide alalisse t\u00f6\u00f6tuppa ning oli 1998. aastal \u201cYoung Portuguese Director\u201d \u017e\u00fcrii liige.<\/p>\n<p>Alates 2010. aastast on ta t\u00e4ielikult p\u00fchendunud oma professionaalsele karj\u00e4\u00e4rile ning on selle aja jooksul p\u00e4lvinud mitmeid riiklikke ja rahvusvahelisi auhindu.<\/p>\n<p>Hetkel elab ta Lausanne\u2019is, kus t\u00f6\u00f6tab stsenograafia, disaini ja illustratsiooni valdkonnas.<\/p>\n<\/div>\n<\/div>\n","protected":false},"excerpt":{"rendered":"<p>Rainhas de Portugal (Portugali kuningannade) istutuspottide\/kaunistusvaaside kollektsioon avaldab austust Portugali ajaloo lummavatele kuningannadele (\u00fcks neist postuumselt): In\u00eas de Castro, Rainha Santa Isabel, D. Maria II, D. Am\u00e9lia, D. Estef\u00e2nia ja D. Leonor.<br \/>Need p\u00f5nevad ja mitmetahulised isikud on H\u00e9lia Aluai poolt kujutatud suure tundlikkusega, inspireerituna \u00f5rnast filigraantehnikast \u2013 t\u00fc\u00fcpilisest Portugali ornamentikast. Valitud v\u00e4rvid, punane ja kuldne, v\u00e4ljendavad nende naistega seotud kirge ning kultuurilist rikkust, mida nad s\u00fcmboliseerivad.  <\/p>\n","protected":false},"featured_media":16808,"template":"","meta":{"_acf_changed":false},"product_brand":[494],"product_cat":[243,238,637,283],"product_tag":[],"class_list":{"0":"post-20128","1":"product","2":"type-product","3":"status-publish","4":"has-post-thumbnail","6":"product_brand-vista-alegre-et","7":"product_cat-kingitused","8":"product_cat-kodu-kaunistused","9":"product_cat-portselan","10":"product_cat-vaasid","11":"nt-post-class","12":"","18":"first","19":"instock","20":"taxable","21":"shipping-taxable","22":"purchasable","23":"product-type-simple"},"acf":[],"_links":{"self":[{"href":"https:\/\/store.astieks.com\/et\/wp-json\/wp\/v2\/product\/20128","targetHints":{"allow":["GET"]}}],"collection":[{"href":"https:\/\/store.astieks.com\/et\/wp-json\/wp\/v2\/product"}],"about":[{"href":"https:\/\/store.astieks.com\/et\/wp-json\/wp\/v2\/types\/product"}],"version-history":[{"count":0,"href":"https:\/\/store.astieks.com\/et\/wp-json\/wp\/v2\/product\/20128\/revisions"}],"wp:featuredmedia":[{"embeddable":true,"href":"https:\/\/store.astieks.com\/et\/wp-json\/wp\/v2\/media\/16808"}],"wp:attachment":[{"href":"https:\/\/store.astieks.com\/et\/wp-json\/wp\/v2\/media?parent=20128"}],"wp:term":[{"taxonomy":"product_brand","embeddable":true,"href":"https:\/\/store.astieks.com\/et\/wp-json\/wp\/v2\/product_brand?post=20128"},{"taxonomy":"product_cat","embeddable":true,"href":"https:\/\/store.astieks.com\/et\/wp-json\/wp\/v2\/product_cat?post=20128"},{"taxonomy":"product_tag","embeddable":true,"href":"https:\/\/store.astieks.com\/et\/wp-json\/wp\/v2\/product_tag?post=20128"}],"curies":[{"name":"wp","href":"https:\/\/api.w.org\/{rel}","templated":true}]}}