{"id":20125,"date":"2025-09-22T16:35:01","date_gmt":"2025-09-22T14:35:01","guid":{"rendered":"https:\/\/store.astieks.com\/product\/vista-alegre-precious-pot\/"},"modified":"2025-09-22T16:35:01","modified_gmt":"2025-09-22T14:35:01","slug":"vista-alegre-precious-pot","status":"publish","type":"product","link":"https:\/\/store.astieks.com\/et\/product\/vista-alegre-precious-pot\/","title":{"rendered":"VISTA ALEGRE Precious vaas"},"content":{"rendered":"<p>Saksa disainer Mendel Heit (kes l\u00f5i ka Vista Alegre Midnight kollektsiooni vaasi ja keskse dekoratiiveseme \u2013 tunnustatud German Design Award Nominee 2017 m\u00e4rgisega) naaseb, et \u00fcllatada kollektsiooniga Precious.<\/p>\n<p>Kolm dekoratiivset eset, mis kuuluvad sellesse kollektsiooni, on inspireeritud kivimitest kaevandatavate v\u00e4\u00e4riskivide orgaanilistest vormidest. Disainer dekonstrueerib need vormid keraamikas, luues kristallilisi, pehmeid ja vabavormilisi struktuure, \u00fchendades kaasaegsed tootmistehnoloogiad Vista Alegre meistrite kogemuse ja tehnilise oskusega.<\/p>\n<p>Kollektsioon p\u00e4lvis German Design Award 2018 konkursil \u017e\u00fcrii erim\u00e4rkimise.<\/p>\n<p><strong>Mendel Heit on prantsuse-saksa tootedisainer, kes elab ja t\u00f6\u00f6tab Berliinis.<\/strong><\/p>\n<p>P\u00e4rast mitmek\u00fclgseid kogemusi t\u00f6\u00f6stusdisaini, sisearhitektuuri, interaktiivsete installatsioonide ja kunsti valdkonnas \u00fcle Euroopa asutas ta Mendel Heit Design Labi, keskendudes m\u00f6\u00f6blile, toodetele, ehetele, aksessuaaridele ja teadusprojektidele.<\/p>\n<p>Tema eriline huvi seisneb uute tootmistehnoloogiate \u00fchendamises k\u00e4sit\u00f6\u00f6p\u00e4randiga inimlikus mastaabis.<\/p>\n","protected":false},"excerpt":{"rendered":"<p>Vaas Precious. Saksa disainer Mendel Heit (kes l\u00f5i ka Vista Alegre Midnight kollektsiooni vaasi ja keskse dekoratiiveseme \u2013 tunnustatud German Design Award Nominee 2017 m\u00e4rgisega) naaseb, et \u00fcllatada kollektsiooniga Precious.<\/p>\n","protected":false},"featured_media":16826,"template":"","meta":{"_acf_changed":false},"product_brand":[494],"product_cat":[243,238,637,283],"product_tag":[],"class_list":{"0":"post-20125","1":"product","2":"type-product","3":"status-publish","4":"has-post-thumbnail","6":"product_brand-vista-alegre-et","7":"product_cat-kingitused","8":"product_cat-kodu-kaunistused","9":"product_cat-portselan","10":"product_cat-vaasid","11":"nt-post-class","12":"","18":"first","19":"instock","20":"taxable","21":"shipping-taxable","22":"purchasable","23":"product-type-simple"},"acf":[],"_links":{"self":[{"href":"https:\/\/store.astieks.com\/et\/wp-json\/wp\/v2\/product\/20125","targetHints":{"allow":["GET"]}}],"collection":[{"href":"https:\/\/store.astieks.com\/et\/wp-json\/wp\/v2\/product"}],"about":[{"href":"https:\/\/store.astieks.com\/et\/wp-json\/wp\/v2\/types\/product"}],"version-history":[{"count":0,"href":"https:\/\/store.astieks.com\/et\/wp-json\/wp\/v2\/product\/20125\/revisions"}],"wp:featuredmedia":[{"embeddable":true,"href":"https:\/\/store.astieks.com\/et\/wp-json\/wp\/v2\/media\/16826"}],"wp:attachment":[{"href":"https:\/\/store.astieks.com\/et\/wp-json\/wp\/v2\/media?parent=20125"}],"wp:term":[{"taxonomy":"product_brand","embeddable":true,"href":"https:\/\/store.astieks.com\/et\/wp-json\/wp\/v2\/product_brand?post=20125"},{"taxonomy":"product_cat","embeddable":true,"href":"https:\/\/store.astieks.com\/et\/wp-json\/wp\/v2\/product_cat?post=20125"},{"taxonomy":"product_tag","embeddable":true,"href":"https:\/\/store.astieks.com\/et\/wp-json\/wp\/v2\/product_tag?post=20125"}],"curies":[{"name":"wp","href":"https:\/\/api.w.org\/{rel}","templated":true}]}}