{"id":20118,"date":"2025-09-22T17:31:06","date_gmt":"2025-09-22T15:31:06","guid":{"rendered":"https:\/\/store.astieks.com\/product\/vista-alegre-gemstone-case-with-2-old-fashion\/"},"modified":"2026-03-24T12:22:03","modified_gmt":"2026-03-24T10:22:03","slug":"vista-alegre-gemstone-case-with-2-old-fashion","status":"publish","type":"product","link":"https:\/\/store.astieks.com\/et\/product\/vista-alegre-gemstone-case-with-2-old-fashion\/","title":{"rendered":"VISTA ALEGRE Gemstone komplekt 2 Viski klaasiga"},"content":{"rendered":"<p>Uuenduslik kontseptsioon, mis kujutab mineraalist s\u00fcndinud v\u00e4\u00e4riskivi \u2013 Gemstone on austusavaldus pidulikele hetkedele, eriti neile, kus valitseb luksus. Vernissaa\u017eid, prestii\u017esed kokteili\u00f5htud ja seltskondlikud koosviibimised t\u00f5usevad uuele tasemele t\u00e4nu d\u00fcnaamilisele skulpturaalsele vormile ja selle erakordse komplekti haruldasele s\u00e4delusele. <\/p>\n","protected":false},"excerpt":{"rendered":"<p>Karp 2 Gemstone Old Fashion klaasiga<br \/>Uuenduslik kontseptsioon, mis kujutab mineraalist s\u00fcndinud v\u00e4\u00e4riskivi \u2013 Gemstone on austusavaldus pidulikele hetkedele, eriti neile, kus valitseb luksus. <\/p>\n","protected":false},"featured_media":19794,"template":"","meta":{"_acf_changed":false},"product_brand":[494],"product_cat":[243,273,268],"product_tag":[],"class_list":{"0":"post-20118","1":"product","2":"type-product","3":"status-publish","4":"has-post-thumbnail","6":"product_brand-vista-alegre-et","7":"product_cat-kingitused","8":"product_cat-klaasnoud","9":"product_cat-lauanoud","10":"nt-post-class","11":"","17":"first","18":"instock","19":"taxable","20":"shipping-taxable","21":"purchasable","22":"product-type-simple"},"acf":[],"_links":{"self":[{"href":"https:\/\/store.astieks.com\/et\/wp-json\/wp\/v2\/product\/20118","targetHints":{"allow":["GET"]}}],"collection":[{"href":"https:\/\/store.astieks.com\/et\/wp-json\/wp\/v2\/product"}],"about":[{"href":"https:\/\/store.astieks.com\/et\/wp-json\/wp\/v2\/types\/product"}],"version-history":[{"count":1,"href":"https:\/\/store.astieks.com\/et\/wp-json\/wp\/v2\/product\/20118\/revisions"}],"predecessor-version":[{"id":20229,"href":"https:\/\/store.astieks.com\/et\/wp-json\/wp\/v2\/product\/20118\/revisions\/20229"}],"wp:featuredmedia":[{"embeddable":true,"href":"https:\/\/store.astieks.com\/et\/wp-json\/wp\/v2\/media\/19794"}],"wp:attachment":[{"href":"https:\/\/store.astieks.com\/et\/wp-json\/wp\/v2\/media?parent=20118"}],"wp:term":[{"taxonomy":"product_brand","embeddable":true,"href":"https:\/\/store.astieks.com\/et\/wp-json\/wp\/v2\/product_brand?post=20118"},{"taxonomy":"product_cat","embeddable":true,"href":"https:\/\/store.astieks.com\/et\/wp-json\/wp\/v2\/product_cat?post=20118"},{"taxonomy":"product_tag","embeddable":true,"href":"https:\/\/store.astieks.com\/et\/wp-json\/wp\/v2\/product_tag?post=20118"}],"curies":[{"name":"wp","href":"https:\/\/api.w.org\/{rel}","templated":true}]}}