{"id":20115,"date":"2025-09-22T17:46:09","date_gmt":"2025-09-22T15:46:09","guid":{"rendered":"https:\/\/store.astieks.com\/product\/vista-alegre-love-who-you-want-charger-plate-monseigneur-bull\/"},"modified":"2025-09-22T17:46:09","modified_gmt":"2025-09-22T15:46:09","slug":"vista-alegre-love-who-you-want-charger-plate-monseigneur-bull","status":"publish","type":"product","link":"https:\/\/store.astieks.com\/et\/product\/vista-alegre-love-who-you-want-charger-plate-monseigneur-bull\/","title":{"rendered":"VISTA ALEGRE Armasta keda sa tahad Dekoratiivne alus Monseigneur Bull"},"content":{"rendered":"<p>Charger Plate Monseigneur Bull Armasta keda sa tahad. Love Who You Want kollektsioon \u00fchendab Christian Lacroix\u2019 moemaja kaasaegse ja k\u00f5rgmoest inspireeritud disaini. Christian Lacroix Maison\u2019i ja Vista Alegre koost\u00f6\u00f6s loodud kinkekollektsioon koosneb esemetest, mis kujutavad v\u00e4ljendusrikkaid ja erakordseid karaktereid, nagu \u201cMister Tiger\u201d v\u00f5i \u201cDo\u00f1a Jirafa\u201d, peegeldades Prantsuse br\u00e4ndi ainulaadset fantaasiamaailma.<\/p>\n<header><strong>Desianer Christian Lacroix<\/strong><\/p>\n<\/header>\n<div class=\"text\">\n<div id=\"categorydescriptioncontainer\">\n<p>Kirg portselani vastu \u00fchendab kaks \u00fclemaailmselt tuntud esmaklassilist br\u00e4ndi, mida iseloomustab pidev innovatsioon ja k\u00f5rge kvaliteediga disain: Christian Lacroix ja Vista Alegre.<br \/>Need kaks br\u00e4ndi \u00fchendasid j\u00f5ud, et pakkuda parimat, andes elu Christian Lacroix Maisoni esimesele portselanikollektsioonile ja Vista Alegre&#8217;i esimesele luksusliinile koost\u00f6\u00f6s k\u00f5rgmoebr\u00e4ndiga. Christian Lacroix&#8217; maja asutas 1987. aastal LVMH grupp. <\/p>\n<p>&nbsp;<\/p>\n<p>Seej\u00e4rel hakkas Christian Lacroix&#8217; moemaja esitlema k\u00f5rgelt hinnatud haute couture&#8217;i r\u00f5ivaid, mis t\u00f5id esile keerukaid mustreid ja rohkeid v\u00e4rve<\/p>\n<p>Br\u00e4ndist sai peagi moemaailmas rahvusvaheline etalon, mille valisid avaliku elu tegelased nagu Nicole Kidman, Madonna, Helen Mirren, Julianne Moore ja Uma Thurman.<\/p>\n<p>Oma tootevaliku laiendamiseks arendas Christian Lacroix&#8217; maja v\u00e4lja valmisr\u00f5ivaste ja aksessuaaride tootesarjad. 2005. aastal ostis selle Ameerika kontsern Falic, kes investeeris br\u00e4ndi tugevdamisse kogu maailmas. <\/p>\n<p>Sacha Walckhoffi loomingulise juhtimise all on br\u00e4nd alates 2010. aastast turule toonud mitmeid kauneid kodutarvikuid.<\/p>\n<p>Christian Lacroix Maisoni silmatorkav, r\u00f5\u00f5msameelne ja v\u00e4rvikas mitmekesine pakkumine h\u00f5lmab praegu Designers Guildi poolt toimetatud kangaid ja koduaksessuaare (padjad ja tapeet), Marotte&#8217;iga koost\u00f6\u00f6s loodud puidust dekoratiivpaneelide valikut, New Yorgis Libretto toodetud kirjatarvete sarja ja isegi Londonis Weltoni poolt toimetatud l\u00f5hnak\u00fc\u00fcnlaid.<\/p>\n<p>Oma \u00fclemaailmse elukunsti laienemisega j\u00e4tkab Christian Lacroix oma maine kindlustamist, pakkudes laia valikut moe- ja elustiilitooteid.<\/p>\n<p>K\u00f5igis kollektsioonides taasleiutab Sacha Walckhoff Lacroix&#8217; maja iseloomulikke teemasid ja motiive, et v\u00f5ita uusi publikuid.<\/p>\n<\/div>\n<\/div>\n","protected":false},"excerpt":{"rendered":"<p>Love Who You Want kollektsioon \u00fchendab Christian Lacroix\u2019 moemaja kaasaegse ja k\u00f5rgmoest inspireeritud disaini. Christian Lacroix Maison\u2019i ja Vista Alegre koost\u00f6\u00f6s loodud kinkekollektsioon koosneb esemetest, mis kujutavad v\u00e4ljendusrikkaid ja erakordseid karaktereid, nagu \u201cMister Tiger\u201d v\u00f5i \u201cDo\u00f1a Jirafa\u201d, peegeldades Prantsuse br\u00e4ndi ainulaadset fantaasiamaailma.<\/p>\n<p>Inspireeritud 1920. aastate prantsuse s\u00fcrrealistide loodud m\u00e4ngust, kus erinevad kunstnikud j\u00e4tkasid maali teadmata, mida oli varem kujutatud, on Love Who You Want kollektsioon vastupandamatu ja nooruslik kontseptsioon, mis \u00fchendab kahe legendaarse br\u00e4ndi parimad omadused.<\/p>\n<p>Kollektsioon p\u00e4lvis German Design Award 2017 konkursil \u017e\u00fcrii erim\u00e4rkimise.<\/p>\n","protected":false},"featured_media":16871,"template":"","meta":{"_acf_changed":false},"product_brand":[494],"product_cat":[243,238,268,637,281],"product_tag":[],"class_list":{"0":"post-20115","1":"product","2":"type-product","3":"status-publish","4":"has-post-thumbnail","6":"product_brand-vista-alegre-et","7":"product_cat-kingitused","8":"product_cat-kodu-kaunistused","9":"product_cat-lauanoud","10":"product_cat-portselan","11":"product_cat-serveerimisnou","12":"nt-post-class","13":"","19":"first","20":"instock","21":"taxable","22":"shipping-taxable","23":"purchasable","24":"product-type-simple"},"acf":[],"_links":{"self":[{"href":"https:\/\/store.astieks.com\/et\/wp-json\/wp\/v2\/product\/20115","targetHints":{"allow":["GET"]}}],"collection":[{"href":"https:\/\/store.astieks.com\/et\/wp-json\/wp\/v2\/product"}],"about":[{"href":"https:\/\/store.astieks.com\/et\/wp-json\/wp\/v2\/types\/product"}],"version-history":[{"count":0,"href":"https:\/\/store.astieks.com\/et\/wp-json\/wp\/v2\/product\/20115\/revisions"}],"wp:featuredmedia":[{"embeddable":true,"href":"https:\/\/store.astieks.com\/et\/wp-json\/wp\/v2\/media\/16871"}],"wp:attachment":[{"href":"https:\/\/store.astieks.com\/et\/wp-json\/wp\/v2\/media?parent=20115"}],"wp:term":[{"taxonomy":"product_brand","embeddable":true,"href":"https:\/\/store.astieks.com\/et\/wp-json\/wp\/v2\/product_brand?post=20115"},{"taxonomy":"product_cat","embeddable":true,"href":"https:\/\/store.astieks.com\/et\/wp-json\/wp\/v2\/product_cat?post=20115"},{"taxonomy":"product_tag","embeddable":true,"href":"https:\/\/store.astieks.com\/et\/wp-json\/wp\/v2\/product_tag?post=20115"}],"curies":[{"name":"wp","href":"https:\/\/api.w.org\/{rel}","templated":true}]}}