{"id":20112,"date":"2025-09-23T10:54:54","date_gmt":"2025-09-23T08:54:54","guid":{"rendered":"https:\/\/store.astieks.com\/product\/vista-alegre-shell-white-centrepiece\/"},"modified":"2026-03-23T18:26:25","modified_gmt":"2026-03-23T16:26:25","slug":"vista-alegre-shell-white-centrepiece","status":"publish","type":"product","link":"https:\/\/store.astieks.com\/et\/product\/vista-alegre-shell-white-centrepiece\/","title":{"rendered":"VISTA ALEGRE Shell Valge Dekoratiivne roog"},"content":{"rendered":"<header><\/header>\n<div class=\"text\">\n<div id=\"categorydescriptioncontainer\">\n<p><strong>Disainer Patrick Norguet<\/strong><\/p>\n<div class=\"text\">\n<div id=\"categorydescriptioncontainer\">\n<p>Patrick Norguet, rahvusvaheliselt tunnustatud Pariisi disainer, on l\u00f5petanud maineka \u00c9cole Sup\u00e9rieure de Design\u2019i. Tema huvi erinevate valdkondade vastu on viinud ta avastama nii tootedisaini, arhitektuuri kui ka moe maailma, tehes koost\u00f6\u00f6d selliste br\u00e4ndidega nagu Louis Vuitton, Dior ja Jean Paul Gaultier. <\/p>\n<p>&nbsp;<\/p>\n<p>Patrick Norguet\u2019 keraamikaprojektid on p\u00e4lvinud suurt t\u00e4helepanu, mille tulemusena on tema t\u00f6id eksponeeritud Pariisi Mus\u00e9e des Arts D\u00e9coratifs\u2019is ning need kuuluvad paljudesse avalikesse ja erakogudesse.<\/p>\n<p>Oma karj\u00e4\u00e4ri jooksul on ta p\u00e4lvinud mitmeid auhindu, sealhulgas Wallpaper ajakirja poolt antud aasta m\u00f6\u00f6blidisaineri tiitli (2009) ja parima kodudisaini auhinna (2011), Maison &amp; Objet messi Designer of the Year \u2013 Now! Design for Living (2005) ning Red Dot Design Award\u2019i (2010). <\/p>\n<\/div>\n<\/div>\n<\/div>\n<\/div>\n","protected":false},"excerpt":{"rendered":"<p>Dekoratiivne roog Shell White. Shell kollektsiooni inspiratsioon p\u00e4rineb looduse k\u00f5ige puhtamatest vormidest. <\/p>\n<header><strong>Shell White<\/strong><\/p>\n<div class=\"category-share-buttons\">\n<div class=\"socialShare-icons\">\n<div class=\"addthis_toolbox addthis_default_style addthis_32x32_style\">\n<div>Shell kollektsiooni inspiratsioon p\u00e4rineb looduse k\u00f5ige puhtamatest vormidest.<\/div>\n<\/div>\n<\/div>\n<\/div>\n<\/header>\n<div class=\"text\">\n<div id=\"categorydescriptioncontainer\">\n<p>See on erakordselt kaunite biskviitportselanist esemete kollektsioon, mis toob peenelt esile \u00f5rna portselani k\u00f5rge kvaliteedi ja meisterlikkuse.<br \/>\nVeel \u00fcks Vista Alegre looming, mille autoriks on Patrick Norguet \u2013 \u00fcks meie aja silmapaistvamaid disainereid.<\/p>\n<\/div>\n<\/div>\n","protected":false},"featured_media":16895,"template":"","meta":{"_acf_changed":false},"product_brand":[494],"product_cat":[479,630,243,238,268,637],"product_tag":[],"class_list":{"0":"post-20112","1":"product","2":"type-product","3":"status-publish","4":"has-post-thumbnail","6":"product_brand-vista-alegre-et","7":"product_cat-kauss","8":"product_cat-biskviitportselan","9":"product_cat-kingitused","10":"product_cat-kodu-kaunistused","11":"product_cat-lauanoud","12":"product_cat-portselan","13":"nt-post-class","14":"","20":"first","21":"instock","22":"taxable","23":"shipping-taxable","24":"purchasable","25":"product-type-simple"},"acf":[],"_links":{"self":[{"href":"https:\/\/store.astieks.com\/et\/wp-json\/wp\/v2\/product\/20112","targetHints":{"allow":["GET"]}}],"collection":[{"href":"https:\/\/store.astieks.com\/et\/wp-json\/wp\/v2\/product"}],"about":[{"href":"https:\/\/store.astieks.com\/et\/wp-json\/wp\/v2\/types\/product"}],"version-history":[{"count":2,"href":"https:\/\/store.astieks.com\/et\/wp-json\/wp\/v2\/product\/20112\/revisions"}],"predecessor-version":[{"id":20231,"href":"https:\/\/store.astieks.com\/et\/wp-json\/wp\/v2\/product\/20112\/revisions\/20231"}],"wp:featuredmedia":[{"embeddable":true,"href":"https:\/\/store.astieks.com\/et\/wp-json\/wp\/v2\/media\/16895"}],"wp:attachment":[{"href":"https:\/\/store.astieks.com\/et\/wp-json\/wp\/v2\/media?parent=20112"}],"wp:term":[{"taxonomy":"product_brand","embeddable":true,"href":"https:\/\/store.astieks.com\/et\/wp-json\/wp\/v2\/product_brand?post=20112"},{"taxonomy":"product_cat","embeddable":true,"href":"https:\/\/store.astieks.com\/et\/wp-json\/wp\/v2\/product_cat?post=20112"},{"taxonomy":"product_tag","embeddable":true,"href":"https:\/\/store.astieks.com\/et\/wp-json\/wp\/v2\/product_tag?post=20112"}],"curies":[{"name":"wp","href":"https:\/\/api.w.org\/{rel}","templated":true}]}}