{"id":20106,"date":"2025-09-23T11:04:36","date_gmt":"2025-09-23T09:04:36","guid":{"rendered":"https:\/\/store.astieks.com\/product\/vista-alegre-precious-centrepiece\/"},"modified":"2026-03-23T18:10:46","modified_gmt":"2026-03-23T16:10:46","slug":"vista-alegre-precious-centrepiece","status":"publish","type":"product","link":"https:\/\/store.astieks.com\/et\/product\/vista-alegre-precious-centrepiece\/","title":{"rendered":"VISTA ALEGRE Precious Dekoratiivne roog"},"content":{"rendered":"<header><strong>Disainer: MENDEL HEIT<\/strong><\/header>\n<div class=\"text\">\n<div id=\"categorydescriptioncontainer\">\n<p>Mendel Heit on prantsuse-saksa tootedisainer, kes elab ja t\u00f6\u00f6tab Berliinis. P\u00e4rast mitmek\u00fclgseid kogemusi t\u00f6\u00f6stusdisaini, sisearhitektuuri, interaktiivsete installatsioonide ja kunsti valdkonnas \u00fcle Euroopa l\u00f5i ta Mendel Heit Design Labi, keskendudes m\u00f6\u00f6blile, toodetele, ehetele, aksessuaaridele ja teadusprojektidele.<br \/>Tema huvi keskmes on uute tootmistehnoloogiate \u00fchendamine k\u00e4sit\u00f6\u00f6traditsioonidega inimlikus mastaabis.<\/p>\n<\/div>\n<\/div>\n","protected":false},"excerpt":{"rendered":"<p>Precious keskne dekoratiivese on loodud Mendel Heiti poolt, kes on disaininud ka Vista Alegre Midnight kollektsiooni vaasi ja keskse dekoratiiveseme (tunnustatud German Design Award Nominee 2017 m\u00e4rgisega). Precious kollektsioon j\u00e4tkab tema loomejoont ja \u00fcllatab uue v\u00e4ljendusviisiga. <\/p>\n<header><strong>Precious<\/strong><\/p>\n<div class=\"category-share-buttons\">\n<div class=\"socialShare-icons\">\n<div class=\"addthis_toolbox addthis_default_style addthis_32x32_style\">\n<div>Saksa disainer Mendel Heit (kes l\u00f5i ka Vista Alegre Midnight kollektsiooni vaasi ja keskse dekoratiiveseme \u2013 tunnustatud German Design Award Nominee 2017 m\u00e4rgisega) naaseb, et \u00fcllatada kollektsiooniga Precious.<\/div>\n<\/div>\n<\/div>\n<\/div>\n<\/header>\n<div class=\"text\">\n<div id=\"categorydescriptioncontainer\">\n<p>Kollektsiooni kolm dekoratiivset eset on inspireeritud kivimitest kaevandatavate v\u00e4\u00e4riskivide orgaanilistest vormidest. Disainer dekonstrueerib need vormid keraamikas, luues kristallilisi, pehmeid ja vabas vormis struktuure, \u00fchendades kaasaegsed tootmistehnoloogiad Vista Alegre meistrite kogemuse ja k\u00e4sit\u00f6\u00f6oskusega.<br \/>Kollektsioon p\u00e4lvis German Design Award 2018 \u017e\u00fcrii erim\u00e4rkimise.<\/p>\n<\/div>\n<\/div>\n","protected":false},"featured_media":16904,"template":"","meta":{"_acf_changed":false},"product_brand":[494],"product_cat":[479,243,238,637],"product_tag":[],"class_list":{"0":"post-20106","1":"product","2":"type-product","3":"status-publish","4":"has-post-thumbnail","6":"product_brand-vista-alegre-et","7":"product_cat-kauss","8":"product_cat-kingitused","9":"product_cat-kodu-kaunistused","10":"product_cat-portselan","11":"nt-post-class","12":"","18":"first","19":"instock","20":"taxable","21":"shipping-taxable","22":"purchasable","23":"product-type-simple"},"acf":[],"_links":{"self":[{"href":"https:\/\/store.astieks.com\/et\/wp-json\/wp\/v2\/product\/20106","targetHints":{"allow":["GET"]}}],"collection":[{"href":"https:\/\/store.astieks.com\/et\/wp-json\/wp\/v2\/product"}],"about":[{"href":"https:\/\/store.astieks.com\/et\/wp-json\/wp\/v2\/types\/product"}],"version-history":[{"count":2,"href":"https:\/\/store.astieks.com\/et\/wp-json\/wp\/v2\/product\/20106\/revisions"}],"predecessor-version":[{"id":20144,"href":"https:\/\/store.astieks.com\/et\/wp-json\/wp\/v2\/product\/20106\/revisions\/20144"}],"wp:featuredmedia":[{"embeddable":true,"href":"https:\/\/store.astieks.com\/et\/wp-json\/wp\/v2\/media\/16904"}],"wp:attachment":[{"href":"https:\/\/store.astieks.com\/et\/wp-json\/wp\/v2\/media?parent=20106"}],"wp:term":[{"taxonomy":"product_brand","embeddable":true,"href":"https:\/\/store.astieks.com\/et\/wp-json\/wp\/v2\/product_brand?post=20106"},{"taxonomy":"product_cat","embeddable":true,"href":"https:\/\/store.astieks.com\/et\/wp-json\/wp\/v2\/product_cat?post=20106"},{"taxonomy":"product_tag","embeddable":true,"href":"https:\/\/store.astieks.com\/et\/wp-json\/wp\/v2\/product_tag?post=20106"}],"curies":[{"name":"wp","href":"https:\/\/api.w.org\/{rel}","templated":true}]}}