{"id":20101,"date":"2025-09-23T13:10:22","date_gmt":"2025-09-23T11:10:22","guid":{"rendered":"https:\/\/store.astieks.com\/product\/rose-et-marius-shower-gel-roses-sun-water\/"},"modified":"2025-09-23T13:10:22","modified_gmt":"2025-09-23T11:10:22","slug":"rose-et-marius-shower-gel-roses-sun-water","status":"publish","type":"product","link":"https:\/\/store.astieks.com\/et\/product\/rose-et-marius-shower-gel-roses-sun-water\/","title":{"rendered":"ROSE ET MARIUS du\u0161igeel \u201cRose\u2019s sun water\u201d"},"content":{"rendered":"<p>Soovisime avaldada austust Rose\u2019ile, Magali vanaemale (kelle j\u00e4rgi on meie br\u00e4nd nime saanud). \u201cRose\u2019s sun water\u201d on p\u00fchendus naiselikkusele \u2013 sellele, kes oli s\u00e4rav ning armastas lillede \u00f5rna ja peent l\u00f5hna.<br \/>Selleks oleme hoolikalt valinud Grasse\u2019i k\u00f5ige kaunimad lilled, mis avanevad Madagaskari vaniljekaunade ja tonkaubade soojade ning lohutavate nootide valguses.  <\/p>\n<div id=\"headingCaracteristiq\">\n<p data-toggle=\"collapse\" data-target=\"#collapseCaracteristiq\" aria-expanded=\"true\" aria-controls=\"collapseCaracteristiq\"><strong>Omadused:<\/strong><\/p>\n<\/div>\n<div id=\"collapseCaracteristiq\" class=\"collapse show\" aria-labelledby=\"headingCaracteristiq\" data-parent=\"#accordionCaracs\">\n<p>Oliivi\u00f5li baasil<br \/>\nParabeenivaba<br \/>\nEksklusiivne parf\u00fc\u00fcm Haute Parfumerie de Provence\u2019ilt<br \/>\nValmistatud Provence\u2019is<br \/>\nT\u00e4idetav pudel<br \/>\n315 ml pumppudel, korduvt\u00e4idetav<br \/>\nValmistatud Prantsusmaal<\/p>\n<\/div>\n","protected":false},"excerpt":{"rendered":"<p>\u201cAn appointment with C\u00e9zanne\u201d du\u0161igeel on t\u00f5eline Provence\u2019i kvaliteedikontsentraat, mis p\u00f5hineb oliivi\u00f5lil. See loob kreemja ja \u00f5rna vahu, mis ei kuivata nahka. Eksklusiivne Provence\u2019i k\u00f5rgparf\u00fcmeeria l\u00f5hn on \u00fcks br\u00e4ndi enimm\u00fc\u00fcdud tooteid ning on valitud paljude 5-t\u00e4rni hotellide poolt.    <\/p>\n<p>315 ml pumppudel, korduvt\u00e4idetav\u044e. Valmistatud Prantsusmaal <\/p>\n","protected":false},"featured_media":16945,"template":"","meta":{"_acf_changed":false},"product_brand":[677],"product_cat":[635,234,243],"product_tag":[],"class_list":{"0":"post-20101","1":"product","2":"type-product","3":"status-publish","4":"has-post-thumbnail","6":"product_brand-rose-et-marius","7":"product_cat-dusigeel","8":"product_cat-kehahooldus","9":"product_cat-kingitused","10":"nt-post-class","11":"","17":"first","18":"instock","19":"taxable","20":"shipping-taxable","21":"purchasable","22":"product-type-simple"},"acf":[],"_links":{"self":[{"href":"https:\/\/store.astieks.com\/et\/wp-json\/wp\/v2\/product\/20101","targetHints":{"allow":["GET"]}}],"collection":[{"href":"https:\/\/store.astieks.com\/et\/wp-json\/wp\/v2\/product"}],"about":[{"href":"https:\/\/store.astieks.com\/et\/wp-json\/wp\/v2\/types\/product"}],"version-history":[{"count":0,"href":"https:\/\/store.astieks.com\/et\/wp-json\/wp\/v2\/product\/20101\/revisions"}],"wp:featuredmedia":[{"embeddable":true,"href":"https:\/\/store.astieks.com\/et\/wp-json\/wp\/v2\/media\/16945"}],"wp:attachment":[{"href":"https:\/\/store.astieks.com\/et\/wp-json\/wp\/v2\/media?parent=20101"}],"wp:term":[{"taxonomy":"product_brand","embeddable":true,"href":"https:\/\/store.astieks.com\/et\/wp-json\/wp\/v2\/product_brand?post=20101"},{"taxonomy":"product_cat","embeddable":true,"href":"https:\/\/store.astieks.com\/et\/wp-json\/wp\/v2\/product_cat?post=20101"},{"taxonomy":"product_tag","embeddable":true,"href":"https:\/\/store.astieks.com\/et\/wp-json\/wp\/v2\/product_tag?post=20101"}],"curies":[{"name":"wp","href":"https:\/\/api.w.org\/{rel}","templated":true}]}}