{"id":20096,"date":"2025-09-23T13:42:25","date_gmt":"2025-09-23T11:42:25","guid":{"rendered":"https:\/\/store.astieks.com\/product\/trudon-gold-madeleine-6-taper-candles\/"},"modified":"2026-03-27T13:53:24","modified_gmt":"2026-03-27T11:53:24","slug":"trudon-gold-madeleine-6-taper-candles","status":"publish","type":"product","link":"https:\/\/store.astieks.com\/et\/product\/trudon-gold-madeleine-6-taper-candles\/","title":{"rendered":"TRUDON Kuld Madeleine 6 koonusk\u00fc\u00fcnlad"},"content":{"rendered":"","protected":false},"excerpt":{"rendered":"<p>Nimega Madeleine, need k\u00fc\u00fcnlad valgustasid kunagi Pariisis asuvat Madeleine\u2019i kirikut. Need on valmistatud traditsiooniliste meetoditega Trudoni Normandia t\u00f6\u00f6kojas. V\u00e4ikeste partiidena v\u00e4rvitud Madeleine\u2019i k\u00fc\u00fcnlad on valmistatud k\u00f5rgekvaliteedilisest vahast ning on tilkumiskindlad ja suitsuvabad.   <\/p>\n<p>K\u00f5rgus: 20 cm (200 mm Igas pakendis on 6 Madeleine\u2019i k\u00fc\u00fcnalt.<\/p>\n<p>Suurused: H: 200mm \u00d8: 22mm<\/p>\n<p>P\u00f5lemisaeg: umbes 7 tundi \u00fche k\u00fc\u00fcnla kohta<\/p>\n<p>Pikkus: 20 cm<\/p>\n","protected":false},"featured_media":16973,"template":"","meta":{"_acf_changed":false},"product_brand":[492],"product_cat":[243,249],"product_tag":[],"class_list":{"0":"post-20096","1":"product","2":"type-product","3":"status-publish","4":"has-post-thumbnail","6":"product_brand-trudon-et","7":"product_cat-kingitused","8":"product_cat-kuunlad","9":"nt-post-class","10":"","16":"first","17":"instock","18":"taxable","19":"shipping-taxable","20":"purchasable","21":"product-type-simple"},"acf":[],"_links":{"self":[{"href":"https:\/\/store.astieks.com\/et\/wp-json\/wp\/v2\/product\/20096","targetHints":{"allow":["GET"]}}],"collection":[{"href":"https:\/\/store.astieks.com\/et\/wp-json\/wp\/v2\/product"}],"about":[{"href":"https:\/\/store.astieks.com\/et\/wp-json\/wp\/v2\/types\/product"}],"version-history":[{"count":1,"href":"https:\/\/store.astieks.com\/et\/wp-json\/wp\/v2\/product\/20096\/revisions"}],"predecessor-version":[{"id":20439,"href":"https:\/\/store.astieks.com\/et\/wp-json\/wp\/v2\/product\/20096\/revisions\/20439"}],"wp:featuredmedia":[{"embeddable":true,"href":"https:\/\/store.astieks.com\/et\/wp-json\/wp\/v2\/media\/16973"}],"wp:attachment":[{"href":"https:\/\/store.astieks.com\/et\/wp-json\/wp\/v2\/media?parent=20096"}],"wp:term":[{"taxonomy":"product_brand","embeddable":true,"href":"https:\/\/store.astieks.com\/et\/wp-json\/wp\/v2\/product_brand?post=20096"},{"taxonomy":"product_cat","embeddable":true,"href":"https:\/\/store.astieks.com\/et\/wp-json\/wp\/v2\/product_cat?post=20096"},{"taxonomy":"product_tag","embeddable":true,"href":"https:\/\/store.astieks.com\/et\/wp-json\/wp\/v2\/product_tag?post=20096"}],"curies":[{"name":"wp","href":"https:\/\/api.w.org\/{rel}","templated":true}]}}