{"id":20095,"date":"2025-09-23T14:11:16","date_gmt":"2025-09-23T12:11:16","guid":{"rendered":"https:\/\/store.astieks.com\/product\/trudon-grey-royale-6-taper-candles\/"},"modified":"2026-03-27T13:51:34","modified_gmt":"2026-03-27T11:51:34","slug":"trudon-grey-royale-6-taper-candles","status":"publish","type":"product","link":"https:\/\/store.astieks.com\/et\/product\/trudon-grey-royale-6-taper-candles\/","title":{"rendered":"TRUDON Hall Royale 6 koonusk\u00fc\u00fcnlad"},"content":{"rendered":"","protected":false},"excerpt":{"rendered":"<p>Need k\u00fc\u00fcnlad kannavad nimetust \u201cRoyale\u201d oma muljetavaldava suuruse t\u00f5ttu. Need on valmistatud k\u00e4sitsi, kasutades traditsioonilisi meetodeid Trudoni Normandia t\u00f6\u00f6kojas. K\u00fc\u00fcnlad on kaetud br\u00e4ndi eksklusiivsete v\u00e4rvidega ning valmistatud k\u00f5rgekvaliteedilisest vahast. Need on tilkumiskindlad ja suitsuvabad.<br \/>K\u00f5rgus: 28 cm (280 mm)<br \/>L\u00e4bim\u00f5\u00f5t: 25 mm<br \/>Igas pakendis on 6 Royale k\u00fc\u00fcnalt.    <\/p>\n<p>K\u00f5rgus: 28 cm<\/p>\n<p>P\u00f5lemisaeg: umbes 14 tundi \u00fche k\u00fc\u00fcnla kohta<\/p>\n<p>Dimensions: H: 280mm \u00d8: 25mm<\/p>\n","protected":false},"featured_media":16998,"template":"","meta":{"_acf_changed":false},"product_brand":[492],"product_cat":[243,249],"product_tag":[],"class_list":{"0":"post-20095","1":"product","2":"type-product","3":"status-publish","4":"has-post-thumbnail","6":"product_brand-trudon-et","7":"product_cat-kingitused","8":"product_cat-kuunlad","9":"nt-post-class","10":"","16":"first","17":"instock","18":"taxable","19":"shipping-taxable","20":"purchasable","21":"product-type-simple"},"acf":[],"_links":{"self":[{"href":"https:\/\/store.astieks.com\/et\/wp-json\/wp\/v2\/product\/20095","targetHints":{"allow":["GET"]}}],"collection":[{"href":"https:\/\/store.astieks.com\/et\/wp-json\/wp\/v2\/product"}],"about":[{"href":"https:\/\/store.astieks.com\/et\/wp-json\/wp\/v2\/types\/product"}],"version-history":[{"count":2,"href":"https:\/\/store.astieks.com\/et\/wp-json\/wp\/v2\/product\/20095\/revisions"}],"predecessor-version":[{"id":20437,"href":"https:\/\/store.astieks.com\/et\/wp-json\/wp\/v2\/product\/20095\/revisions\/20437"}],"wp:featuredmedia":[{"embeddable":true,"href":"https:\/\/store.astieks.com\/et\/wp-json\/wp\/v2\/media\/16998"}],"wp:attachment":[{"href":"https:\/\/store.astieks.com\/et\/wp-json\/wp\/v2\/media?parent=20095"}],"wp:term":[{"taxonomy":"product_brand","embeddable":true,"href":"https:\/\/store.astieks.com\/et\/wp-json\/wp\/v2\/product_brand?post=20095"},{"taxonomy":"product_cat","embeddable":true,"href":"https:\/\/store.astieks.com\/et\/wp-json\/wp\/v2\/product_cat?post=20095"},{"taxonomy":"product_tag","embeddable":true,"href":"https:\/\/store.astieks.com\/et\/wp-json\/wp\/v2\/product_tag?post=20095"}],"curies":[{"name":"wp","href":"https:\/\/api.w.org\/{rel}","templated":true}]}}