{"id":20089,"date":"2025-09-23T15:00:47","date_gmt":"2025-09-23T13:00:47","guid":{"rendered":"https:\/\/store.astieks.com\/product\/trudon-the-diffuser-abd-el-kader-moroccan-mint-tea-350-ml\/"},"modified":"2026-03-27T13:33:58","modified_gmt":"2026-03-27T11:33:58","slug":"trudon-the-diffuser-abd-el-kader-moroccan-mint-tea-350-ml","status":"publish","type":"product","link":"https:\/\/store.astieks.com\/et\/product\/trudon-the-diffuser-abd-el-kader-moroccan-mint-tea-350-ml\/","title":{"rendered":"TRUDON Difuusor Abd El Kader Moroccan mint Tea 350 ml"},"content":{"rendered":"<p>Tuulepuhang vabadusest Mascara rannikult ja m\u00e4gedest kannab endaga v\u00e4rske m\u00fcndi rohelisi noote, v\u00f5itluste j\u00f5ulisust, ingveri kuuma ja v\u00fcrtsikat h\u00f5ngu ning Ouled Naili h\u00f5imu tee ja tubaka aroomi.<\/p>\n","protected":false},"excerpt":{"rendered":"<p>Kodutarvikute kollektsioon tervitab uut ikooni: Trudoni difuuser liitub L\u2019OEuf\u2019i, toasprei ja La Promeneuse\u2019iga, et veelgi enam interj\u00f6\u00f6ri l\u00f5hnastada.<\/p>\n<p>Flaakon 350 ml on valmistatud Trudoni ikoonilisest rohelisest riffelitud klaasist ja kaunistatud kuldse embleemiga.<\/p>\n<p>Valmistatud k\u00e4sitsi samas klaasit\u00f6\u00f6kojas, kus toodetakse k\u00fc\u00fcnlaid. Diifuuseri \u00fclaosa on varustatud 100% taaskasutatava alumiiniumist r\u00f5ngaga, kuhu asetatakse 8 looduslikku musta rotangist pulka. <\/p>\n<p>Difuuser v\u00f5imaldab passiivset l\u00f5hnastamist 3 kuni 4 kuu jooksul.<\/p>\n<p>Eraldi t\u00e4idised on saadaval.<\/p>\n<div class=\"page-title-wrapper\">\n<p id=\"page-title-heading\" class=\"page-title\" aria-labelledby=\"page-title-heading toolbar-amount\"><strong><span class=\"base\" data-ui-id=\"page-title-wrapper\">Abd El Kader kollektsioon<br \/>See l\u00f5hn v\u00e4ljendab vabaduse ja liikumise tunnet, \u00fchendades v\u00e4rsked, v\u00fcrtsikad ja soojad akordid harmooniliseks tervikuks.<\/span><\/strong><\/p>\n<\/div>\n<div class=\"category-description\">\n<div data-content-type=\"row\" data-appearance=\"contained\" data-element=\"main\">\n<div data-enable-parallax=\"0\" data-parallax-speed=\"0.5\" data-background-images=\"{}\" data-element=\"inner\">\n<div data-content-type=\"html\" data-appearance=\"default\" data-element=\"main\">\n<p>Tuulepuhang vabadusest Mascara rannikult ja m\u00e4gedest kannab endaga v\u00e4rske m\u00fcndi rohelisi noote, v\u00f5itluste j\u00f5ulisust, ingveri kuuma ja v\u00fcrtsikat h\u00f5ngu ning Ouled Naili h\u00f5imu tee ja tubaka aroomi\u2026<br \/>L\u00f5hnap\u00fcramiid<br \/>Tipunoodid: musts\u00f5stra pung, sidrun, ingver, nelk, rohem\u00fcnt, \u00f5un<br \/>\nS\u00fcdamenoodid: jasmiin<br \/>\nP\u00f5hjanoodid: vanill<br \/>Maht: 350 ml<\/p>\n<\/div>\n<\/div>\n<\/div>\n<\/div>\n","protected":false},"featured_media":17054,"template":"","meta":{"_acf_changed":false},"product_brand":[492],"product_cat":[253,243,245],"product_tag":[],"class_list":{"0":"post-20089","1":"product","2":"type-product","3":"status-publish","4":"has-post-thumbnail","6":"product_brand-trudon-et","7":"product_cat-difuuserid","8":"product_cat-kingitused","9":"product_cat-kodulohnad","10":"nt-post-class","11":"","17":"first","18":"instock","19":"taxable","20":"shipping-taxable","21":"purchasable","22":"product-type-simple"},"acf":[],"_links":{"self":[{"href":"https:\/\/store.astieks.com\/et\/wp-json\/wp\/v2\/product\/20089","targetHints":{"allow":["GET"]}}],"collection":[{"href":"https:\/\/store.astieks.com\/et\/wp-json\/wp\/v2\/product"}],"about":[{"href":"https:\/\/store.astieks.com\/et\/wp-json\/wp\/v2\/types\/product"}],"version-history":[{"count":1,"href":"https:\/\/store.astieks.com\/et\/wp-json\/wp\/v2\/product\/20089\/revisions"}],"predecessor-version":[{"id":20432,"href":"https:\/\/store.astieks.com\/et\/wp-json\/wp\/v2\/product\/20089\/revisions\/20432"}],"wp:featuredmedia":[{"embeddable":true,"href":"https:\/\/store.astieks.com\/et\/wp-json\/wp\/v2\/media\/17054"}],"wp:attachment":[{"href":"https:\/\/store.astieks.com\/et\/wp-json\/wp\/v2\/media?parent=20089"}],"wp:term":[{"taxonomy":"product_brand","embeddable":true,"href":"https:\/\/store.astieks.com\/et\/wp-json\/wp\/v2\/product_brand?post=20089"},{"taxonomy":"product_cat","embeddable":true,"href":"https:\/\/store.astieks.com\/et\/wp-json\/wp\/v2\/product_cat?post=20089"},{"taxonomy":"product_tag","embeddable":true,"href":"https:\/\/store.astieks.com\/et\/wp-json\/wp\/v2\/product_tag?post=20089"}],"curies":[{"name":"wp","href":"https:\/\/api.w.org\/{rel}","templated":true}]}}