{"id":20087,"date":"2025-09-23T15:08:44","date_gmt":"2025-09-23T13:08:44","guid":{"rendered":"https:\/\/store.astieks.com\/product\/trudon-the-diffuser-abd-el-kader-moroccan-mint-tea-1000-ml\/"},"modified":"2026-03-27T14:49:15","modified_gmt":"2026-03-27T12:49:15","slug":"trudon-the-diffuser-abd-el-kader-moroccan-mint-tea-1000-ml","status":"publish","type":"product","link":"https:\/\/store.astieks.com\/et\/product\/trudon-the-diffuser-abd-el-kader-moroccan-mint-tea-1000-ml\/","title":{"rendered":"TRUDON Abd El Kader difuusor (Maroko m\u00fcnditee), 1000 ml"},"content":{"rendered":"<p>Tuulepuhang vabadusest Mascara rannikult ja m\u00e4gedest kannab endaga v\u00e4rske m\u00fcndi rohelisi noote, v\u00f5itluste j\u00f5ulisust, ingveri kuuma ja v\u00fcrtsikat h\u00f5ngu ning Ouled Naili h\u00f5imu tee ja tubaka aroomi.<\/p>\n","protected":false},"excerpt":{"rendered":"<div class=\"relative p-1 rounded-sm flex items-center justify-center bg-token-main-surface-primary text-token-text-primary h-8 w-8\">2024. aasta suvel esitleb Maison Trudon uhkusega Grand Diffuser\u2019it.<br \/>See l\u00f5hn v\u00e4ljendab v\u00e4rskust ja vabaduse tunnet, \u00fchendades rohelised ja v\u00fcrtsikad n\u00fcansid ning pehme magususe, luues elava ja harmoonilise atmosf\u00e4\u00e4ri.<\/div>\n<div class=\"relative p-1 rounded-sm flex items-center justify-center bg-token-main-surface-primary text-token-text-primary h-8 w-8\"><\/div>\n<div class=\"relative p-1 rounded-sm flex items-center justify-center bg-token-main-surface-primary text-token-text-primary h-8 w-8\">Nagu k\u00e4sitsi valminud meistriteos, nihutab see tavap\u00e4rase piire, pakkudes erakordset esteetilist ja l\u00f5hnakogemust. Suursugune ja samas rafineeritud Grand Diffuser on ajatu elegantsi v\u00e4ljendus, mis on loodud t\u00e4iendama avaraid ja esinduslikke ruume. See kehastab Maison\u2019i filosoofiat: erakordse k\u00e4sit\u00f6\u00f6oskuse edasiandmist ning vankumatut p\u00fchendumust kvaliteedile ja ilule.  <\/div>\n<div class=\"relative p-1 rounded-sm flex items-center justify-center bg-token-main-surface-primary text-token-text-primary h-8 w-8\"><\/div>\n<div class=\"relative p-1 rounded-sm flex items-center justify-center bg-token-main-surface-primary text-token-text-primary h-8 w-8\">Grand Diffuser on eelnevalt t\u00e4idetud ning tarnitakse koos eraldi pulkadega. Seda saab uuesti t\u00e4ita; t\u00e4itekomplekt sisaldab 1-liitrist l\u00f5hnavedeliku pudelit ja pulkade komplekti.<\/div>\n<div>Aroomip\u00fcramiid<\/div>\n<div>Tipunoodid: musts\u00f5stra pung, sidrun, ingver, nelk, rohem\u00fcnt, \u00f5un<br \/>\nS\u00fcdamenoodid: jasmiin<br \/>\nP\u00f5hjanoodid: vanill<\/div>\n<div>Maht: 1000 ml<\/div>\n","protected":false},"featured_media":17067,"template":"","meta":{"_acf_changed":false},"product_brand":[492],"product_cat":[253,243,245],"product_tag":[],"class_list":{"0":"post-20087","1":"product","2":"type-product","3":"status-publish","4":"has-post-thumbnail","6":"product_brand-trudon-et","7":"product_cat-difuuserid","8":"product_cat-kingitused","9":"product_cat-kodulohnad","10":"nt-post-class","11":"","17":"first","18":"outofstock","19":"taxable","20":"shipping-taxable","21":"purchasable","22":"product-type-simple"},"acf":[],"_links":{"self":[{"href":"https:\/\/store.astieks.com\/et\/wp-json\/wp\/v2\/product\/20087","targetHints":{"allow":["GET"]}}],"collection":[{"href":"https:\/\/store.astieks.com\/et\/wp-json\/wp\/v2\/product"}],"about":[{"href":"https:\/\/store.astieks.com\/et\/wp-json\/wp\/v2\/types\/product"}],"version-history":[{"count":1,"href":"https:\/\/store.astieks.com\/et\/wp-json\/wp\/v2\/product\/20087\/revisions"}],"predecessor-version":[{"id":20465,"href":"https:\/\/store.astieks.com\/et\/wp-json\/wp\/v2\/product\/20087\/revisions\/20465"}],"wp:featuredmedia":[{"embeddable":true,"href":"https:\/\/store.astieks.com\/et\/wp-json\/wp\/v2\/media\/17067"}],"wp:attachment":[{"href":"https:\/\/store.astieks.com\/et\/wp-json\/wp\/v2\/media?parent=20087"}],"wp:term":[{"taxonomy":"product_brand","embeddable":true,"href":"https:\/\/store.astieks.com\/et\/wp-json\/wp\/v2\/product_brand?post=20087"},{"taxonomy":"product_cat","embeddable":true,"href":"https:\/\/store.astieks.com\/et\/wp-json\/wp\/v2\/product_cat?post=20087"},{"taxonomy":"product_tag","embeddable":true,"href":"https:\/\/store.astieks.com\/et\/wp-json\/wp\/v2\/product_tag?post=20087"}],"curies":[{"name":"wp","href":"https:\/\/api.w.org\/{rel}","templated":true}]}}