{"id":20085,"date":"2025-09-23T15:16:29","date_gmt":"2025-09-23T13:16:29","guid":{"rendered":"https:\/\/store.astieks.com\/product\/trudon-the-refill-abd-el-kader-moroccan-mint-tea-300-ml\/"},"modified":"2026-03-27T14:59:42","modified_gmt":"2026-03-27T12:59:42","slug":"trudon-the-refill-abd-el-kader-moroccan-mint-tea-300-ml","status":"publish","type":"product","link":"https:\/\/store.astieks.com\/et\/product\/trudon-the-refill-abd-el-kader-moroccan-mint-tea-300-ml\/","title":{"rendered":"TRUDON Abd El Kader t\u00e4itevedelik (Maroko m\u00fcnditee), 300 ml"},"content":{"rendered":"<p>Tuulepuhang vabadusest Mascara rannikult ja m\u00e4gedest kannab endaga v\u00e4rske m\u00fcndi rohelisi noote, v\u00f5itluste j\u00f5ulisust, ingveri kuuma ja v\u00fcrtsikat h\u00f5ngu ning Ouled Naili h\u00f5imu tee ja tubaka aroomi.<\/p>\n","protected":false},"excerpt":{"rendered":"<p>T\u00e4itepudel Le Diffuseur\u2019ile.<\/p>\n<p>Komplekt koosneb 300 ml pudelist, mis sisaldab l\u00f5hna, ning 8 looduslikust mustast rotangipulgast.<\/p>\n<p>T\u00e4idis v\u00f5imaldab 3 kuni 4 kuud passiivset l\u00f5hnastamist.<\/p>\n<div class=\"page-title-wrapper\">\n<p id=\"page-title-heading\" class=\"page-title\" aria-labelledby=\"page-title-heading toolbar-amount\"><strong><span class=\"base\" data-ui-id=\"page-title-wrapper\">Abd El Kader kollektsioon<br \/>See l\u00f5hn v\u00e4ljendab vabaduse ja liikumise tunnet, \u00fchendades v\u00e4rsked, v\u00fcrtsikad ja soojad akordid harmooniliseks tervikuks.<\/span><\/strong><\/p>\n<\/div>\n<div class=\"category-description\">\n<div data-content-type=\"row\" data-appearance=\"contained\" data-element=\"main\">\n<div data-enable-parallax=\"0\" data-parallax-speed=\"0.5\" data-background-images=\"{}\" data-element=\"inner\">\n<div data-content-type=\"html\" data-appearance=\"default\" data-element=\"main\">\n<p>Tuulepuhang vabadusest Mascara rannikult ja m\u00e4gedest kannab endaga v\u00e4rske m\u00fcndi rohelisi noote, v\u00f5itluste j\u00f5ulisust, ingveri kuuma ja v\u00fcrtsikat h\u00f5ngu ning Ouled Naili h\u00f5imu tee ja tubaka aroomi.<\/p>\n<p>L\u00f5hnap\u00fcramiid<br \/>\nTipunoodid: musts\u00f5stra pung, sidrun, nelk, ingver, m\u00fcnt, \u00f5un<br \/>\nS\u00fcdamenoodid: jasmiin<br \/>\nP\u00f5hjanoodid: vanill<br \/>Maht: 300 ml<\/p>\n<\/div>\n<\/div>\n<\/div>\n<\/div>\n","protected":false},"featured_media":17080,"template":"","meta":{"_acf_changed":false},"product_brand":[492],"product_cat":[253,243,245],"product_tag":[],"class_list":{"0":"post-20085","1":"product","2":"type-product","3":"status-publish","4":"has-post-thumbnail","6":"product_brand-trudon-et","7":"product_cat-difuuserid","8":"product_cat-kingitused","9":"product_cat-kodulohnad","10":"nt-post-class","11":"","17":"first","18":"instock","19":"taxable","20":"shipping-taxable","21":"purchasable","22":"product-type-simple"},"acf":[],"_links":{"self":[{"href":"https:\/\/store.astieks.com\/et\/wp-json\/wp\/v2\/product\/20085","targetHints":{"allow":["GET"]}}],"collection":[{"href":"https:\/\/store.astieks.com\/et\/wp-json\/wp\/v2\/product"}],"about":[{"href":"https:\/\/store.astieks.com\/et\/wp-json\/wp\/v2\/types\/product"}],"version-history":[{"count":1,"href":"https:\/\/store.astieks.com\/et\/wp-json\/wp\/v2\/product\/20085\/revisions"}],"predecessor-version":[{"id":20468,"href":"https:\/\/store.astieks.com\/et\/wp-json\/wp\/v2\/product\/20085\/revisions\/20468"}],"wp:featuredmedia":[{"embeddable":true,"href":"https:\/\/store.astieks.com\/et\/wp-json\/wp\/v2\/media\/17080"}],"wp:attachment":[{"href":"https:\/\/store.astieks.com\/et\/wp-json\/wp\/v2\/media?parent=20085"}],"wp:term":[{"taxonomy":"product_brand","embeddable":true,"href":"https:\/\/store.astieks.com\/et\/wp-json\/wp\/v2\/product_brand?post=20085"},{"taxonomy":"product_cat","embeddable":true,"href":"https:\/\/store.astieks.com\/et\/wp-json\/wp\/v2\/product_cat?post=20085"},{"taxonomy":"product_tag","embeddable":true,"href":"https:\/\/store.astieks.com\/et\/wp-json\/wp\/v2\/product_tag?post=20085"}],"curies":[{"name":"wp","href":"https:\/\/api.w.org\/{rel}","templated":true}]}}