{"id":20082,"date":"2025-09-23T15:22:24","date_gmt":"2025-09-23T13:22:24","guid":{"rendered":"https:\/\/store.astieks.com\/product\/trudon-la-grande-recharge-abd-el-kader-moroccan-mint-tea-1000-ml\/"},"modified":"2026-03-27T14:46:51","modified_gmt":"2026-03-27T12:46:51","slug":"trudon-la-grande-recharge-abd-el-kader-moroccan-mint-tea-1000-ml","status":"publish","type":"product","link":"https:\/\/store.astieks.com\/et\/product\/trudon-la-grande-recharge-abd-el-kader-moroccan-mint-tea-1000-ml\/","title":{"rendered":"TRUDON Suur T\u00e4itepudel Abd El Kader Moroccan mint Tea 1000 ml"},"content":{"rendered":"","protected":false},"excerpt":{"rendered":"<p>T\u00e4itevedelik Le Diffuseur\u2019ile<br \/>\nKomplekt sisaldab 1000 ml l\u00f5hnavedelikku ning 8 naturaalset musta rotangpulka.<br \/>\nT\u00e4itepudel v\u00f5imaldab kuni 6 kuud kestvat pidevat ja \u00f5rna l\u00f5hna hajumist.<br \/>\nL\u00f5hnap\u00fcramiid<br \/>\nTipunoodid: musts\u00f5stra pung, sidrun, nelk, ingver, m\u00fcnt, \u00f5un<br \/>\nS\u00fcdamenoodid: jasmiin<br \/>\nP\u00f5hjanoodid: vanill<br \/>\nMaht: 1000 ml<\/p>\n","protected":false},"featured_media":17098,"template":"","meta":{"_acf_changed":false},"product_brand":[492],"product_cat":[253,243,245],"product_tag":[],"class_list":{"0":"post-20082","1":"product","2":"type-product","3":"status-publish","4":"has-post-thumbnail","6":"product_brand-trudon-et","7":"product_cat-difuuserid","8":"product_cat-kingitused","9":"product_cat-kodulohnad","10":"nt-post-class","11":"","17":"first","18":"outofstock","19":"taxable","20":"shipping-taxable","21":"purchasable","22":"product-type-simple"},"acf":[],"_links":{"self":[{"href":"https:\/\/store.astieks.com\/et\/wp-json\/wp\/v2\/product\/20082","targetHints":{"allow":["GET"]}}],"collection":[{"href":"https:\/\/store.astieks.com\/et\/wp-json\/wp\/v2\/product"}],"about":[{"href":"https:\/\/store.astieks.com\/et\/wp-json\/wp\/v2\/types\/product"}],"version-history":[{"count":1,"href":"https:\/\/store.astieks.com\/et\/wp-json\/wp\/v2\/product\/20082\/revisions"}],"predecessor-version":[{"id":20084,"href":"https:\/\/store.astieks.com\/et\/wp-json\/wp\/v2\/product\/20082\/revisions\/20084"}],"wp:featuredmedia":[{"embeddable":true,"href":"https:\/\/store.astieks.com\/et\/wp-json\/wp\/v2\/media\/17098"}],"wp:attachment":[{"href":"https:\/\/store.astieks.com\/et\/wp-json\/wp\/v2\/media?parent=20082"}],"wp:term":[{"taxonomy":"product_brand","embeddable":true,"href":"https:\/\/store.astieks.com\/et\/wp-json\/wp\/v2\/product_brand?post=20082"},{"taxonomy":"product_cat","embeddable":true,"href":"https:\/\/store.astieks.com\/et\/wp-json\/wp\/v2\/product_cat?post=20082"},{"taxonomy":"product_tag","embeddable":true,"href":"https:\/\/store.astieks.com\/et\/wp-json\/wp\/v2\/product_tag?post=20082"}],"curies":[{"name":"wp","href":"https:\/\/api.w.org\/{rel}","templated":true}]}}