{"id":20075,"date":"2025-09-23T15:50:44","date_gmt":"2025-09-23T13:50:44","guid":{"rendered":"https:\/\/store.astieks.com\/product\/trudon-cyrnos-mediterranean-aromas-270-g\/"},"modified":"2026-03-27T13:30:27","modified_gmt":"2026-03-27T11:30:27","slug":"trudon-cyrnos-mediterranean-aromas-270-g","status":"publish","type":"product","link":"https:\/\/store.astieks.com\/et\/product\/trudon-cyrnos-mediterranean-aromas-270-g\/","title":{"rendered":"TRUDON Cyrnos k\u00fc\u00fcnal Vahemere l\u00f5hnadega, 270g"},"content":{"rendered":"<div class=\"page-title-wrapper\">\n<p aria-labelledby=\"page-title-heading toolbar-amount\">P\u00e4ikeselises tsitruselises aias tervitas Cyrnose villa 20. sajandi alguse v\u00e4ljapeetud eliiti. Kuningannad, luuletajad ja kunstnikud kohtusid viigipuude ning p\u00e4ikesevarjup\u00f5\u00f5saste varjus. Nad nautisid imelist vaadet ja lihtsat elu, mis on iseloomulik Vahemere sinistele kallastele. Villa \u00f5hku t\u00e4itis Roquebrune\u2019i l\u00f5hnastatud lavendli aroom, mis segunes Provansi kuivade l\u00f5hnadega.   <\/p>\n<p id=\"page-title-heading\" class=\"page-title\" aria-labelledby=\"page-title-heading toolbar-amount\"><strong><span class=\"base\" data-ui-id=\"page-title-wrapper\">Cyrnos kollektsioon<\/span><\/strong><\/p>\n<\/div>\n<div class=\"category-description\">\n<div data-content-type=\"row\" data-appearance=\"contained\" data-element=\"main\">\n<div data-enable-parallax=\"0\" data-parallax-speed=\"0.5\" data-background-images=\"{}\" data-element=\"inner\">\n<div data-content-type=\"html\" data-appearance=\"default\" data-element=\"main\">\n<p>P\u00e4ikeselises tsitruselises aias tervitas Cyrnose villa 20. sajandi alguse v\u00e4ljapeetud eliiti. Kuningannad, luuletajad ja kunstnikud kohtusid viigipuude ning p\u00e4ikesevarjup\u00f5\u00f5saste varjus. Nad nautisid imelist vaadet ja lihtsat elu, mis on iseloomulik Vahemere sinistele kallastele. Villa \u00f5hku t\u00e4itis Roquebrune\u2019i l\u00f5hnastatud lavendli aroom, mis segunes Provansi kuivade l\u00f5hnadega.   <\/p>\n<p>Teade: Selleks et k\u00fc\u00fcnlast maksimaalselt r\u00f5\u00f5mu tunda, p\u00f5leta seda seni, kuni kogu k\u00fc\u00fcnla pealispind on sulanud.<br \/>\nKui p\u00f5letad mitu k\u00fc\u00fcnalt korraga, j\u00e4ta iga k\u00fc\u00fcnla vahele v\u00e4hemalt 30 cm vahet.<br \/>\n\u00c4ra j\u00e4ta k\u00fc\u00fcnalt kunagi j\u00e4relevalveta p\u00f5lema. \u00c4ra aseta k\u00fc\u00fcnalt tuulet\u00f5mbusesse. Hoia lastele, lemmikloomadele ja kardinatele k\u00e4ttesaamatus kohas.<br \/>\nKui taht vajab tsentreerimist, reguleeri seda ettevaatlikult sulanud vaha sees, kuni see on \u00f5iges asendis. Lase k\u00fc\u00fcnlal enne uuesti s\u00fc\u00fctamist t\u00e4ielikult taheneda.<br \/>\nKui ilmub musta suitsu, l\u00f5ika tahti l\u00fchemaks. Taht peaks olema alati puhas ja mitte pikem kui 5 mm.<br \/>\nKaitse alati pinda, millel k\u00fc\u00fcnal asub (n\u00e4iteks puidust v\u00f5i keraamilise alusega).<br \/>\nKlaasi kaitsmiseks j\u00e4ta klassikalise suurusega k\u00fc\u00fcnalde puhul alati alles v\u00e4hemalt 0,5 cm sulamata vaha. L\u2019Interm\u00e8de ja La Grande Bougie k\u00fc\u00fcnlad on varustatud tahisummutajaga ja kustuvad automaatselt, kui see muutub n\u00e4htavaks. (J\u00e4ta alati v\u00e4hemalt 3 cm sulamata vaha k\u00fc\u00fcnla p\u00f5hja.)<br \/>\nHoia k\u00fc\u00fcnalt kuivas ja m\u00f5\u00f5duka temperatuuriga kohas, temperatuuril 15\u201327 \u00b0C (60\u201380 \u00b0F).<br \/>\nK\u00fc\u00fcnalt tuleks esmakordselt kasutada kahe kuu jooksul p\u00e4rast selle k\u00e4ttesaamist.      <\/p>\n<\/div>\n<\/div>\n<\/div>\n<\/div>\n","protected":false},"excerpt":{"rendered":"<p>Trudoni klassika, Classic Candle sobib igaks s\u00fcndmuseks ning l\u00f5hnastab iga toa. Saadaval k\u00f5ikides l\u00f5hnades, on see k\u00f5ige ikoonilisem k\u00fc\u00fcnal. Need valmivad Trudoni t\u00f6\u00f6tubades Normandias, Prantsusmaal, kasutades meisterk\u00fc\u00fcnlavalmistajate v\u00f5rreldamatut oskusteavet.  <\/p>\n<p>Aroomip\u00fcramiid<\/p>\n<p>Tipunoodid<br \/>\nSidrun, murakas, t\u00fc\u00fcmian<br \/>\nS\u00fcdamenoodid<br \/>\nSeedripuu, must viigipuu, lavendel, m\u00e4nd<br \/>\nP\u00f5hjanoodid<br \/>\nKa\u0161miirpuit, muskus, pat\u0161uli<\/p>\n<p>P\u00f5lemisaeg: 55 kuni 60 tundi<\/p>\n<p>Kaal: 270 ml<\/p>\n<p>Suurused: H: 10,5 cm \u00d8: 9 cm<\/p>\n<p>&nbsp;<\/p>\n","protected":false},"featured_media":17124,"template":"","meta":{"_acf_changed":false},"product_brand":[492],"product_cat":[243,245,249],"product_tag":[],"class_list":{"0":"post-20075","1":"product","2":"type-product","3":"status-publish","4":"has-post-thumbnail","6":"product_brand-trudon-et","7":"product_cat-kingitused","8":"product_cat-kodulohnad","9":"product_cat-kuunlad","10":"nt-post-class","11":"","17":"first","18":"instock","19":"taxable","20":"shipping-taxable","21":"purchasable","22":"product-type-simple"},"acf":[],"_links":{"self":[{"href":"https:\/\/store.astieks.com\/et\/wp-json\/wp\/v2\/product\/20075","targetHints":{"allow":["GET"]}}],"collection":[{"href":"https:\/\/store.astieks.com\/et\/wp-json\/wp\/v2\/product"}],"about":[{"href":"https:\/\/store.astieks.com\/et\/wp-json\/wp\/v2\/types\/product"}],"version-history":[{"count":1,"href":"https:\/\/store.astieks.com\/et\/wp-json\/wp\/v2\/product\/20075\/revisions"}],"predecessor-version":[{"id":20430,"href":"https:\/\/store.astieks.com\/et\/wp-json\/wp\/v2\/product\/20075\/revisions\/20430"}],"wp:featuredmedia":[{"embeddable":true,"href":"https:\/\/store.astieks.com\/et\/wp-json\/wp\/v2\/media\/17124"}],"wp:attachment":[{"href":"https:\/\/store.astieks.com\/et\/wp-json\/wp\/v2\/media?parent=20075"}],"wp:term":[{"taxonomy":"product_brand","embeddable":true,"href":"https:\/\/store.astieks.com\/et\/wp-json\/wp\/v2\/product_brand?post=20075"},{"taxonomy":"product_cat","embeddable":true,"href":"https:\/\/store.astieks.com\/et\/wp-json\/wp\/v2\/product_cat?post=20075"},{"taxonomy":"product_tag","embeddable":true,"href":"https:\/\/store.astieks.com\/et\/wp-json\/wp\/v2\/product_tag?post=20075"}],"curies":[{"name":"wp","href":"https:\/\/api.w.org\/{rel}","templated":true}]}}