{"id":20071,"date":"2025-09-23T16:11:27","date_gmt":"2025-09-23T14:11:27","guid":{"rendered":"https:\/\/store.astieks.com\/product\/trudon-dutch-candlestick-accessory\/"},"modified":"2026-03-20T13:23:00","modified_gmt":"2026-03-20T11:23:00","slug":"trudon-dutch-candlestick-accessory","status":"publish","type":"product","link":"https:\/\/store.astieks.com\/et\/product\/trudon-dutch-candlestick-accessory\/","title":{"rendered":"TRUDON Hollandi k\u00fc\u00fcnlajalg"},"content":{"rendered":"","protected":false},"excerpt":{"rendered":"<p>Trudoni igap\u00e4evased rituaalid kannavad endas kuninglikku v\u00e4\u00e4rikust ja aadellikkust: teatrilike k\u00fc\u00fcnlajalgade ja kandelabrite abil esile toodud sihvakas siluett loob erilise atmosf\u00e4\u00e4ri. See kullatud Hollandi stiilis k\u00fc\u00fcnlajalg on loodud Madeleine t\u00fc\u00fcpi kitsastele k\u00fc\u00fcnaldele. <\/p>\n<p>Iga ese on k\u00e4sitsi valmistatud ning peegeldab meie erakordset meisterlikkust, pakkudes seel\u00e4bi ainulaadset iseloomu.<\/p>\n","protected":false},"featured_media":17155,"template":"","meta":{"_acf_changed":false},"product_brand":[492],"product_cat":[243,238,480],"product_tag":[],"class_list":{"0":"post-20071","1":"product","2":"type-product","3":"status-publish","4":"has-post-thumbnail","6":"product_brand-trudon-et","7":"product_cat-kingitused","8":"product_cat-kodu-kaunistused","9":"product_cat-kuunlajalg","10":"nt-post-class","11":"","17":"first","18":"instock","19":"taxable","20":"shipping-taxable","21":"purchasable","22":"product-type-simple"},"acf":[],"_links":{"self":[{"href":"https:\/\/store.astieks.com\/et\/wp-json\/wp\/v2\/product\/20071","targetHints":{"allow":["GET"]}}],"collection":[{"href":"https:\/\/store.astieks.com\/et\/wp-json\/wp\/v2\/product"}],"about":[{"href":"https:\/\/store.astieks.com\/et\/wp-json\/wp\/v2\/types\/product"}],"version-history":[{"count":1,"href":"https:\/\/store.astieks.com\/et\/wp-json\/wp\/v2\/product\/20071\/revisions"}],"predecessor-version":[{"id":20079,"href":"https:\/\/store.astieks.com\/et\/wp-json\/wp\/v2\/product\/20071\/revisions\/20079"}],"wp:featuredmedia":[{"embeddable":true,"href":"https:\/\/store.astieks.com\/et\/wp-json\/wp\/v2\/media\/17155"}],"wp:attachment":[{"href":"https:\/\/store.astieks.com\/et\/wp-json\/wp\/v2\/media?parent=20071"}],"wp:term":[{"taxonomy":"product_brand","embeddable":true,"href":"https:\/\/store.astieks.com\/et\/wp-json\/wp\/v2\/product_brand?post=20071"},{"taxonomy":"product_cat","embeddable":true,"href":"https:\/\/store.astieks.com\/et\/wp-json\/wp\/v2\/product_cat?post=20071"},{"taxonomy":"product_tag","embeddable":true,"href":"https:\/\/store.astieks.com\/et\/wp-json\/wp\/v2\/product_tag?post=20071"}],"curies":[{"name":"wp","href":"https:\/\/api.w.org\/{rel}","templated":true}]}}