{"id":20070,"date":"2025-09-23T16:19:57","date_gmt":"2025-09-23T14:19:57","guid":{"rendered":"https:\/\/store.astieks.com\/product\/trudon-elae-moroccan-neroli-ylang-ylang-and-australian-sandalwood-100-ml\/"},"modified":"2025-09-23T16:19:57","modified_gmt":"2025-09-23T14:19:57","slug":"trudon-elae-moroccan-neroli-ylang-ylang-and-australian-sandalwood-100-ml","status":"publish","type":"product","link":"https:\/\/store.astieks.com\/et\/product\/trudon-elae-moroccan-neroli-ylang-ylang-and-australian-sandalwood-100-ml\/","title":{"rendered":"TRUDON Elae Parf\u00fc\u00fcm 100 ml"},"content":{"rendered":"<p>TRUDON Elae Maroko neroli, ilang-ilang ja Austraalia sandlipuu, 100 ml.<\/p>\n","protected":false},"excerpt":{"rendered":"<p><em>Voolav kimp, millest kiirgab helendav aura.<\/em><\/p>\n<p>Elae, valguse ja v\u00e4rskusega \u00fcmbritsetud. Noored valged \u00f5ied p\u00f5imuvad sensuaalsete balsamiliste nootidega. <\/p>\n<p>Aroomip\u00fcramiid<\/p>\n<p>Tipunoodid: Maroko neroli, \u00f5un<br \/>\nS\u00fcdamenoodid: Egiptuse jasmiin, ylang-ylang<br \/>\nP\u00f5hjanoodid: Laose bensoe, Austraalia sandlipuu<\/p>\n<p>Maht: 100 ml<\/p>\n","protected":false},"featured_media":17169,"template":"","meta":{"_acf_changed":false},"product_brand":[492],"product_cat":[469,234,243],"product_tag":[],"class_list":{"0":"post-20070","1":"product","2":"type-product","3":"status-publish","4":"has-post-thumbnail","6":"product_brand-trudon-et","7":"product_cat-parfuumid","8":"product_cat-kehahooldus","9":"product_cat-kingitused","10":"nt-post-class","11":"","17":"first","18":"instock","19":"taxable","20":"shipping-taxable","21":"purchasable","22":"product-type-simple"},"acf":[],"_links":{"self":[{"href":"https:\/\/store.astieks.com\/et\/wp-json\/wp\/v2\/product\/20070","targetHints":{"allow":["GET"]}}],"collection":[{"href":"https:\/\/store.astieks.com\/et\/wp-json\/wp\/v2\/product"}],"about":[{"href":"https:\/\/store.astieks.com\/et\/wp-json\/wp\/v2\/types\/product"}],"version-history":[{"count":0,"href":"https:\/\/store.astieks.com\/et\/wp-json\/wp\/v2\/product\/20070\/revisions"}],"wp:featuredmedia":[{"embeddable":true,"href":"https:\/\/store.astieks.com\/et\/wp-json\/wp\/v2\/media\/17169"}],"wp:attachment":[{"href":"https:\/\/store.astieks.com\/et\/wp-json\/wp\/v2\/media?parent=20070"}],"wp:term":[{"taxonomy":"product_brand","embeddable":true,"href":"https:\/\/store.astieks.com\/et\/wp-json\/wp\/v2\/product_brand?post=20070"},{"taxonomy":"product_cat","embeddable":true,"href":"https:\/\/store.astieks.com\/et\/wp-json\/wp\/v2\/product_cat?post=20070"},{"taxonomy":"product_tag","embeddable":true,"href":"https:\/\/store.astieks.com\/et\/wp-json\/wp\/v2\/product_tag?post=20070"}],"curies":[{"name":"wp","href":"https:\/\/api.w.org\/{rel}","templated":true}]}}