{"id":20066,"date":"2025-09-23T16:26:02","date_gmt":"2025-09-23T14:26:02","guid":{"rendered":"https:\/\/store.astieks.com\/product\/trudon-elae-moroccan-neroli-ylang-ylang-and-australian-sandalwood-15-ml\/"},"modified":"2025-09-23T16:26:02","modified_gmt":"2025-09-23T14:26:02","slug":"trudon-elae-moroccan-neroli-ylang-ylang-and-australian-sandalwood-15-ml","status":"publish","type":"product","link":"https:\/\/store.astieks.com\/et\/product\/trudon-elae-moroccan-neroli-ylang-ylang-and-australian-sandalwood-15-ml\/","title":{"rendered":"TRUDON Elae parf\u00fc\u00fcm15 ml"},"content":{"rendered":"<p>Elae, valguse ja v\u00e4rskusega \u00fcmbritsetud. Noored valged \u00f5ied p\u00f5imuvad sensuaalsete balsamiliste nootidega. <\/p>\n<dl>\n \tTipunoodid: Maroko neroli, \u00f5un<br \/>\nS\u00fcdamenoodid: Egiptuse jasmiin, ylang-ylang<br \/>\nP\u00f5hjanoodid: Laose bensoe, Austraalia sandlipuu\n<\/dl>\n","protected":false},"excerpt":{"rendered":"<p>Elae, valguse ja v\u00e4rskusega \u00fcmbritsetud. Noored valged \u00f5ied p\u00f5imuvad sensuaalsete balsamiliste nootidega. Tipunoodid: Maroko neroli, \u00f5un S\u00fcdamenoodid: Egiptuse jasmiin, ylang-ylang P\u00f5hjanoodid: Laose bensoe, Austraalia sandlipuu<\/p>\n","protected":false},"featured_media":17182,"template":"","meta":{"_acf_changed":false},"product_brand":[492],"product_cat":[469,234,243],"product_tag":[],"class_list":{"0":"post-20066","1":"product","2":"type-product","3":"status-publish","4":"has-post-thumbnail","6":"product_brand-trudon-et","7":"product_cat-parfuumid","8":"product_cat-kehahooldus","9":"product_cat-kingitused","10":"nt-post-class","11":"","14":"excerpt-none","17":"first","18":"instock","19":"taxable","20":"shipping-taxable","21":"purchasable","22":"product-type-simple"},"acf":[],"_links":{"self":[{"href":"https:\/\/store.astieks.com\/et\/wp-json\/wp\/v2\/product\/20066","targetHints":{"allow":["GET"]}}],"collection":[{"href":"https:\/\/store.astieks.com\/et\/wp-json\/wp\/v2\/product"}],"about":[{"href":"https:\/\/store.astieks.com\/et\/wp-json\/wp\/v2\/types\/product"}],"version-history":[{"count":0,"href":"https:\/\/store.astieks.com\/et\/wp-json\/wp\/v2\/product\/20066\/revisions"}],"wp:featuredmedia":[{"embeddable":true,"href":"https:\/\/store.astieks.com\/et\/wp-json\/wp\/v2\/media\/17182"}],"wp:attachment":[{"href":"https:\/\/store.astieks.com\/et\/wp-json\/wp\/v2\/media?parent=20066"}],"wp:term":[{"taxonomy":"product_brand","embeddable":true,"href":"https:\/\/store.astieks.com\/et\/wp-json\/wp\/v2\/product_brand?post=20066"},{"taxonomy":"product_cat","embeddable":true,"href":"https:\/\/store.astieks.com\/et\/wp-json\/wp\/v2\/product_cat?post=20066"},{"taxonomy":"product_tag","embeddable":true,"href":"https:\/\/store.astieks.com\/et\/wp-json\/wp\/v2\/product_tag?post=20066"}],"curies":[{"name":"wp","href":"https:\/\/api.w.org\/{rel}","templated":true}]}}