{"id":20062,"date":"2025-09-23T16:50:10","date_gmt":"2025-09-23T14:50:10","guid":{"rendered":"https:\/\/store.astieks.com\/product\/trudon-ernesto-leather-and-tobacco-270-g\/"},"modified":"2026-03-27T13:25:38","modified_gmt":"2026-03-27T11:25:38","slug":"trudon-ernesto-leather-and-tobacco-270-g","status":"publish","type":"product","link":"https:\/\/store.astieks.com\/et\/product\/trudon-ernesto-leather-and-tobacco-270-g\/","title":{"rendered":"TRUDON Ernesto Leather and Tobacco 270 g K\u00fc\u00fcnal"},"content":{"rendered":"<div class=\"page-title-wrapper\">\n<p id=\"page-title-heading\" class=\"page-title\" aria-labelledby=\"page-title-heading toolbar-amount\"><strong><span class=\"base\" data-ui-id=\"page-title-wrapper\">Ernesto kollektsioon<\/span><\/strong><\/p>\n<\/div>\n<div class=\"category-description\">\n<div data-content-type=\"row\" data-appearance=\"contained\" data-element=\"main\">\n<div data-enable-parallax=\"0\" data-parallax-speed=\"0.5\" data-background-images=\"{}\" data-element=\"inner\">\n<div data-content-type=\"html\" data-appearance=\"default\" data-element=\"main\">\n<p>Havanna hotelli toas, Revolutsiooni muutumatu p\u00e4ikese all: naha ja tubaka j\u00f5ulised, iseloomukad noodid p\u00f5imuvad puidupaneelide vahase vaikusega. Jahedas h\u00e4maruses virvendavad varjud koos sigarisuitsu ja relvaraudade kuma saatel. <\/p>\n<p>Kasutusjuhend:<br \/>\nEt k\u00fc\u00fcnlast maksimaalselt kasu saada, laske sellel p\u00f5leda seni, kuni kogu pealispind on sulanud.<br \/>Kui p\u00f5letate korraga mitut k\u00fc\u00fcnalt, j\u00e4tke nende vahele v\u00e4hemalt 30 cm vahemaa.<br \/>\u00c4rge j\u00e4tke p\u00f5levat k\u00fc\u00fcnalt j\u00e4relevalveta. \u00c4rge asetage seda tuulet\u00f5mbuse k\u00e4tte. Hoidke eemal lastest, kardinatest ja lemmikloomadest.<br \/>Kui taht vajab kohendamist, seadke see \u00f5rnalt \u00f5igesse asendisse, kui vaha on veel vedel. Enne uuesti s\u00fc\u00fctamist laske k\u00fc\u00fcnlal taheneda.<br \/>Kui tekib must suits, l\u00f5igake tahi ots l\u00fchemaks. Tahi pikkus peaks alati olema puhas ja mitte \u00fcle 5 mm.<br \/>Kaitske alati pinda, millel k\u00fc\u00fcnal asub (n\u00e4iteks puidust v\u00f5i keraamilise alusega).<br \/>Klaasi kaitsmiseks veenduge, et klassikalise suurusega k\u00fc\u00fcnla puhul j\u00e4\u00e4b p\u00f5hja v\u00e4hemalt 0,5 cm sulamata vaha. L\u2019Interm\u00e8de ja La Grande Bougie on varustatud tahihoidikutega ning kustuvad automaatselt, kui need n\u00e4htavale ilmuvad (j\u00e4tke alati v\u00e4hemalt 3 cm sulamata vaha p\u00f5hja).<br \/>Hoidke k\u00fc\u00fcnalt kuivas ja m\u00f5\u00f5duka temperatuuriga keskkonnas (umbes 15\u201327 \u00b0C).      <\/p>\n<\/div>\n<\/div>\n<\/div>\n<\/div>\n","protected":false},"excerpt":{"rendered":"<p>Trudoni klassika, Classic Candle sobib igaks s\u00fcndmuseks ning l\u00f5hnastab iga toa. Saadaval k\u00f5ikides l\u00f5hnades, on see k\u00f5ige ikoonilisem k\u00fc\u00fcnal. Need valmivad Trudoni t\u00f6\u00f6tubades Normandias, Prantsusmaal, kasutades meisterk\u00fc\u00fcnlavalmistajate v\u00f5rreldamatut oskusteavet.  <\/p>\n<p>Aroomip\u00fcramiid<\/p>\n<p>Tipunoodid: bergamot, greip, rumm<br \/>\nS\u00fcdamenoodid: tammepuit, nelk, labdanum, pat\u0161uli<br \/>\nP\u00f5hjanoodid: tubakas, ambra, nahk, sammal<\/p>\n","protected":false},"featured_media":17193,"template":"","meta":{"_acf_changed":false},"product_brand":[492],"product_cat":[243,245,249],"product_tag":[],"class_list":{"0":"post-20062","1":"product","2":"type-product","3":"status-publish","4":"has-post-thumbnail","6":"product_brand-trudon-et","7":"product_cat-kingitused","8":"product_cat-kodulohnad","9":"product_cat-kuunlad","10":"nt-post-class","11":"","17":"first","18":"instock","19":"taxable","20":"shipping-taxable","21":"purchasable","22":"product-type-simple"},"acf":[],"_links":{"self":[{"href":"https:\/\/store.astieks.com\/et\/wp-json\/wp\/v2\/product\/20062","targetHints":{"allow":["GET"]}}],"collection":[{"href":"https:\/\/store.astieks.com\/et\/wp-json\/wp\/v2\/product"}],"about":[{"href":"https:\/\/store.astieks.com\/et\/wp-json\/wp\/v2\/types\/product"}],"version-history":[{"count":1,"href":"https:\/\/store.astieks.com\/et\/wp-json\/wp\/v2\/product\/20062\/revisions"}],"predecessor-version":[{"id":20065,"href":"https:\/\/store.astieks.com\/et\/wp-json\/wp\/v2\/product\/20062\/revisions\/20065"}],"wp:featuredmedia":[{"embeddable":true,"href":"https:\/\/store.astieks.com\/et\/wp-json\/wp\/v2\/media\/17193"}],"wp:attachment":[{"href":"https:\/\/store.astieks.com\/et\/wp-json\/wp\/v2\/media?parent=20062"}],"wp:term":[{"taxonomy":"product_brand","embeddable":true,"href":"https:\/\/store.astieks.com\/et\/wp-json\/wp\/v2\/product_brand?post=20062"},{"taxonomy":"product_cat","embeddable":true,"href":"https:\/\/store.astieks.com\/et\/wp-json\/wp\/v2\/product_cat?post=20062"},{"taxonomy":"product_tag","embeddable":true,"href":"https:\/\/store.astieks.com\/et\/wp-json\/wp\/v2\/product_tag?post=20062"}],"curies":[{"name":"wp","href":"https:\/\/api.w.org\/{rel}","templated":true}]}}