{"id":20059,"date":"2025-09-23T16:56:12","date_gmt":"2025-09-23T14:56:12","guid":{"rendered":"https:\/\/store.astieks.com\/product\/trudon-the-refill-ernesto-leather-and-tobacco-300ml\/"},"modified":"2025-09-23T16:56:12","modified_gmt":"2025-09-23T14:56:12","slug":"trudon-the-refill-ernesto-leather-and-tobacco-300ml","status":"publish","type":"product","link":"https:\/\/store.astieks.com\/et\/product\/trudon-the-refill-ernesto-leather-and-tobacco-300ml\/","title":{"rendered":"TRUDON t\u00e4itevedelik difuuserile Ernesto Leather and Tobacco 300ml"},"content":{"rendered":"<p>Valmistatud k\u00e4sitsi samas klaasit\u00f6\u00f6kojas, kus toodetakse k\u00fc\u00fcnlaid. Diifuuseri \u00fclaosa on varustatud 100% taaskasutatava alumiiniumist r\u00f5ngaga, kuhu asetatakse 8 looduslikku musta rotangist pulka. <\/p>\n","protected":false},"excerpt":{"rendered":"<p>T\u00e4itepudel Le Diffuseur\u2019ile.<\/p>\n<p>Komplekt koosneb 300 ml pudelist, mis sisaldab l\u00f5hna, ning 8 looduslikust mustast rotangipulgast.<\/p>\n<p>T\u00e4idis v\u00f5imaldab 3 kuni 4 kuud passiivset l\u00f5hnastamist.<\/p>\n<div class=\"page-title-wrapper\">\n<p id=\"page-title-heading\" class=\"page-title\" aria-labelledby=\"page-title-heading toolbar-amount\"><strong><span class=\"base\" data-ui-id=\"page-title-wrapper\">Ernesto kollektsioon<\/span><\/strong><\/p>\n<\/div>\n<div class=\"category-description\">\n<div data-content-type=\"row\" data-appearance=\"contained\" data-element=\"main\">\n<div data-enable-parallax=\"0\" data-parallax-speed=\"0.5\" data-background-images=\"{}\" data-element=\"inner\">\n<div data-content-type=\"html\" data-appearance=\"default\" data-element=\"main\">\n<p>Valmistatud k\u00e4sitsi samas klaasit\u00f6\u00f6kojas, kus toodetakse k\u00fc\u00fcnlaid. Diifuuseri \u00fclaosa on varustatud 100% taaskasutatava alumiiniumist r\u00f5ngaga, kuhu asetatakse 8 looduslikku musta rotangist pulka. <\/p>\n<p>L\u00f5hnap\u00fcramiid<\/p>\n<p>Tipunoodid: bergamot, greip, rumm<br \/>\nS\u00fcdamenoodid: tammepuit, nelk, labdanum, pat\u0161uli<br \/>\nP\u00f5hjanoodid: tubakas, ambra, nahk, sammal<\/p>\n<p>Maht: 300 ml<\/p>\n<\/div>\n<\/div>\n<\/div>\n<\/div>\n","protected":false},"featured_media":17204,"template":"","meta":{"_acf_changed":false},"product_brand":[492],"product_cat":[253,245],"product_tag":[],"class_list":{"0":"post-20059","1":"product","2":"type-product","3":"status-publish","4":"has-post-thumbnail","6":"product_brand-trudon-et","7":"product_cat-difuuserid","8":"product_cat-kodulohnad","9":"nt-post-class","10":"","16":"first","17":"instock","18":"taxable","19":"shipping-taxable","20":"purchasable","21":"product-type-simple"},"acf":[],"_links":{"self":[{"href":"https:\/\/store.astieks.com\/et\/wp-json\/wp\/v2\/product\/20059","targetHints":{"allow":["GET"]}}],"collection":[{"href":"https:\/\/store.astieks.com\/et\/wp-json\/wp\/v2\/product"}],"about":[{"href":"https:\/\/store.astieks.com\/et\/wp-json\/wp\/v2\/types\/product"}],"version-history":[{"count":0,"href":"https:\/\/store.astieks.com\/et\/wp-json\/wp\/v2\/product\/20059\/revisions"}],"wp:featuredmedia":[{"embeddable":true,"href":"https:\/\/store.astieks.com\/et\/wp-json\/wp\/v2\/media\/17204"}],"wp:attachment":[{"href":"https:\/\/store.astieks.com\/et\/wp-json\/wp\/v2\/media?parent=20059"}],"wp:term":[{"taxonomy":"product_brand","embeddable":true,"href":"https:\/\/store.astieks.com\/et\/wp-json\/wp\/v2\/product_brand?post=20059"},{"taxonomy":"product_cat","embeddable":true,"href":"https:\/\/store.astieks.com\/et\/wp-json\/wp\/v2\/product_cat?post=20059"},{"taxonomy":"product_tag","embeddable":true,"href":"https:\/\/store.astieks.com\/et\/wp-json\/wp\/v2\/product_tag?post=20059"}],"curies":[{"name":"wp","href":"https:\/\/api.w.org\/{rel}","templated":true}]}}