{"id":20057,"date":"2025-09-23T17:48:49","date_gmt":"2025-09-23T15:48:49","guid":{"rendered":"https:\/\/store.astieks.com\/product\/trudon-gabriel-gourmand-chimney-fire-270-g\/"},"modified":"2026-03-27T13:23:57","modified_gmt":"2026-03-27T11:23:57","slug":"trudon-gabriel-gourmand-chimney-fire-270-g","status":"publish","type":"product","link":"https:\/\/store.astieks.com\/et\/product\/trudon-gabriel-gourmand-chimney-fire-270-g\/","title":{"rendered":"TRUDON Gabriel Gourmand Chimney Fire 270 g K\u00fc\u00fcnal"},"content":{"rendered":"<p>Teade: Selleks et k\u00fc\u00fcnlast maksimaalselt r\u00f5\u00f5mu tunda, p\u00f5leta seda seni, kuni kogu k\u00fc\u00fcnla pealispind on sulanud.<br \/>\nKui p\u00f5letad mitu k\u00fc\u00fcnalt korraga, j\u00e4ta iga k\u00fc\u00fcnla vahele v\u00e4hemalt 30 cm vahet.<br \/>\n\u00c4ra j\u00e4ta k\u00fc\u00fcnalt kunagi j\u00e4relevalveta p\u00f5lema. \u00c4ra aseta k\u00fc\u00fcnalt tuulet\u00f5mbusesse. Hoia lastele, lemmikloomadele ja kardinatele k\u00e4ttesaamatus kohas.<br \/>\nKui taht vajab tsentreerimist, reguleeri seda ettevaatlikult sulanud vaha sees, kuni see on \u00f5iges asendis. Lase k\u00fc\u00fcnlal enne uuesti s\u00fc\u00fctamist t\u00e4ielikult taheneda.<br \/>\nKui ilmub musta suitsu, l\u00f5ika tahti l\u00fchemaks. Taht peaks olema alati puhas ja mitte pikem kui 5 mm.<br \/>\nKaitse alati pinda, millel k\u00fc\u00fcnal asub (n\u00e4iteks puidust v\u00f5i keraamilise alusega).<br \/>\nKlaasi kaitsmiseks j\u00e4ta klassikalise suurusega k\u00fc\u00fcnalde puhul alati alles v\u00e4hemalt 0,5 cm sulamata vaha. L\u2019Interm\u00e8de ja La Grande Bougie k\u00fc\u00fcnlad on varustatud tahisummutajaga ja kustuvad automaatselt, kui see muutub n\u00e4htavaks. (J\u00e4ta alati v\u00e4hemalt 3 cm sulamata vaha k\u00fc\u00fcnla p\u00f5hja.)<br \/>\nHoia k\u00fc\u00fcnalt kuivas ja m\u00f5\u00f5duka temperatuuriga kohas, temperatuuril 15\u201327 \u00b0C (60\u201380 \u00b0F).<br \/>\nK\u00fc\u00fcnalt tuleks esmakordselt kasutada kahe kuu jooksul p\u00e4rast selle k\u00e4ttesaamist.      <\/p>\n","protected":false},"excerpt":{"rendered":"<p>Trudoni klassika, Classic Candle sobib igaks s\u00fcndmuseks ning l\u00f5hnastab iga toa. Saadaval k\u00f5ikides l\u00f5hnades, on see k\u00f5ige ikoonilisem k\u00fc\u00fcnal. Need valmivad Trudoni t\u00f6\u00f6tubades Normandias, Prantsusmaal, kasutades meisterk\u00fc\u00fcnlavalmistajate v\u00f5rreldamatut oskusteavet.  <\/p>\n<p>Gabriel toob k\u00fclmadesse talvep\u00e4evadesse m\u00f5nusa soojustunde. Naha, ka\u0161miirpuidu ja suhkrustatud kastanite noodid loovad hubase ja r\u00f5\u00f5msa atmosf\u00e4\u00e4ri, meenutades sooje ja \u00f5dusaid hetki kamina \u00e4\u00e4res. <\/p>\n<p>Aroomip\u00fcramiid<\/p>\n<p>Tipunoodid: kasepuit, suhkrustatud kastan<br \/>\nS\u00fcdamenoodid: ka\u0161miirpuit, sammal<br \/>\nP\u00f5hjanoodid: seedripuit, muskus, pat\u0161uli<\/p>\n<p>P\u00f5lemisaeg: 55 kuni 60 tundi<\/p>\n<p>Kaal: 270 g<\/p>\n<p>Suurused: H: 10,5 cm \u00d8: 9 cm<\/p>\n","protected":false},"featured_media":17219,"template":"","meta":{"_acf_changed":false},"product_brand":[492],"product_cat":[243,245,249],"product_tag":[],"class_list":{"0":"post-20057","1":"product","2":"type-product","3":"status-publish","4":"has-post-thumbnail","6":"product_brand-trudon-et","7":"product_cat-kingitused","8":"product_cat-kodulohnad","9":"product_cat-kuunlad","10":"nt-post-class","11":"","17":"first","18":"instock","19":"taxable","20":"shipping-taxable","21":"purchasable","22":"product-type-simple"},"acf":[],"_links":{"self":[{"href":"https:\/\/store.astieks.com\/et\/wp-json\/wp\/v2\/product\/20057","targetHints":{"allow":["GET"]}}],"collection":[{"href":"https:\/\/store.astieks.com\/et\/wp-json\/wp\/v2\/product"}],"about":[{"href":"https:\/\/store.astieks.com\/et\/wp-json\/wp\/v2\/types\/product"}],"version-history":[{"count":1,"href":"https:\/\/store.astieks.com\/et\/wp-json\/wp\/v2\/product\/20057\/revisions"}],"predecessor-version":[{"id":20427,"href":"https:\/\/store.astieks.com\/et\/wp-json\/wp\/v2\/product\/20057\/revisions\/20427"}],"wp:featuredmedia":[{"embeddable":true,"href":"https:\/\/store.astieks.com\/et\/wp-json\/wp\/v2\/media\/17219"}],"wp:attachment":[{"href":"https:\/\/store.astieks.com\/et\/wp-json\/wp\/v2\/media?parent=20057"}],"wp:term":[{"taxonomy":"product_brand","embeddable":true,"href":"https:\/\/store.astieks.com\/et\/wp-json\/wp\/v2\/product_brand?post=20057"},{"taxonomy":"product_cat","embeddable":true,"href":"https:\/\/store.astieks.com\/et\/wp-json\/wp\/v2\/product_cat?post=20057"},{"taxonomy":"product_tag","embeddable":true,"href":"https:\/\/store.astieks.com\/et\/wp-json\/wp\/v2\/product_tag?post=20057"}],"curies":[{"name":"wp","href":"https:\/\/api.w.org\/{rel}","templated":true}]}}