{"id":20054,"date":"2025-09-25T10:49:38","date_gmt":"2025-09-25T08:49:38","guid":{"rendered":"https:\/\/store.astieks.com\/product\/trudon-the-refill-gabriel-gourmand-chimney-fire-300-ml\/"},"modified":"2026-03-27T14:43:01","modified_gmt":"2026-03-27T12:43:01","slug":"trudon-the-refill-gabriel-gourmand-chimney-fire-300-ml","status":"publish","type":"product","link":"https:\/\/store.astieks.com\/et\/product\/trudon-the-refill-gabriel-gourmand-chimney-fire-300-ml\/","title":{"rendered":"TRUDON Gabriel t\u00e4itevedelik difuusorile, 300 ml"},"content":{"rendered":"","protected":false},"excerpt":{"rendered":"<p>T\u00e4itepudel Le Diffuseur\u2019ile.<\/p>\n<p>Komplekt koosneb 300 ml pudelist, mis sisaldab l\u00f5hna, ning 8 looduslikust mustast rotangipulgast.<\/p>\n<p>T\u00e4idis v\u00f5imaldab 3 kuni 4 kuud passiivset l\u00f5hnastamist.<\/p>\n<p>Gabriel toob k\u00fclmadesse talvep\u00e4evadesse m\u00f5nusa soojustunde. Naha, ka\u0161miirpuidu ja suhkrustatud kastanite noodid loovad hubase ja r\u00f5\u00f5msa atmosf\u00e4\u00e4ri, meenutades sooje ja \u00f5dusaid hetki kamina \u00e4\u00e4res. <\/p>\n<p>Aroomip\u00fcramiid<\/p>\n<p>Tipunoodid: kasepuit, suhkrustatud kastan<br \/>\nS\u00fcdamenoodid: ka\u0161miirpuit, sammal<br \/>\nP\u00f5hjanoodid: seedripuit, muskus, pat\u0161uli<\/p>\n","protected":false},"featured_media":17231,"template":"","meta":{"_acf_changed":false},"product_brand":[492],"product_cat":[253,243,245],"product_tag":[],"class_list":{"0":"post-20054","1":"product","2":"type-product","3":"status-publish","4":"has-post-thumbnail","6":"product_brand-trudon-et","7":"product_cat-difuuserid","8":"product_cat-kingitused","9":"product_cat-kodulohnad","10":"nt-post-class","11":"","17":"first","18":"instock","19":"taxable","20":"shipping-taxable","21":"purchasable","22":"product-type-simple"},"acf":[],"_links":{"self":[{"href":"https:\/\/store.astieks.com\/et\/wp-json\/wp\/v2\/product\/20054","targetHints":{"allow":["GET"]}}],"collection":[{"href":"https:\/\/store.astieks.com\/et\/wp-json\/wp\/v2\/product"}],"about":[{"href":"https:\/\/store.astieks.com\/et\/wp-json\/wp\/v2\/types\/product"}],"version-history":[{"count":2,"href":"https:\/\/store.astieks.com\/et\/wp-json\/wp\/v2\/product\/20054\/revisions"}],"predecessor-version":[{"id":20463,"href":"https:\/\/store.astieks.com\/et\/wp-json\/wp\/v2\/product\/20054\/revisions\/20463"}],"wp:featuredmedia":[{"embeddable":true,"href":"https:\/\/store.astieks.com\/et\/wp-json\/wp\/v2\/media\/17231"}],"wp:attachment":[{"href":"https:\/\/store.astieks.com\/et\/wp-json\/wp\/v2\/media?parent=20054"}],"wp:term":[{"taxonomy":"product_brand","embeddable":true,"href":"https:\/\/store.astieks.com\/et\/wp-json\/wp\/v2\/product_brand?post=20054"},{"taxonomy":"product_cat","embeddable":true,"href":"https:\/\/store.astieks.com\/et\/wp-json\/wp\/v2\/product_cat?post=20054"},{"taxonomy":"product_tag","embeddable":true,"href":"https:\/\/store.astieks.com\/et\/wp-json\/wp\/v2\/product_tag?post=20054"}],"curies":[{"name":"wp","href":"https:\/\/api.w.org\/{rel}","templated":true}]}}