{"id":20050,"date":"2025-09-25T11:06:54","date_gmt":"2025-09-25T09:06:54","guid":{"rendered":"https:\/\/store.astieks.com\/product\/trudon-the-diffuser-josephine-floral-garden-350-ml\/"},"modified":"2026-03-27T13:20:29","modified_gmt":"2026-03-27T11:20:29","slug":"trudon-the-diffuser-josephine-floral-garden-350-ml","status":"publish","type":"product","link":"https:\/\/store.astieks.com\/et\/product\/trudon-the-diffuser-josephine-floral-garden-350-ml\/","title":{"rendered":"TRUDON Difuusor Jos\u00e9phine Floral garden 350 ml"},"content":{"rendered":"<p>Kumav koiduvalgus hiilib lillepeenardesse. Peen vari libiseb rooside, jasmiini, kamelliate ja iiriste vahele. Oma \u00f5rna rohen\u00e4pu abil \u00e4ratab ta ellu s\u00e4ravad aroomid aiast, mille saatus on keiserlik.  <\/p>\n<p>Maht: 350 ml<\/p>\n","protected":false},"excerpt":{"rendered":"<p>Kodutarvikute kollektsioon tervitab uut ikooni: Trudoni difuuser liitub L\u2019OEuf\u2019i, toasprei ja La Promeneuse\u2019iga, et veelgi enam interj\u00f6\u00f6ri l\u00f5hnastada.<\/p>\n<p>Flaakon 350 ml on valmistatud Trudoni ikoonilisest rohelisest riffelitud klaasist ja kaunistatud kuldse embleemiga. Valmistatud k\u00e4sitsi samas klaasit\u00f6\u00f6kojas, kus toodetakse k\u00fc\u00fcnlaid. Diifuuseri \u00fclaosa on varustatud 100% taaskasutatava alumiiniumist r\u00f5ngaga, kuhu asetatakse 8 looduslikku musta rotangist pulka. <\/p>\n<p>Difuuser v\u00f5imaldab passiivset l\u00f5hnastamist 3 kuni 4 kuu jooksul.<\/p>\n<p>Eraldi t\u00e4idised on saadaval.<\/p>\n<div class=\"page-title-wrapper\">\n<p id=\"page-title-heading\" class=\"page-title\" aria-labelledby=\"page-title-heading toolbar-amount\"><strong><span class=\"base\" data-ui-id=\"page-title-wrapper\">Jos\u00e9phine kollektsioon<\/span><\/strong><\/p>\n<\/div>\n<div class=\"category-description\">\n<div data-content-type=\"row\" data-appearance=\"contained\" data-element=\"main\">\n<div data-enable-parallax=\"0\" data-parallax-speed=\"0.5\" data-background-images=\"{}\" data-element=\"inner\">\n<div data-content-type=\"html\" data-appearance=\"default\" data-element=\"main\">\n<p>Kumav koiduvalgus hiilib lillepeenardesse. Peen vari libiseb rooside, jasmiini, kamelliate ja iiriste vahele. Oma \u00f5rna rohen\u00e4pu abil \u00e4ratab ta ellu s\u00e4ravad aroomid aiast, mille saatus on keiserlik.  <\/p>\n<dl>\n<dt>Aroomip\u00fcramiid<\/dt>\n<dt>Tipunoodid<\/dt>\n<dd>bergamot, kaffirlaim, v\u00fcrtsid<\/dd>\n<dt>S\u00fcdamenoodid<\/dt>\n<dd>hiina kameelia, egiptuse jasmiin, t\u00fcrgi roos<\/dd>\n<dt>P\u00f5hjanoodid<\/dt>\n<dd>iiris, valged muskusenoodid, Indoneesia sandlipuu<\/dd>\n<\/dl>\n<\/div>\n<\/div>\n<\/div>\n<\/div>\n","protected":false},"featured_media":17257,"template":"","meta":{"_acf_changed":false},"product_brand":[492],"product_cat":[253,243,245],"product_tag":[],"class_list":{"0":"post-20050","1":"product","2":"type-product","3":"status-publish","4":"has-post-thumbnail","6":"product_brand-trudon-et","7":"product_cat-difuuserid","8":"product_cat-kingitused","9":"product_cat-kodulohnad","10":"nt-post-class","11":"","17":"first","18":"instock","19":"taxable","20":"shipping-taxable","21":"purchasable","22":"product-type-simple"},"acf":[],"_links":{"self":[{"href":"https:\/\/store.astieks.com\/et\/wp-json\/wp\/v2\/product\/20050","targetHints":{"allow":["GET"]}}],"collection":[{"href":"https:\/\/store.astieks.com\/et\/wp-json\/wp\/v2\/product"}],"about":[{"href":"https:\/\/store.astieks.com\/et\/wp-json\/wp\/v2\/types\/product"}],"version-history":[{"count":1,"href":"https:\/\/store.astieks.com\/et\/wp-json\/wp\/v2\/product\/20050\/revisions"}],"predecessor-version":[{"id":20424,"href":"https:\/\/store.astieks.com\/et\/wp-json\/wp\/v2\/product\/20050\/revisions\/20424"}],"wp:featuredmedia":[{"embeddable":true,"href":"https:\/\/store.astieks.com\/et\/wp-json\/wp\/v2\/media\/17257"}],"wp:attachment":[{"href":"https:\/\/store.astieks.com\/et\/wp-json\/wp\/v2\/media?parent=20050"}],"wp:term":[{"taxonomy":"product_brand","embeddable":true,"href":"https:\/\/store.astieks.com\/et\/wp-json\/wp\/v2\/product_brand?post=20050"},{"taxonomy":"product_cat","embeddable":true,"href":"https:\/\/store.astieks.com\/et\/wp-json\/wp\/v2\/product_cat?post=20050"},{"taxonomy":"product_tag","embeddable":true,"href":"https:\/\/store.astieks.com\/et\/wp-json\/wp\/v2\/product_tag?post=20050"}],"curies":[{"name":"wp","href":"https:\/\/api.w.org\/{rel}","templated":true}]}}