{"id":20047,"date":"2025-09-25T12:40:16","date_gmt":"2025-09-25T10:40:16","guid":{"rendered":"https:\/\/store.astieks.com\/product\/trudon-mystique-leather-oud-and-papyrus-15-ml\/"},"modified":"2025-09-25T12:40:16","modified_gmt":"2025-09-25T10:40:16","slug":"trudon-mystique-leather-oud-and-papyrus-15-ml","status":"publish","type":"product","link":"https:\/\/store.astieks.com\/et\/product\/trudon-mystique-leather-oud-and-papyrus-15-ml\/","title":{"rendered":"TRUDON Mystique parf\u00fc\u00fcm15 ml"},"content":{"rendered":"<p style=\"font-weight: 400;\">Ood luksusele ja k\u00fcllusele.<\/p>\n<p style=\"font-weight: 400;\">\u00d6\u00f6 \u00e4rkab ellu \u2014 julge, salap\u00e4rane, kaetud erkpunase kuma all. See lummab oma saladusega ja t\u00f5mbab ligi v\u00e4ljendusrikkaid siluette, otsides luksust, peenetundelisust ja eredaid elamusi. <\/p>\n<p style=\"font-weight: 400;\">P\u00f5hinedes k\u00f5rgtasemel parf\u00fcmeeria kogemusel, esitleb Trudon Nuit Rouge\u2019i \u2014 nende kaubam\u00e4rgile omaseid tugeva kontsentratsiooniga parf\u00fc\u00fcme. Kollektsioonis on kolm rafineeritud l\u00f5hna: 45\u00b0, Midnight Omen ja Mystique. Nuit Rouge toob esile rikkalikud ja intensiivsed parf\u00fcmeeriakreatsioonid.  <\/p>\n","protected":false},"excerpt":{"rendered":"<p style=\"font-weight: 400;\"><em>Mysterious Leather Woody.<\/em><\/p>\n<p style=\"font-weight: 400;\">\u00c9milie Bouge\u2019i teine looming br\u00e4ndile Nuit Rouge \u2013 Mystique \u2013 peegeldab vaimset s\u00fcgavust ja m\u00fcstilist lummust. See l\u00f5hn viib meid salap\u00e4rasesse rituaalide ja maagia maailma, kus suitsused ja nahksed noodid loovad peaaegu loitsulise atmosf\u00e4\u00e4ri. <\/p>\n<p style=\"font-weight: 400;\">Mystique on samaaegselt salap\u00e4rane ja rafineeritud, j\u00e4ttes endast tugeva ja intensiivse j\u00e4lje. Haruldane, s\u00fcgav ja karakteriga nahanoot on t\u00e4iuslikus koosk\u00f5las oud\u2019i puiduste ja suitsuste n\u00fcanssidega ning elegantse, pehme ambraga.<\/p>\n<p>Aroomip\u00fcramiid<\/p>\n<p>Tipunoodid: seedripuit, nahk, safran<br \/>\nS\u00fcdamenoodid: pap\u00fc\u00fcrus, sandlipuu, agaripuit (oud)<br \/>\nP\u00f5hjanoodid: ambra, pat\u0161uli, eebenipuit<\/p>\n<p>&nbsp;<\/p>\n","protected":false},"featured_media":17274,"template":"","meta":{"_acf_changed":false},"product_brand":[492],"product_cat":[469,234,243],"product_tag":[],"class_list":{"0":"post-20047","1":"product","2":"type-product","3":"status-publish","4":"has-post-thumbnail","6":"product_brand-trudon-et","7":"product_cat-parfuumid","8":"product_cat-kehahooldus","9":"product_cat-kingitused","10":"nt-post-class","11":"","17":"first","18":"instock","19":"taxable","20":"shipping-taxable","21":"purchasable","22":"product-type-simple"},"acf":[],"_links":{"self":[{"href":"https:\/\/store.astieks.com\/et\/wp-json\/wp\/v2\/product\/20047","targetHints":{"allow":["GET"]}}],"collection":[{"href":"https:\/\/store.astieks.com\/et\/wp-json\/wp\/v2\/product"}],"about":[{"href":"https:\/\/store.astieks.com\/et\/wp-json\/wp\/v2\/types\/product"}],"version-history":[{"count":0,"href":"https:\/\/store.astieks.com\/et\/wp-json\/wp\/v2\/product\/20047\/revisions"}],"wp:featuredmedia":[{"embeddable":true,"href":"https:\/\/store.astieks.com\/et\/wp-json\/wp\/v2\/media\/17274"}],"wp:attachment":[{"href":"https:\/\/store.astieks.com\/et\/wp-json\/wp\/v2\/media?parent=20047"}],"wp:term":[{"taxonomy":"product_brand","embeddable":true,"href":"https:\/\/store.astieks.com\/et\/wp-json\/wp\/v2\/product_brand?post=20047"},{"taxonomy":"product_cat","embeddable":true,"href":"https:\/\/store.astieks.com\/et\/wp-json\/wp\/v2\/product_cat?post=20047"},{"taxonomy":"product_tag","embeddable":true,"href":"https:\/\/store.astieks.com\/et\/wp-json\/wp\/v2\/product_tag?post=20047"}],"curies":[{"name":"wp","href":"https:\/\/api.w.org\/{rel}","templated":true}]}}