{"id":20036,"date":"2025-09-25T13:53:54","date_gmt":"2025-09-25T11:53:54","guid":{"rendered":"https:\/\/store.astieks.com\/product\/trudon-the-diffuser-reggio-hint-of-citrus-from-calabria-350-ml\/"},"modified":"2026-03-27T13:14:28","modified_gmt":"2026-03-27T11:14:28","slug":"trudon-the-diffuser-reggio-hint-of-citrus-from-calabria-350-ml","status":"publish","type":"product","link":"https:\/\/store.astieks.com\/et\/product\/trudon-the-diffuser-reggio-hint-of-citrus-from-calabria-350-ml\/","title":{"rendered":"TRUDON Difuusor Reggio \u2013 tsitruseline n\u00fcanss Calabriast, 350 ml"},"content":{"rendered":"<p>Mandariinipuu, mis toodi Indohiinast 1828. aastal, on sellest ajast alates edukalt kasvanud Vahemere l\u00e4\u00e4nerannikul. Messina v\u00e4ina \u00e4\u00e4res kujundab see Calabria maastikku ilma v\u00e4himagi kibeduseta. Mandariini pehme ja \u00f5rn aroom viib m\u00f5tted tagasi antiikaega, mil selle eeterlikud \u00f5lid moodustasid peene ja rafineeritud l\u00f5hnakeele.  <\/p>\n<p>Maht: 350ml<\/p>\n","protected":false},"excerpt":{"rendered":"<p style=\"font-weight: 400;\">From the Belles Mati\u00e8res collection comes a geographic odyssey, an exploration tracing the origins of rare perfumes. It delves into the golden age of botanical discoveries, unveiling the genesis of great olfactory adventures. <\/p>\n<p style=\"font-weight: 400;\">Sama ikoonilisest sinisest klaasist valmistatud 350 ml rihveldatud pudelit kaunistab kuldne embleem.<\/p>\n<p style=\"font-weight: 400;\">Valmistatud k\u00e4sitsi samas klaasit\u00f6\u00f6kojas, kus toodetakse k\u00fc\u00fcnlaid. Diifuuseri \u00fclaosa on varustatud 100% taaskasutatava alumiiniumist r\u00f5ngaga, kuhu asetatakse 8 looduslikku musta rotangist pulka. <\/p>\n<p style=\"font-weight: 400;\">Difuuser v\u00f5imaldab passiivset l\u00f5hnastamist 3 kuni 4 kuu jooksul.<\/p>\n<p style=\"font-weight: 400;\">Eraldi t\u00e4idised on saadaval.<\/p>\n<p>Aroomip\u00fcramiid<\/p>\n<p>Tippnoodid:<br \/>\nGreip<br \/>S\u00fcdamenoodid:<br \/>\nMandariini eeterlik \u00f5li<\/p>\n","protected":false},"featured_media":17328,"template":"","meta":{"_acf_changed":false},"product_brand":[492],"product_cat":[253,243,245],"product_tag":[],"class_list":{"0":"post-20036","1":"product","2":"type-product","3":"status-publish","4":"has-post-thumbnail","6":"product_brand-trudon-et","7":"product_cat-difuuserid","8":"product_cat-kingitused","9":"product_cat-kodulohnad","10":"nt-post-class","11":"","17":"first","18":"instock","19":"taxable","20":"shipping-taxable","21":"purchasable","22":"product-type-simple"},"acf":[],"_links":{"self":[{"href":"https:\/\/store.astieks.com\/et\/wp-json\/wp\/v2\/product\/20036","targetHints":{"allow":["GET"]}}],"collection":[{"href":"https:\/\/store.astieks.com\/et\/wp-json\/wp\/v2\/product"}],"about":[{"href":"https:\/\/store.astieks.com\/et\/wp-json\/wp\/v2\/types\/product"}],"version-history":[{"count":1,"href":"https:\/\/store.astieks.com\/et\/wp-json\/wp\/v2\/product\/20036\/revisions"}],"predecessor-version":[{"id":20420,"href":"https:\/\/store.astieks.com\/et\/wp-json\/wp\/v2\/product\/20036\/revisions\/20420"}],"wp:featuredmedia":[{"embeddable":true,"href":"https:\/\/store.astieks.com\/et\/wp-json\/wp\/v2\/media\/17328"}],"wp:attachment":[{"href":"https:\/\/store.astieks.com\/et\/wp-json\/wp\/v2\/media?parent=20036"}],"wp:term":[{"taxonomy":"product_brand","embeddable":true,"href":"https:\/\/store.astieks.com\/et\/wp-json\/wp\/v2\/product_brand?post=20036"},{"taxonomy":"product_cat","embeddable":true,"href":"https:\/\/store.astieks.com\/et\/wp-json\/wp\/v2\/product_cat?post=20036"},{"taxonomy":"product_tag","embeddable":true,"href":"https:\/\/store.astieks.com\/et\/wp-json\/wp\/v2\/product_tag?post=20036"}],"curies":[{"name":"wp","href":"https:\/\/api.w.org\/{rel}","templated":true}]}}