{"id":20035,"date":"2025-09-25T14:08:14","date_gmt":"2025-09-25T12:08:14","guid":{"rendered":"https:\/\/store.astieks.com\/product\/trudon-the-refill-reggio-hint-of-citrus-from-calabria-300-ml\/"},"modified":"2026-03-27T14:40:41","modified_gmt":"2026-03-27T12:40:41","slug":"trudon-the-refill-reggio-hint-of-citrus-from-calabria-300-ml","status":"publish","type":"product","link":"https:\/\/store.astieks.com\/et\/product\/trudon-the-refill-reggio-hint-of-citrus-from-calabria-300-ml\/","title":{"rendered":"TRUDON T\u00e4ide Reggio \u2013 tsitruseline n\u00fcanss Calabriast, 300 ml"},"content":{"rendered":"<p>Mandariinipuu, mis toodi Indohiinast 1828. aastal, on sellest ajast alates edukalt kasvanud Vahemere l\u00e4\u00e4nerannikul. Messina v\u00e4ina \u00e4\u00e4res kujundab see Calabria maastikku ilma v\u00e4himagi kibeduseta. Mandariini pehme ja \u00f5rn aroom viib m\u00f5tted tagasi antiikaega, mil selle eeterlikud \u00f5lid moodustasid peene ja rafineeritud l\u00f5hnakeele.  <\/p>\n<p>Maht: 300ml<\/p>\n","protected":false},"excerpt":{"rendered":"<p>T\u00e4itevedelik difuuserile (Le Diffuseur).<br \/>Komplekt sisaldab 300 ml l\u00f5hnavedelikku ja 8 naturaalset musta \u0440\u043e\u0442\u0430\u043d\u0433ist pulka.<br \/>T\u00e4itevedelik tagab 3\u20134 kuud kestva loomuliku l\u00f5hna leviku.<br \/>Tippnoodid:<br \/>\nGreip<br \/>S\u00fcdamenoodid:<br \/>\nMandariini eeterlik \u00f5li<\/p>\n","protected":false},"featured_media":17338,"template":"","meta":{"_acf_changed":false},"product_brand":[492],"product_cat":[253,245],"product_tag":[],"class_list":{"0":"post-20035","1":"product","2":"type-product","3":"status-publish","4":"has-post-thumbnail","6":"product_brand-trudon-et","7":"product_cat-difuuserid","8":"product_cat-kodulohnad","9":"nt-post-class","10":"","16":"first","17":"instock","18":"taxable","19":"shipping-taxable","20":"purchasable","21":"product-type-simple"},"acf":[],"_links":{"self":[{"href":"https:\/\/store.astieks.com\/et\/wp-json\/wp\/v2\/product\/20035","targetHints":{"allow":["GET"]}}],"collection":[{"href":"https:\/\/store.astieks.com\/et\/wp-json\/wp\/v2\/product"}],"about":[{"href":"https:\/\/store.astieks.com\/et\/wp-json\/wp\/v2\/types\/product"}],"version-history":[{"count":1,"href":"https:\/\/store.astieks.com\/et\/wp-json\/wp\/v2\/product\/20035\/revisions"}],"predecessor-version":[{"id":20461,"href":"https:\/\/store.astieks.com\/et\/wp-json\/wp\/v2\/product\/20035\/revisions\/20461"}],"wp:featuredmedia":[{"embeddable":true,"href":"https:\/\/store.astieks.com\/et\/wp-json\/wp\/v2\/media\/17338"}],"wp:attachment":[{"href":"https:\/\/store.astieks.com\/et\/wp-json\/wp\/v2\/media?parent=20035"}],"wp:term":[{"taxonomy":"product_brand","embeddable":true,"href":"https:\/\/store.astieks.com\/et\/wp-json\/wp\/v2\/product_brand?post=20035"},{"taxonomy":"product_cat","embeddable":true,"href":"https:\/\/store.astieks.com\/et\/wp-json\/wp\/v2\/product_cat?post=20035"},{"taxonomy":"product_tag","embeddable":true,"href":"https:\/\/store.astieks.com\/et\/wp-json\/wp\/v2\/product_tag?post=20035"}],"curies":[{"name":"wp","href":"https:\/\/api.w.org\/{rel}","templated":true}]}}