{"id":20031,"date":"2025-09-25T14:15:23","date_gmt":"2025-09-25T12:15:23","guid":{"rendered":"https:\/\/store.astieks.com\/product\/trudon-taper-candle-snuffer-accessory\/"},"modified":"2026-03-23T17:55:34","modified_gmt":"2026-03-23T15:55:34","slug":"trudon-taper-candle-snuffer-accessory","status":"publish","type":"product","link":"https:\/\/store.astieks.com\/et\/product\/trudon-taper-candle-snuffer-accessory\/","title":{"rendered":"TRUDON koonusk\u00fc\u00fcnla kustutuskumm lisatarvik"},"content":{"rendered":"","protected":false},"excerpt":{"rendered":"<p>Trudoni k\u00fc\u00fcnlakustuti on t\u00e4pne ja praktiline abivahend, mis v\u00f5imaldab kustutada k\u00fc\u00fcnla ilma taht muljumata. Nii saab k\u00fc\u00fcnla hiljem h\u00f5lpsasti uuesti s\u00fc\u00fcdata. See kaasaegne aksessuaar annab Trudoni igap\u00e4evasele rituaalile uue ja v\u00e4rske t\u00e4henduse. K\u00fc\u00fcnlakustuti on pakendatud illustreeritud liugkarpi.   <\/p>\n<p>Iga ese on k\u00e4sitsi valmistatud ning peegeldab meie erakordset meisterlikkust, pakkudes seel\u00e4bi ainulaadset iseloomu.<\/p>\n","protected":false},"featured_media":17351,"template":"","meta":{"_acf_changed":false},"product_brand":[492],"product_cat":[243,238],"product_tag":[],"class_list":{"0":"post-20031","1":"product","2":"type-product","3":"status-publish","4":"has-post-thumbnail","6":"product_brand-trudon-et","7":"product_cat-kingitused","8":"product_cat-kodu-kaunistused","9":"nt-post-class","10":"","16":"first","17":"instock","18":"taxable","19":"shipping-taxable","20":"purchasable","21":"product-type-simple"},"acf":[],"_links":{"self":[{"href":"https:\/\/store.astieks.com\/et\/wp-json\/wp\/v2\/product\/20031","targetHints":{"allow":["GET"]}}],"collection":[{"href":"https:\/\/store.astieks.com\/et\/wp-json\/wp\/v2\/product"}],"about":[{"href":"https:\/\/store.astieks.com\/et\/wp-json\/wp\/v2\/types\/product"}],"version-history":[{"count":1,"href":"https:\/\/store.astieks.com\/et\/wp-json\/wp\/v2\/product\/20031\/revisions"}],"predecessor-version":[{"id":20209,"href":"https:\/\/store.astieks.com\/et\/wp-json\/wp\/v2\/product\/20031\/revisions\/20209"}],"wp:featuredmedia":[{"embeddable":true,"href":"https:\/\/store.astieks.com\/et\/wp-json\/wp\/v2\/media\/17351"}],"wp:attachment":[{"href":"https:\/\/store.astieks.com\/et\/wp-json\/wp\/v2\/media?parent=20031"}],"wp:term":[{"taxonomy":"product_brand","embeddable":true,"href":"https:\/\/store.astieks.com\/et\/wp-json\/wp\/v2\/product_brand?post=20031"},{"taxonomy":"product_cat","embeddable":true,"href":"https:\/\/store.astieks.com\/et\/wp-json\/wp\/v2\/product_cat?post=20031"},{"taxonomy":"product_tag","embeddable":true,"href":"https:\/\/store.astieks.com\/et\/wp-json\/wp\/v2\/product_tag?post=20031"}],"curies":[{"name":"wp","href":"https:\/\/api.w.org\/{rel}","templated":true}]}}