{"id":20026,"date":"2025-09-25T15:43:34","date_gmt":"2025-09-25T13:43:34","guid":{"rendered":"https:\/\/store.astieks.com\/product\/trudon-versailles-garden-in-spring-270-g\/"},"modified":"2026-03-27T14:37:38","modified_gmt":"2026-03-27T12:37:38","slug":"trudon-versailles-garden-in-spring-270-g","status":"publish","type":"product","link":"https:\/\/store.astieks.com\/et\/product\/trudon-versailles-garden-in-spring-270-g\/","title":{"rendered":"TRUDON Versailles aed kevadel 270 g k\u00fc\u00fcnal"},"content":{"rendered":"<p>Kevadiselt Prantsuse aedu esindav ehe akord, mis on \u00fchtaegu v\u00e4ga lilleline ja v\u00e4rskendav. Versailles&#8217; kollektsioon, mis on juba ikooniks saanud oma j\u00e4\u00e4tunud taevasinise anuma ja \u00fclimalt lillelise ning v\u00e4rskendava aroomiga, tabab atmosf\u00e4\u00e4ri, mis on samav\u00f5rd peen kui veider: nullist loodud aed, et l\u00f5bustada ja lummata kuningat, tema \u00f5ukonda ja s\u00f5pru. <\/p>\n<p>P\u00f5lemisaeg: 55\u201360 tundi<\/p>\n<p>Aroomip\u00fcramiid<\/p>\n<p>Peamised noodid:<br \/>\nPojengid, m\u00fcndi looduslik essents, t\u00fc\u00fcmiani\u00f5is<br \/>\nS\u00fcdame noodid:<br \/>\nRosmariini looduslik essents, p\u00e4rn, tuberoosi absoluut<br \/>\nP\u00f5hinoodid:<br \/>\nKuslapuu, looduslik taaskasutatud tammepuit, sinine iiris<\/p>\n","protected":false},"excerpt":{"rendered":"<div class=\"page-title-wrapper\">\n<p id=\"page-title-heading\" class=\"page-title\" aria-labelledby=\"page-title-heading toolbar-amount\"><strong><span class=\"base\" data-ui-id=\"page-title-wrapper\">Versailles x Trudon<\/span><\/strong><\/p>\n<\/div>\n<div class=\"category-description\">\n<div data-content-type=\"row\" data-appearance=\"contained\" data-element=\"main\">\n<div data-enable-parallax=\"0\" data-parallax-speed=\"0.5\" data-background-images=\"{}\" data-element=\"inner\">\n<div data-content-type=\"html\" data-appearance=\"default\" data-element=\"main\">\n<p>Trudon kujutas ette embleemilise kollektsiooni, mis on inspireeritud Versailles&#8217; kuninglikest pidustustest ja legendaarsetest aedadest.<\/p>\n<p>Versailles, mis oli 18. sajandi Prantsuse kultuuri m\u00f5jude t\u00f5eline h\u00e4ll, esindab t\u00e4nap\u00e4evalgi luksuse ja Prantsuse kunstielu algust ja kvintessentsi. Versailles oli sajandi Prantsuse kuningliku perekonna keskus. Sajandite jooksul Versailles&#8217; palees korraldatud pidus\u00f6\u00f6gid olid erakordsed hetked palee ja kunsti ajaloos.  <\/p>\n<p>Versailles&#8217; kuninglikud pidustused toimusid kuningas Louis XVI valitsemisaja viimaste aastateni. Kunstnikud ja loojad \u00fcle kogu maailma ammutavad endiselt inspiratsiooni sellest prestii\u017esest paigast, mis on ainulaadse oskusteabe n\u00e4idis, mis on n\u00e4inud Prantsusmaa suurte manufaktuuride s\u00fcndi. <\/p>\n<\/div>\n<\/div>\n<\/div>\n<\/div>\n","protected":false},"featured_media":17395,"template":"","meta":{"_acf_changed":false},"product_brand":[492],"product_cat":[243,245,249],"product_tag":[],"class_list":{"0":"post-20026","1":"product","2":"type-product","3":"status-publish","4":"has-post-thumbnail","6":"product_brand-trudon-et","7":"product_cat-kingitused","8":"product_cat-kodulohnad","9":"product_cat-kuunlad","10":"nt-post-class","11":"","17":"first","18":"instock","19":"taxable","20":"shipping-taxable","21":"purchasable","22":"product-type-simple"},"acf":[],"_links":{"self":[{"href":"https:\/\/store.astieks.com\/et\/wp-json\/wp\/v2\/product\/20026","targetHints":{"allow":["GET"]}}],"collection":[{"href":"https:\/\/store.astieks.com\/et\/wp-json\/wp\/v2\/product"}],"about":[{"href":"https:\/\/store.astieks.com\/et\/wp-json\/wp\/v2\/types\/product"}],"version-history":[{"count":1,"href":"https:\/\/store.astieks.com\/et\/wp-json\/wp\/v2\/product\/20026\/revisions"}],"predecessor-version":[{"id":20459,"href":"https:\/\/store.astieks.com\/et\/wp-json\/wp\/v2\/product\/20026\/revisions\/20459"}],"wp:featuredmedia":[{"embeddable":true,"href":"https:\/\/store.astieks.com\/et\/wp-json\/wp\/v2\/media\/17395"}],"wp:attachment":[{"href":"https:\/\/store.astieks.com\/et\/wp-json\/wp\/v2\/media?parent=20026"}],"wp:term":[{"taxonomy":"product_brand","embeddable":true,"href":"https:\/\/store.astieks.com\/et\/wp-json\/wp\/v2\/product_brand?post=20026"},{"taxonomy":"product_cat","embeddable":true,"href":"https:\/\/store.astieks.com\/et\/wp-json\/wp\/v2\/product_cat?post=20026"},{"taxonomy":"product_tag","embeddable":true,"href":"https:\/\/store.astieks.com\/et\/wp-json\/wp\/v2\/product_tag?post=20026"}],"curies":[{"name":"wp","href":"https:\/\/api.w.org\/{rel}","templated":true}]}}