{"id":20023,"date":"2025-09-25T15:58:14","date_gmt":"2025-09-25T13:58:14","guid":{"rendered":"https:\/\/store.astieks.com\/product\/trudon-the-diffuser-versailles-garden-in-spring-300-ml\/"},"modified":"2025-09-25T15:58:14","modified_gmt":"2025-09-25T13:58:14","slug":"trudon-the-diffuser-versailles-garden-in-spring-300-ml","status":"publish","type":"product","link":"https:\/\/store.astieks.com\/et\/product\/trudon-the-diffuser-versailles-garden-in-spring-300-ml\/","title":{"rendered":"TRUDON Versailles&#8217; aed kevadel 300ml t\u00e4itepudel"},"content":{"rendered":"<p>Prantsuse aedade kevadist akordi kvintessentsiks nimetav akord, mis on nii lilleline kui ka v\u00e4rskendav.<br \/>L\u00f5hnap\u00fcramiid<br \/>Peamised noodid<br \/>\nPojengid, m\u00fcndi looduslik essents, t\u00fc\u00fcmiani\u00f5is<br \/>\nS\u00fcdame noodid<br \/>\nRosmariini looduslik essents, p\u00e4rn, tuberoosi absoluut<br \/>\nP\u00f5hinoodid<br \/>\nKuslapuu, looduslik taaskasutatud tammepuit, sinine iiris<\/p>\n","protected":false},"excerpt":{"rendered":"<p>Le Diffuseur Versailles&#8217; t\u00e4itepakend.<br \/>Komplekt koosneb 300 ml pudelist, mis sisaldab l\u00f5hnaainet, ja 8 naturaalsest mustast rotangist pulka.<br \/>T\u00e4itepakend v\u00f5imaldab 3\u20134 kuud kestvat passiivset hajumist.<\/p>\n","protected":false},"featured_media":17425,"template":"","meta":{"_acf_changed":false},"product_brand":[492],"product_cat":[253,245],"product_tag":[],"class_list":{"0":"post-20023","1":"product","2":"type-product","3":"status-publish","4":"has-post-thumbnail","6":"product_brand-trudon-et","7":"product_cat-difuuserid","8":"product_cat-kodulohnad","9":"nt-post-class","10":"","16":"first","17":"instock","18":"taxable","19":"shipping-taxable","20":"purchasable","21":"product-type-simple"},"acf":[],"_links":{"self":[{"href":"https:\/\/store.astieks.com\/et\/wp-json\/wp\/v2\/product\/20023","targetHints":{"allow":["GET"]}}],"collection":[{"href":"https:\/\/store.astieks.com\/et\/wp-json\/wp\/v2\/product"}],"about":[{"href":"https:\/\/store.astieks.com\/et\/wp-json\/wp\/v2\/types\/product"}],"version-history":[{"count":0,"href":"https:\/\/store.astieks.com\/et\/wp-json\/wp\/v2\/product\/20023\/revisions"}],"wp:featuredmedia":[{"embeddable":true,"href":"https:\/\/store.astieks.com\/et\/wp-json\/wp\/v2\/media\/17425"}],"wp:attachment":[{"href":"https:\/\/store.astieks.com\/et\/wp-json\/wp\/v2\/media?parent=20023"}],"wp:term":[{"taxonomy":"product_brand","embeddable":true,"href":"https:\/\/store.astieks.com\/et\/wp-json\/wp\/v2\/product_brand?post=20023"},{"taxonomy":"product_cat","embeddable":true,"href":"https:\/\/store.astieks.com\/et\/wp-json\/wp\/v2\/product_cat?post=20023"},{"taxonomy":"product_tag","embeddable":true,"href":"https:\/\/store.astieks.com\/et\/wp-json\/wp\/v2\/product_tag?post=20023"}],"curies":[{"name":"wp","href":"https:\/\/api.w.org\/{rel}","templated":true}]}}