{"id":20021,"date":"2025-09-25T16:30:01","date_gmt":"2025-09-25T14:30:01","guid":{"rendered":"https:\/\/store.astieks.com\/product\/trudon-vesta-the-alabasters-fruity-chypre-refill\/"},"modified":"2026-03-27T14:34:51","modified_gmt":"2026-03-27T12:34:51","slug":"trudon-vesta-the-alabasters-fruity-chypre-refill","status":"publish","type":"product","link":"https:\/\/store.astieks.com\/et\/product\/trudon-vesta-the-alabasters-fruity-chypre-refill\/","title":{"rendered":"TRUDON Vesta The Alabasters Fruity chypre t\u00e4itepakend"},"content":{"rendered":"<p>TRUDON Vesta Alabasters Fruity chypre t\u00e4itelahus<br \/>Puuviljase \u0161ipreakordiga parf\u00fc\u00fcm tugineb lillelisele k\u00fcljele roosi, freesia ja jasmiini nootidega, mida pehmendavad veelgi palsamit meenutavad muskuselised baasnoodid. Sambla ja mandariini rohelisemad noodid annavad parf\u00fc\u00fcmile helendava ja kristallilise tasakaalu. V\u00e4rske ja lilleline l\u00f5hn peegeldab alabastrianuma l\u00e4bipaistvust, mis s\u00fcttib, luues sooja halo: Vesta vihjab helendavale kohalolekule.  <\/p>\n<p>P\u00f5lemisaeg: 55 kuni 60 tundi<\/p>\n<p>Aroomip\u00fcramiid<\/p>\n<p>Head Notes<br \/>\nBergamot, Labdanum, Moss<br \/>\nHeart Notes<br \/>\nFreesia, Jasmine, Rose<br \/>\nBase Notes<br \/>\nTangerine, Moss, Musk<\/p>\n","protected":false},"excerpt":{"rendered":"<div class=\"page-title-wrapper\">\n<p id=\"page-title-heading\" class=\"page-title\" aria-labelledby=\"page-title-heading toolbar-amount\"><strong><span class=\"base\" data-ui-id=\"page-title-wrapper\">Alabastrid ja nende t\u00e4ited<\/span><\/strong><\/p>\n<\/div>\n<div class=\"category-description\">\n<div data-content-type=\"row\" data-appearance=\"contained\" data-element=\"main\">\n<div data-enable-parallax=\"0\" data-parallax-speed=\"0.5\" data-background-images=\"{}\" data-element=\"inner\">\n<div data-content-type=\"html\" data-appearance=\"default\" data-element=\"main\">\n<div class=\"category-view\">\n<div class=\"category-description\">\n<p>Valge ja helendav Alabastrite kollektsioon \u00fchendab j\u00f5u ja elegantsi: Hispaanias \u00fchest plokist vormitud l\u00f5hnak\u00fc\u00fcnal paljastab alabastri valge mineraalsuse, \u00f5rnad soonid ja t\u00e4helepanuv\u00e4\u00e4rse peenuse.<\/p>\n<\/div>\n<\/div>\n<\/div>\n<\/div>\n<\/div>\n<\/div>\n<p>J\u00e4rgmine samm Trudoni j\u00e4tkusuutlikus l\u00e4henemisviisis. Alabastri kollektsiooni viie l\u00f5hna t\u00e4itepakendid on n\u00fc\u00fcd saadaval.<\/p>\n<p>T\u00e4nu t\u00e4itepudelile s\u00e4ilib v\u00e4\u00e4rtuslik alabastrist anum ja seda saab l\u00f5putult taaskasutada. Valguse ja aroomi kuma lummavad meeli. <\/p>\n","protected":false},"featured_media":17454,"template":"","meta":{"_acf_changed":false},"product_brand":[492],"product_cat":[245,249],"product_tag":[],"class_list":{"0":"post-20021","1":"product","2":"type-product","3":"status-publish","4":"has-post-thumbnail","6":"product_brand-trudon-et","7":"product_cat-kodulohnad","8":"product_cat-kuunlad","9":"nt-post-class","10":"","16":"first","17":"instock","18":"taxable","19":"shipping-taxable","20":"purchasable","21":"product-type-simple"},"acf":[],"_links":{"self":[{"href":"https:\/\/store.astieks.com\/et\/wp-json\/wp\/v2\/product\/20021","targetHints":{"allow":["GET"]}}],"collection":[{"href":"https:\/\/store.astieks.com\/et\/wp-json\/wp\/v2\/product"}],"about":[{"href":"https:\/\/store.astieks.com\/et\/wp-json\/wp\/v2\/types\/product"}],"version-history":[{"count":1,"href":"https:\/\/store.astieks.com\/et\/wp-json\/wp\/v2\/product\/20021\/revisions"}],"predecessor-version":[{"id":20457,"href":"https:\/\/store.astieks.com\/et\/wp-json\/wp\/v2\/product\/20021\/revisions\/20457"}],"wp:featuredmedia":[{"embeddable":true,"href":"https:\/\/store.astieks.com\/et\/wp-json\/wp\/v2\/media\/17454"}],"wp:attachment":[{"href":"https:\/\/store.astieks.com\/et\/wp-json\/wp\/v2\/media?parent=20021"}],"wp:term":[{"taxonomy":"product_brand","embeddable":true,"href":"https:\/\/store.astieks.com\/et\/wp-json\/wp\/v2\/product_brand?post=20021"},{"taxonomy":"product_cat","embeddable":true,"href":"https:\/\/store.astieks.com\/et\/wp-json\/wp\/v2\/product_cat?post=20021"},{"taxonomy":"product_tag","embeddable":true,"href":"https:\/\/store.astieks.com\/et\/wp-json\/wp\/v2\/product_tag?post=20021"}],"curies":[{"name":"wp","href":"https:\/\/api.w.org\/{rel}","templated":true}]}}