{"id":20011,"date":"2026-03-11T16:41:37","date_gmt":"2026-03-11T14:41:37","guid":{"rendered":"https:\/\/store.astieks.com\/product\/danhera-infinito-decanter-mini\/"},"modified":"2026-03-24T13:40:08","modified_gmt":"2026-03-24T11:40:08","slug":"danhera-infinito-decanter-mini","status":"publish","type":"product","link":"https:\/\/store.astieks.com\/et\/product\/danhera-infinito-decanter-mini\/","title":{"rendered":"DANHERA INFINITO Dekanter Mini 125 ML"},"content":{"rendered":"<p>L\u00f5hn INFINITO Decanter Minis, et alustada oma teekonda DANHERA legendaarsete parf\u00fc\u00fcmide maailma. Rafineeritud l\u00f5hnaaare, mida imetleda, armastada, kinkida.<\/p>\n<p>Puudutades maastikke, maa, mere ja silmapiiri harmooniline kohtumine on inspireerinud selle l\u00f5hna nime, mis jutustab Itaalia looduse l\u00f5pututest ja hingeminevatest paikadest.<\/p>\n<div class=\"head-accordion active\">Meeleline kogemus<\/div>\n<div class=\"text-accordion open\">\n<div class=\"caratteristiche\">\n<p>Silmapiir ja l\u00f5pmatus. Looduse inspireeriv j\u00f5ud kuulsaimate ooperite v\u00e4rssides. Maa ja metsade soe l\u00f5hn, mere terav ja intensiivne l\u00f5hn. \u00dchesuunaline teekond maitsete ja autentsete l\u00f5hnade vahele, mis j\u00e4\u00e4vad unustamatuks.   <\/p>\n<\/div>\n<\/div>\n<p>Peal\u00f5hn: bergamot, freesia, mandariin<\/p>\n<p><\/p>\n<p>S\u00fcdal\u00f5hn: nardo, viiruk, oudpuit<\/p>\n<p>P\u00f5hinoodid: vanill, ambra, pat\u0161uli<\/p>\n<ul>\n<li>Impero Aroomidiffusor125 ml<\/li>\n<li>Mikrofiibrist pulgad aroomidifuusori jaoks<\/li>\n<li>Prestige kinkekarp<\/li>\n<\/ul>\n","protected":false},"excerpt":{"rendered":"<p>L\u00f5hn INFINITO Decanter Minis, et alustada oma teekonda DANHERA legendaarsete parf\u00fc\u00fcmide maailma. Rafineeritud l\u00f5hnaaare, mida imetleda, armastada, kinkida. Puudutades maastikke, maa, mere ja silmapiiri harmooniline kohtumine on inspireerinud selle l\u00f5hna nime, mis jutustab Itaalia looduse l\u00f5pututest ja hingeminevatest paikadest. Meeleline kogemus Silmapiir ja l\u00f5pmatus. Looduse inspireeriv j\u00f5ud kuulsaimate ooperite v\u00e4rssides. Maa ja metsade soe l\u00f5hn,&#8230;<\/p>\n","protected":false},"featured_media":19955,"template":"","meta":{"_acf_changed":false},"product_brand":[483],"product_cat":[253,243,245],"product_tag":[],"class_list":{"0":"post-20011","1":"product","2":"type-product","3":"status-publish","4":"has-post-thumbnail","6":"product_brand-danhera-et","7":"product_cat-difuuserid","8":"product_cat-kingitused","9":"product_cat-kodulohnad","10":"nt-post-class","11":"","14":"excerpt-none","17":"first","18":"instock","19":"taxable","20":"shipping-taxable","21":"purchasable","22":"product-type-simple"},"acf":[],"_links":{"self":[{"href":"https:\/\/store.astieks.com\/et\/wp-json\/wp\/v2\/product\/20011","targetHints":{"allow":["GET"]}}],"collection":[{"href":"https:\/\/store.astieks.com\/et\/wp-json\/wp\/v2\/product"}],"about":[{"href":"https:\/\/store.astieks.com\/et\/wp-json\/wp\/v2\/types\/product"}],"version-history":[{"count":1,"href":"https:\/\/store.astieks.com\/et\/wp-json\/wp\/v2\/product\/20011\/revisions"}],"predecessor-version":[{"id":20262,"href":"https:\/\/store.astieks.com\/et\/wp-json\/wp\/v2\/product\/20011\/revisions\/20262"}],"wp:featuredmedia":[{"embeddable":true,"href":"https:\/\/store.astieks.com\/et\/wp-json\/wp\/v2\/media\/19955"}],"wp:attachment":[{"href":"https:\/\/store.astieks.com\/et\/wp-json\/wp\/v2\/media?parent=20011"}],"wp:term":[{"taxonomy":"product_brand","embeddable":true,"href":"https:\/\/store.astieks.com\/et\/wp-json\/wp\/v2\/product_brand?post=20011"},{"taxonomy":"product_cat","embeddable":true,"href":"https:\/\/store.astieks.com\/et\/wp-json\/wp\/v2\/product_cat?post=20011"},{"taxonomy":"product_tag","embeddable":true,"href":"https:\/\/store.astieks.com\/et\/wp-json\/wp\/v2\/product_tag?post=20011"}],"curies":[{"name":"wp","href":"https:\/\/api.w.org\/{rel}","templated":true}]}}