{"id":19997,"date":"2025-08-19T12:15:55","date_gmt":"2025-08-19T10:15:55","guid":{"rendered":"https:\/\/store.astieks.com\/product\/elfes-vase\/"},"modified":"2025-08-19T12:15:55","modified_gmt":"2025-08-19T10:15:55","slug":"elfes-vase","status":"publish","type":"product","link":"https:\/\/store.astieks.com\/et\/product\/elfes-vase\/","title":{"rendered":"LALIQUE Elfes vaas"},"content":{"rendered":"<ul>\n<li>L\u00e4bipaistev kristall<\/li>\n<li>K\u00e4sitsi valmistatud Prantsusmaal<\/li>\n<\/ul>\n","protected":false},"excerpt":{"rendered":"<p>Sssss\u2026Ole vait\u2026Kuula\u2026<br \/>Kas kuuled p\u00e4kapikute lummavat muusikat, kes tantsivad kellukeste metsas, kus nende v\u00f5lud ja loitsud teevad oma maagiat?<br \/>Metsikute l\u00f5hnade saatel, mis \u00f5hus h\u00f5ljuvad, k\u00f5igutavad nad k\u00f5lavaid kellukesi, et haldjaid koguda.<\/p>\n","protected":false},"featured_media":14606,"template":"","meta":{"_acf_changed":false},"product_brand":[647],"product_cat":[238,285,283],"product_tag":[],"class_list":{"0":"post-19997","1":"product","2":"type-product","3":"status-publish","4":"has-post-thumbnail","6":"product_brand-lalique","7":"product_cat-kodu-kaunistused","8":"product_cat-kristall","9":"product_cat-vaasid","10":"nt-post-class","11":"","17":"first","18":"instock","19":"taxable","20":"shipping-taxable","21":"purchasable","22":"product-type-simple"},"acf":[],"_links":{"self":[{"href":"https:\/\/store.astieks.com\/et\/wp-json\/wp\/v2\/product\/19997","targetHints":{"allow":["GET"]}}],"collection":[{"href":"https:\/\/store.astieks.com\/et\/wp-json\/wp\/v2\/product"}],"about":[{"href":"https:\/\/store.astieks.com\/et\/wp-json\/wp\/v2\/types\/product"}],"version-history":[{"count":0,"href":"https:\/\/store.astieks.com\/et\/wp-json\/wp\/v2\/product\/19997\/revisions"}],"wp:featuredmedia":[{"embeddable":true,"href":"https:\/\/store.astieks.com\/et\/wp-json\/wp\/v2\/media\/14606"}],"wp:attachment":[{"href":"https:\/\/store.astieks.com\/et\/wp-json\/wp\/v2\/media?parent=19997"}],"wp:term":[{"taxonomy":"product_brand","embeddable":true,"href":"https:\/\/store.astieks.com\/et\/wp-json\/wp\/v2\/product_brand?post=19997"},{"taxonomy":"product_cat","embeddable":true,"href":"https:\/\/store.astieks.com\/et\/wp-json\/wp\/v2\/product_cat?post=19997"},{"taxonomy":"product_tag","embeddable":true,"href":"https:\/\/store.astieks.com\/et\/wp-json\/wp\/v2\/product_tag?post=19997"}],"curies":[{"name":"wp","href":"https:\/\/api.w.org\/{rel}","templated":true}]}}